{"id":129106,"date":"2026-05-07T03:52:23","date_gmt":"2026-05-07T06:52:23","guid":{"rendered":"https:\/\/www.hediyepazar.com\/?product=katlanabilir-tablet-standi-ayarlanabilir-kaymaz-seffaf-tasarim"},"modified":"2026-05-07T03:52:23","modified_gmt":"2026-05-07T06:52:23","slug":"katlanabilir-tablet-standi-ayarlanabilir-kaymaz-seffaf-tasarim","status":"publish","type":"product","link":"https:\/\/www.hediyepazar.com\/?product=katlanabilir-tablet-standi-ayarlanabilir-kaymaz-seffaf-tasarim","title":{"rendered":"Katlanabilir Tablet Stand\u0131 Ayarlanabilir Kaymaz \u015eeffaf Tasar\u0131m"},"content":{"rendered":"<p>Evrensel tablet destek masas\u0131 braketi, oyun oynamak, video izlemek ve g\u00fcnl\u00fck kullan\u0131m i\u00e7in pratik bir \u00e7\u00f6z\u00fcm sunar. Y\u00fcksek kaliteli ve dayan\u0131kl\u0131 malzemelerden \u00fcretilmi\u015f yap\u0131s\u0131 sayesinde uzun s\u00fcreli kullan\u0131ma uygundur. \u015eeffaf ve modern tasar\u0131m\u0131 masa\u00fcst\u00fc esteti\u011fini bozmaz. \u00c7evre dostu silikon kaymaz y\u00fczeyi, tabletin sabit durmas\u0131n\u0131 sa\u011flar ve kaymay\u0131 \u00f6nler. Evde, ofiste veya seyahatte rahatl\u0131kla kullan\u0131labilir.<\/p>\n","protected":false},"excerpt":{"rendered":"<p>Evrensel tablet destek masas\u0131 braketi, oyun oynamak, video izlemek ve g\u00fcnl\u00fck kullan\u0131m i\u00e7in pratik bir \u00e7\u00f6z\u00fcm sunar. Y\u00fcksek kaliteli ve dayan\u0131kl\u0131 malzemelerden \u00fcretilmi\u015f yap\u0131s\u0131 sayesinde uzun s\u00fcreli kullan\u0131ma uygundur. \u015eeffaf ve modern tasar\u0131m\u0131 masa\u00fcst\u00fc esteti\u011fini bozmaz. \u00c7evre dostu silikon kaymaz y\u00fczeyi, tabletin sabit durmas\u0131n\u0131 sa\u011flar ve kaymay\u0131 \u00f6nler. Evde, ofiste veya seyahatte rahatl\u0131kla kullan\u0131labilir.<\/p>\n","protected":false},"featured_media":129105,"comment_status":"open","ping_status":"closed","template":"","meta":{"_kad_post_transparent":"","_kad_post_title":"","_kad_post_layout":"","_kad_post_sidebar_id":"","_kad_post_content_style":"","_kad_post_vertical_padding":"","_kad_post_feature":"","_kad_post_feature_position":"","_kad_post_header":false,"_kad_post_footer":false,"_kad_post_classname":""},"product_brand":[],"product_cat":[14983],"product_tag":[],"class_list":{"0":"post-129106","1":"product","2":"type-product","3":"status-publish","4":"has-post-thumbnail","6":"product_cat-telefon-tutucu-telefon-tutucu","8":"first","9":"instock","10":"purchasable","11":"product-type-simple","12":"entry","13":"content-bg","14":"loop-entry"},"_links":{"self":[{"href":"https:\/\/www.hediyepazar.com\/index.php?rest_route=\/wp\/v2\/product\/129106","targetHints":{"allow":["GET"]}}],"collection":[{"href":"https:\/\/www.hediyepazar.com\/index.php?rest_route=\/wp\/v2\/product"}],"about":[{"href":"https:\/\/www.hediyepazar.com\/index.php?rest_route=\/wp\/v2\/types\/product"}],"replies":[{"embeddable":true,"href":"https:\/\/www.hediyepazar.com\/index.php?rest_route=%2Fwp%2Fv2%2Fcomments&post=129106"}],"wp:featuredmedia":[{"embeddable":true,"href":"https:\/\/www.hediyepazar.com\/index.php?rest_route=\/wp\/v2\/media\/129105"}],"wp:attachment":[{"href":"https:\/\/www.hediyepazar.com\/index.php?rest_route=%2Fwp%2Fv2%2Fmedia&parent=129106"}],"wp:term":[{"taxonomy":"product_brand","embeddable":true,"href":"https:\/\/www.hediyepazar.com\/index.php?rest_route=%2Fwp%2Fv2%2Fproduct_brand&post=129106"},{"taxonomy":"product_cat","embeddable":true,"href":"https:\/\/www.hediyepazar.com\/index.php?rest_route=%2Fwp%2Fv2%2Fproduct_cat&post=129106"},{"taxonomy":"product_tag","embeddable":true,"href":"https:\/\/www.hediyepazar.com\/index.php?rest_route=%2Fwp%2Fv2%2Fproduct_tag&post=129106"}],"curies":[{"name":"wp","href":"https:\/\/api.w.org\/{rel}","templated":true}]}}