{"id":129108,"date":"2026-05-07T03:52:33","date_gmt":"2026-05-07T06:52:33","guid":{"rendered":"https:\/\/www.hediyepazar.com\/?product=sessiz-donen-kilitli-mobilya-tekerlegi-4-cm"},"modified":"2026-05-07T03:52:33","modified_gmt":"2026-05-07T06:52:33","slug":"sessiz-donen-kilitli-mobilya-tekerlegi-4-cm","status":"publish","type":"product","link":"https:\/\/www.hediyepazar.com\/?product=sessiz-donen-kilitli-mobilya-tekerlegi-4-cm","title":{"rendered":"Sessiz D\u00f6nen Kilitli Mobilya Tekerle\u011fi 4 cm"},"content":{"rendered":"<p>4 cm kilitli evrensel tekerlek, yumu\u015fak ve sessiz hareket gerektiren mobilyalar i\u00e7in tasarlanm\u0131\u015ft\u0131r. Kilit \u00f6zelli\u011fi sayesinde dolap ve raf gibi \u00fcr\u00fcnler g\u00fcvenle sabitlenebilir. K\u00fc\u00e7\u00fck ama g\u00fc\u00e7l\u00fc yap\u0131s\u0131 ile ta\u015f\u0131ma kapasitesi y\u00fcksektir. Kurulumu kolayd\u0131r ve kullan\u0131c\u0131 dostudur. Ev, ofis ve ticari alanlarda \u00e7ok y\u00f6nl\u00fc kullan\u0131m sunar.<\/p>\n","protected":false},"excerpt":{"rendered":"<p>4 cm kilitli evrensel tekerlek, yumu\u015fak ve sessiz hareket gerektiren mobilyalar i\u00e7in tasarlanm\u0131\u015ft\u0131r. Kilit \u00f6zelli\u011fi sayesinde dolap ve raf gibi \u00fcr\u00fcnler g\u00fcvenle sabitlenebilir. K\u00fc\u00e7\u00fck ama g\u00fc\u00e7l\u00fc yap\u0131s\u0131 ile ta\u015f\u0131ma kapasitesi y\u00fcksektir. Kurulumu kolayd\u0131r ve kullan\u0131c\u0131 dostudur. Ev, ofis ve ticari alanlarda \u00e7ok y\u00f6nl\u00fc kullan\u0131m sunar.<\/p>\n","protected":false},"featured_media":129107,"comment_status":"open","ping_status":"closed","template":"","meta":{"_kad_post_transparent":"","_kad_post_title":"","_kad_post_layout":"","_kad_post_sidebar_id":"","_kad_post_content_style":"","_kad_post_vertical_padding":"","_kad_post_feature":"","_kad_post_feature_position":"","_kad_post_header":false,"_kad_post_footer":false,"_kad_post_classname":""},"product_brand":[],"product_cat":[15340],"product_tag":[],"class_list":{"0":"post-129108","1":"product","2":"type-product","3":"status-publish","4":"has-post-thumbnail","6":"product_cat-masa-ayagi-masa-ayagi","8":"first","9":"instock","10":"purchasable","11":"product-type-simple","12":"entry","13":"content-bg","14":"loop-entry"},"_links":{"self":[{"href":"https:\/\/www.hediyepazar.com\/index.php?rest_route=\/wp\/v2\/product\/129108","targetHints":{"allow":["GET"]}}],"collection":[{"href":"https:\/\/www.hediyepazar.com\/index.php?rest_route=\/wp\/v2\/product"}],"about":[{"href":"https:\/\/www.hediyepazar.com\/index.php?rest_route=\/wp\/v2\/types\/product"}],"replies":[{"embeddable":true,"href":"https:\/\/www.hediyepazar.com\/index.php?rest_route=%2Fwp%2Fv2%2Fcomments&post=129108"}],"wp:featuredmedia":[{"embeddable":true,"href":"https:\/\/www.hediyepazar.com\/index.php?rest_route=\/wp\/v2\/media\/129107"}],"wp:attachment":[{"href":"https:\/\/www.hediyepazar.com\/index.php?rest_route=%2Fwp%2Fv2%2Fmedia&parent=129108"}],"wp:term":[{"taxonomy":"product_brand","embeddable":true,"href":"https:\/\/www.hediyepazar.com\/index.php?rest_route=%2Fwp%2Fv2%2Fproduct_brand&post=129108"},{"taxonomy":"product_cat","embeddable":true,"href":"https:\/\/www.hediyepazar.com\/index.php?rest_route=%2Fwp%2Fv2%2Fproduct_cat&post=129108"},{"taxonomy":"product_tag","embeddable":true,"href":"https:\/\/www.hediyepazar.com\/index.php?rest_route=%2Fwp%2Fv2%2Fproduct_tag&post=129108"}],"curies":[{"name":"wp","href":"https:\/\/api.w.org\/{rel}","templated":true}]}}