{"id":129110,"date":"2026-05-07T03:54:03","date_gmt":"2026-05-07T06:54:03","guid":{"rendered":"https:\/\/www.hediyepazar.com\/?product=dolap-ve-raflar-icin-4-cm-kilitli-tekerlek-tekli"},"modified":"2026-05-07T03:54:03","modified_gmt":"2026-05-07T06:54:03","slug":"dolap-ve-raflar-icin-4-cm-kilitli-tekerlek-tekli","status":"publish","type":"product","link":"https:\/\/www.hediyepazar.com\/?product=dolap-ve-raflar-icin-4-cm-kilitli-tekerlek-tekli","title":{"rendered":"Dolap ve Raflar \u0130\u00e7in 4 cm Kilitli Tekerlek Tekli"},"content":{"rendered":"<p>Bu kilitli mobilya tekerle\u011fi, esnek ve g\u00fcvenli yap\u0131s\u0131yla farkl\u0131 kullan\u0131m alanlar\u0131na uyum sa\u011flar. Y\u00fcksek kaliteli plastik g\u00f6vdesi deformasyona kar\u015f\u0131 dayan\u0131kl\u0131d\u0131r ve s\u0131k de\u011fi\u015ftirme ihtiyac\u0131n\u0131 ortadan kald\u0131r\u0131r. 360\u00b0 d\u00f6ner mekanizmas\u0131 sayesinde dar alanlarda bile rahat manevra sa\u011flar. Sessiz yuvarlanma \u00f6zelli\u011fi ile g\u00fcnl\u00fck kullan\u0131mda konfor sunar.<\/p>\n","protected":false},"excerpt":{"rendered":"<p>Bu kilitli mobilya tekerle\u011fi, esnek ve g\u00fcvenli yap\u0131s\u0131yla farkl\u0131 kullan\u0131m alanlar\u0131na uyum sa\u011flar. Y\u00fcksek kaliteli plastik g\u00f6vdesi deformasyona kar\u015f\u0131 dayan\u0131kl\u0131d\u0131r ve s\u0131k de\u011fi\u015ftirme ihtiyac\u0131n\u0131 ortadan kald\u0131r\u0131r. 360\u00b0 d\u00f6ner mekanizmas\u0131 sayesinde dar alanlarda bile rahat manevra sa\u011flar. Sessiz yuvarlanma \u00f6zelli\u011fi ile g\u00fcnl\u00fck kullan\u0131mda konfor sunar.<\/p>\n","protected":false},"featured_media":129109,"comment_status":"open","ping_status":"closed","template":"","meta":{"_kad_post_transparent":"","_kad_post_title":"","_kad_post_layout":"","_kad_post_sidebar_id":"","_kad_post_content_style":"","_kad_post_vertical_padding":"","_kad_post_feature":"","_kad_post_feature_position":"","_kad_post_header":false,"_kad_post_footer":false,"_kad_post_classname":""},"product_brand":[],"product_cat":[15340],"product_tag":[],"class_list":{"0":"post-129110","1":"product","2":"type-product","3":"status-publish","4":"has-post-thumbnail","6":"product_cat-masa-ayagi-masa-ayagi","8":"first","9":"instock","10":"purchasable","11":"product-type-simple","12":"entry","13":"content-bg","14":"loop-entry"},"_links":{"self":[{"href":"https:\/\/www.hediyepazar.com\/index.php?rest_route=\/wp\/v2\/product\/129110","targetHints":{"allow":["GET"]}}],"collection":[{"href":"https:\/\/www.hediyepazar.com\/index.php?rest_route=\/wp\/v2\/product"}],"about":[{"href":"https:\/\/www.hediyepazar.com\/index.php?rest_route=\/wp\/v2\/types\/product"}],"replies":[{"embeddable":true,"href":"https:\/\/www.hediyepazar.com\/index.php?rest_route=%2Fwp%2Fv2%2Fcomments&post=129110"}],"wp:featuredmedia":[{"embeddable":true,"href":"https:\/\/www.hediyepazar.com\/index.php?rest_route=\/wp\/v2\/media\/129109"}],"wp:attachment":[{"href":"https:\/\/www.hediyepazar.com\/index.php?rest_route=%2Fwp%2Fv2%2Fmedia&parent=129110"}],"wp:term":[{"taxonomy":"product_brand","embeddable":true,"href":"https:\/\/www.hediyepazar.com\/index.php?rest_route=%2Fwp%2Fv2%2Fproduct_brand&post=129110"},{"taxonomy":"product_cat","embeddable":true,"href":"https:\/\/www.hediyepazar.com\/index.php?rest_route=%2Fwp%2Fv2%2Fproduct_cat&post=129110"},{"taxonomy":"product_tag","embeddable":true,"href":"https:\/\/www.hediyepazar.com\/index.php?rest_route=%2Fwp%2Fv2%2Fproduct_tag&post=129110"}],"curies":[{"name":"wp","href":"https:\/\/api.w.org\/{rel}","templated":true}]}}