{"id":129112,"date":"2026-05-07T03:54:11","date_gmt":"2026-05-07T06:54:11","guid":{"rendered":"https:\/\/www.hediyepazar.com\/?product=4-cm-kilit-mekanizmali-mobilya-ayagi-tekli"},"modified":"2026-05-07T03:54:11","modified_gmt":"2026-05-07T06:54:11","slug":"4-cm-kilit-mekanizmali-mobilya-ayagi-tekli","status":"publish","type":"product","link":"https:\/\/www.hediyepazar.com\/?product=4-cm-kilit-mekanizmali-mobilya-ayagi-tekli","title":{"rendered":"4 cm Kilit Mekanizmal\u0131 Mobilya Aya\u011f\u0131 Tekli"},"content":{"rendered":"<p>4 cm kilitli tekerlek ayak, k\u00fc\u00e7\u00fck ebat\u0131na ra\u011fmen sa\u011flam yap\u0131s\u0131 ile g\u00fcvenilir performans sunar. Yerle\u015fik yatak sistemi sayesinde sessiz ve p\u00fcr\u00fczs\u00fcz hareket eder. Kilit mekanizmas\u0131 ile hareket ve sabitleme ihtiyac\u0131n\u0131 bir arada kar\u015f\u0131lar. Dolaplar, arabalar ve di\u011fer mobilya \u00fcnitelerinde rahatl\u0131kla kullan\u0131labilir. Tekli sat\u0131\u015f avantaj\u0131 sayesinde ihtiyac\u0131n\u0131z kadar adet alabilirsiniz.<\/p>\n","protected":false},"excerpt":{"rendered":"<p>4 cm kilitli tekerlek ayak, k\u00fc\u00e7\u00fck ebat\u0131na ra\u011fmen sa\u011flam yap\u0131s\u0131 ile g\u00fcvenilir performans sunar. Yerle\u015fik yatak sistemi sayesinde sessiz ve p\u00fcr\u00fczs\u00fcz hareket eder. Kilit mekanizmas\u0131 ile hareket ve sabitleme ihtiyac\u0131n\u0131 bir arada kar\u015f\u0131lar. Dolaplar, arabalar ve di\u011fer mobilya \u00fcnitelerinde rahatl\u0131kla kullan\u0131labilir. Tekli sat\u0131\u015f avantaj\u0131 sayesinde ihtiyac\u0131n\u0131z kadar adet alabilirsiniz.<\/p>\n","protected":false},"featured_media":129111,"comment_status":"open","ping_status":"closed","template":"","meta":{"_kad_post_transparent":"","_kad_post_title":"","_kad_post_layout":"","_kad_post_sidebar_id":"","_kad_post_content_style":"","_kad_post_vertical_padding":"","_kad_post_feature":"","_kad_post_feature_position":"","_kad_post_header":false,"_kad_post_footer":false,"_kad_post_classname":""},"product_brand":[],"product_cat":[15340],"product_tag":[],"class_list":{"0":"post-129112","1":"product","2":"type-product","3":"status-publish","4":"has-post-thumbnail","6":"product_cat-masa-ayagi-masa-ayagi","8":"first","9":"instock","10":"purchasable","11":"product-type-simple","12":"entry","13":"content-bg","14":"loop-entry"},"_links":{"self":[{"href":"https:\/\/www.hediyepazar.com\/index.php?rest_route=\/wp\/v2\/product\/129112","targetHints":{"allow":["GET"]}}],"collection":[{"href":"https:\/\/www.hediyepazar.com\/index.php?rest_route=\/wp\/v2\/product"}],"about":[{"href":"https:\/\/www.hediyepazar.com\/index.php?rest_route=\/wp\/v2\/types\/product"}],"replies":[{"embeddable":true,"href":"https:\/\/www.hediyepazar.com\/index.php?rest_route=%2Fwp%2Fv2%2Fcomments&post=129112"}],"wp:featuredmedia":[{"embeddable":true,"href":"https:\/\/www.hediyepazar.com\/index.php?rest_route=\/wp\/v2\/media\/129111"}],"wp:attachment":[{"href":"https:\/\/www.hediyepazar.com\/index.php?rest_route=%2Fwp%2Fv2%2Fmedia&parent=129112"}],"wp:term":[{"taxonomy":"product_brand","embeddable":true,"href":"https:\/\/www.hediyepazar.com\/index.php?rest_route=%2Fwp%2Fv2%2Fproduct_brand&post=129112"},{"taxonomy":"product_cat","embeddable":true,"href":"https:\/\/www.hediyepazar.com\/index.php?rest_route=%2Fwp%2Fv2%2Fproduct_cat&post=129112"},{"taxonomy":"product_tag","embeddable":true,"href":"https:\/\/www.hediyepazar.com\/index.php?rest_route=%2Fwp%2Fv2%2Fproduct_tag&post=129112"}],"curies":[{"name":"wp","href":"https:\/\/api.w.org\/{rel}","templated":true}]}}