{"id":129114,"date":"2026-05-07T03:54:17","date_gmt":"2026-05-07T06:54:17","guid":{"rendered":"https:\/\/www.hediyepazar.com\/?product=kilitli-4-cm-evrensel-tekerlek-ayak-tek-adet"},"modified":"2026-05-07T03:54:17","modified_gmt":"2026-05-07T06:54:17","slug":"kilitli-4-cm-evrensel-tekerlek-ayak-tek-adet","status":"publish","type":"product","link":"https:\/\/www.hediyepazar.com\/?product=kilitli-4-cm-evrensel-tekerlek-ayak-tek-adet","title":{"rendered":"Kilitli 4 cm Evrensel Tekerlek Ayak Tek Adet"},"content":{"rendered":"<p>Bu kilitli 4 cm evrensel tekerlek, 360 derece d\u00f6nebilen yap\u0131s\u0131 sayesinde \u00e7ok y\u00f6nl\u00fc hareket kabiliyeti sunar. Sessiz \u00e7al\u0131\u015fmas\u0131, ev ve ofis ortamlar\u0131nda konforlu kullan\u0131m sa\u011flar. Kilit sistemi, mobilyan\u0131n sabit durmas\u0131 gereken durumlarda ekstra g\u00fcvenlik sa\u011flar. Dayan\u0131kl\u0131 ve esnek yap\u0131s\u0131 sayesinde uzun s\u00fcreli kullan\u0131m sunar. Kolay kurulum \u00f6zelli\u011fi ile pratik \u015fekilde monte edilebilir.<\/p>\n","protected":false},"excerpt":{"rendered":"<p>Bu kilitli 4 cm evrensel tekerlek, 360 derece d\u00f6nebilen yap\u0131s\u0131 sayesinde \u00e7ok y\u00f6nl\u00fc hareket kabiliyeti sunar. Sessiz \u00e7al\u0131\u015fmas\u0131, ev ve ofis ortamlar\u0131nda konforlu kullan\u0131m sa\u011flar. Kilit sistemi, mobilyan\u0131n sabit durmas\u0131 gereken durumlarda ekstra g\u00fcvenlik sa\u011flar. Dayan\u0131kl\u0131 ve esnek yap\u0131s\u0131 sayesinde uzun s\u00fcreli kullan\u0131m sunar. Kolay kurulum \u00f6zelli\u011fi ile pratik \u015fekilde monte edilebilir.<\/p>\n","protected":false},"featured_media":129113,"comment_status":"open","ping_status":"closed","template":"","meta":{"_kad_post_transparent":"","_kad_post_title":"","_kad_post_layout":"","_kad_post_sidebar_id":"","_kad_post_content_style":"","_kad_post_vertical_padding":"","_kad_post_feature":"","_kad_post_feature_position":"","_kad_post_header":false,"_kad_post_footer":false,"_kad_post_classname":""},"product_brand":[],"product_cat":[15340],"product_tag":[],"class_list":{"0":"post-129114","1":"product","2":"type-product","3":"status-publish","4":"has-post-thumbnail","6":"product_cat-masa-ayagi-masa-ayagi","8":"first","9":"instock","10":"purchasable","11":"product-type-simple","12":"entry","13":"content-bg","14":"loop-entry"},"_links":{"self":[{"href":"https:\/\/www.hediyepazar.com\/index.php?rest_route=\/wp\/v2\/product\/129114","targetHints":{"allow":["GET"]}}],"collection":[{"href":"https:\/\/www.hediyepazar.com\/index.php?rest_route=\/wp\/v2\/product"}],"about":[{"href":"https:\/\/www.hediyepazar.com\/index.php?rest_route=\/wp\/v2\/types\/product"}],"replies":[{"embeddable":true,"href":"https:\/\/www.hediyepazar.com\/index.php?rest_route=%2Fwp%2Fv2%2Fcomments&post=129114"}],"wp:featuredmedia":[{"embeddable":true,"href":"https:\/\/www.hediyepazar.com\/index.php?rest_route=\/wp\/v2\/media\/129113"}],"wp:attachment":[{"href":"https:\/\/www.hediyepazar.com\/index.php?rest_route=%2Fwp%2Fv2%2Fmedia&parent=129114"}],"wp:term":[{"taxonomy":"product_brand","embeddable":true,"href":"https:\/\/www.hediyepazar.com\/index.php?rest_route=%2Fwp%2Fv2%2Fproduct_brand&post=129114"},{"taxonomy":"product_cat","embeddable":true,"href":"https:\/\/www.hediyepazar.com\/index.php?rest_route=%2Fwp%2Fv2%2Fproduct_cat&post=129114"},{"taxonomy":"product_tag","embeddable":true,"href":"https:\/\/www.hediyepazar.com\/index.php?rest_route=%2Fwp%2Fv2%2Fproduct_tag&post=129114"}],"curies":[{"name":"wp","href":"https:\/\/api.w.org\/{rel}","templated":true}]}}