{"id":129118,"date":"2026-05-07T03:56:00","date_gmt":"2026-05-07T06:56:00","guid":{"rendered":"https:\/\/www.hediyepazar.com\/?product=sehpa-ve-ekipmanlar-icin-4-cm-kilitsiz-ayak-tekli"},"modified":"2026-05-07T03:56:00","modified_gmt":"2026-05-07T06:56:00","slug":"sehpa-ve-ekipmanlar-icin-4-cm-kilitsiz-ayak-tekli","status":"publish","type":"product","link":"https:\/\/www.hediyepazar.com\/?product=sehpa-ve-ekipmanlar-icin-4-cm-kilitsiz-ayak-tekli","title":{"rendered":"Sehpa ve Ekipmanlar \u0130\u00e7in 4 cm Kilitsiz Ayak Tekli"},"content":{"rendered":"<p>Mobilya ve ekipmanlar i\u00e7in tasarlanan bu 4 cm kilitsiz ayak, dayan\u0131kl\u0131 yap\u0131s\u0131 ile uzun s\u00fcre performans sa\u011flar. Zeminde sessiz hareket eder ve kullan\u0131m konforu sunar. Kilit sistemi bulunmad\u0131\u011f\u0131ndan s\u00fcrekli yer de\u011fi\u015ftiren \u00fcr\u00fcnlerde rahatl\u0131kla kullan\u0131labilir. Ev ve i\u015f yerlerinde \u00e7ok y\u00f6nl\u00fc kullan\u0131m alan\u0131na sahiptir. Hafif mobilyalar i\u00e7in uygundur; a\u011f\u0131r koltuk ve sandalyelerde kullan\u0131lmas\u0131 \u00f6nerilmez. Tekli sat\u0131\u015f se\u00e7ene\u011fi ile esnek al\u0131\u015fveri\u015f imk\u00e2n\u0131 sunar.<\/p>\n","protected":false},"excerpt":{"rendered":"<p>Mobilya ve ekipmanlar i\u00e7in tasarlanan bu 4 cm kilitsiz ayak, dayan\u0131kl\u0131 yap\u0131s\u0131 ile uzun s\u00fcre performans sa\u011flar. Zeminde sessiz hareket eder ve kullan\u0131m konforu sunar. Kilit sistemi bulunmad\u0131\u011f\u0131ndan s\u00fcrekli yer de\u011fi\u015ftiren \u00fcr\u00fcnlerde rahatl\u0131kla kullan\u0131labilir. Ev ve i\u015f yerlerinde \u00e7ok y\u00f6nl\u00fc kullan\u0131m alan\u0131na sahiptir. Hafif mobilyalar i\u00e7in uygundur; a\u011f\u0131r koltuk ve sandalyelerde kullan\u0131lmas\u0131 \u00f6nerilmez. Tekli sat\u0131\u015f&#8230;<\/p>\n","protected":false},"featured_media":129117,"comment_status":"open","ping_status":"closed","template":"","meta":{"_kad_post_transparent":"","_kad_post_title":"","_kad_post_layout":"","_kad_post_sidebar_id":"","_kad_post_content_style":"","_kad_post_vertical_padding":"","_kad_post_feature":"","_kad_post_feature_position":"","_kad_post_header":false,"_kad_post_footer":false,"_kad_post_classname":""},"product_brand":[],"product_cat":[15340],"product_tag":[],"class_list":{"0":"post-129118","1":"product","2":"type-product","3":"status-publish","4":"has-post-thumbnail","6":"product_cat-masa-ayagi-masa-ayagi","8":"first","9":"instock","10":"purchasable","11":"product-type-simple","12":"entry","13":"content-bg","14":"loop-entry"},"_links":{"self":[{"href":"https:\/\/www.hediyepazar.com\/index.php?rest_route=\/wp\/v2\/product\/129118","targetHints":{"allow":["GET"]}}],"collection":[{"href":"https:\/\/www.hediyepazar.com\/index.php?rest_route=\/wp\/v2\/product"}],"about":[{"href":"https:\/\/www.hediyepazar.com\/index.php?rest_route=\/wp\/v2\/types\/product"}],"replies":[{"embeddable":true,"href":"https:\/\/www.hediyepazar.com\/index.php?rest_route=%2Fwp%2Fv2%2Fcomments&post=129118"}],"wp:featuredmedia":[{"embeddable":true,"href":"https:\/\/www.hediyepazar.com\/index.php?rest_route=\/wp\/v2\/media\/129117"}],"wp:attachment":[{"href":"https:\/\/www.hediyepazar.com\/index.php?rest_route=%2Fwp%2Fv2%2Fmedia&parent=129118"}],"wp:term":[{"taxonomy":"product_brand","embeddable":true,"href":"https:\/\/www.hediyepazar.com\/index.php?rest_route=%2Fwp%2Fv2%2Fproduct_brand&post=129118"},{"taxonomy":"product_cat","embeddable":true,"href":"https:\/\/www.hediyepazar.com\/index.php?rest_route=%2Fwp%2Fv2%2Fproduct_cat&post=129118"},{"taxonomy":"product_tag","embeddable":true,"href":"https:\/\/www.hediyepazar.com\/index.php?rest_route=%2Fwp%2Fv2%2Fproduct_tag&post=129118"}],"curies":[{"name":"wp","href":"https:\/\/api.w.org\/{rel}","templated":true}]}}