{"id":129122,"date":"2026-05-07T03:56:15","date_gmt":"2026-05-07T06:56:15","guid":{"rendered":"https:\/\/www.hediyepazar.com\/?product=kilitsiz-4-cm-mobilya-ayagi-tek-adet-pratik-ve-dayanikli"},"modified":"2026-05-07T03:56:15","modified_gmt":"2026-05-07T06:56:15","slug":"kilitsiz-4-cm-mobilya-ayagi-tek-adet-pratik-ve-dayanikli","status":"publish","type":"product","link":"https:\/\/www.hediyepazar.com\/?product=kilitsiz-4-cm-mobilya-ayagi-tek-adet-pratik-ve-dayanikli","title":{"rendered":"Kilitsiz 4 cm Mobilya Aya\u011f\u0131 Tek Adet Pratik ve Dayan\u0131kl\u0131"},"content":{"rendered":"<p>Bu 4 cm \u00e7ap\u0131ndaki kilitsiz ayak, hafif mobilyalar ve ekipmanlar i\u00e7in pratik bir \u00e7\u00f6z\u00fcmd\u00fcr. Kolay kayan yap\u0131s\u0131 sayesinde masa, sehpa ve k\u00fc\u00e7\u00fck arabalar\u0131n ta\u015f\u0131nmas\u0131n\u0131 zahmetsiz hale getirir. Ergonomik ve sa\u011flam g\u00f6vdesi uzun s\u00fcreli kullan\u0131ma uygundur. Kilit mekanizmas\u0131 bulunmad\u0131\u011f\u0131ndan hareket k\u0131s\u0131tlamas\u0131 olmadan rahat kullan\u0131m sa\u011flar. Zemin dostu yap\u0131s\u0131 ile \u00e7izilme riskini azalt\u0131r. \u00dcr\u00fcn tek adet olarak g\u00f6nderilir.<\/p>\n","protected":false},"excerpt":{"rendered":"<p>Bu 4 cm \u00e7ap\u0131ndaki kilitsiz ayak, hafif mobilyalar ve ekipmanlar i\u00e7in pratik bir \u00e7\u00f6z\u00fcmd\u00fcr. Kolay kayan yap\u0131s\u0131 sayesinde masa, sehpa ve k\u00fc\u00e7\u00fck arabalar\u0131n ta\u015f\u0131nmas\u0131n\u0131 zahmetsiz hale getirir. Ergonomik ve sa\u011flam g\u00f6vdesi uzun s\u00fcreli kullan\u0131ma uygundur. Kilit mekanizmas\u0131 bulunmad\u0131\u011f\u0131ndan hareket k\u0131s\u0131tlamas\u0131 olmadan rahat kullan\u0131m sa\u011flar. Zemin dostu yap\u0131s\u0131 ile \u00e7izilme riskini azalt\u0131r. \u00dcr\u00fcn tek adet olarak&#8230;<\/p>\n","protected":false},"featured_media":129121,"comment_status":"open","ping_status":"closed","template":"","meta":{"_kad_post_transparent":"","_kad_post_title":"","_kad_post_layout":"","_kad_post_sidebar_id":"","_kad_post_content_style":"","_kad_post_vertical_padding":"","_kad_post_feature":"","_kad_post_feature_position":"","_kad_post_header":false,"_kad_post_footer":false,"_kad_post_classname":""},"product_brand":[],"product_cat":[15340],"product_tag":[],"class_list":{"0":"post-129122","1":"product","2":"type-product","3":"status-publish","4":"has-post-thumbnail","6":"product_cat-masa-ayagi-masa-ayagi","8":"first","9":"instock","10":"purchasable","11":"product-type-simple","12":"entry","13":"content-bg","14":"loop-entry"},"_links":{"self":[{"href":"https:\/\/www.hediyepazar.com\/index.php?rest_route=\/wp\/v2\/product\/129122","targetHints":{"allow":["GET"]}}],"collection":[{"href":"https:\/\/www.hediyepazar.com\/index.php?rest_route=\/wp\/v2\/product"}],"about":[{"href":"https:\/\/www.hediyepazar.com\/index.php?rest_route=\/wp\/v2\/types\/product"}],"replies":[{"embeddable":true,"href":"https:\/\/www.hediyepazar.com\/index.php?rest_route=%2Fwp%2Fv2%2Fcomments&post=129122"}],"wp:featuredmedia":[{"embeddable":true,"href":"https:\/\/www.hediyepazar.com\/index.php?rest_route=\/wp\/v2\/media\/129121"}],"wp:attachment":[{"href":"https:\/\/www.hediyepazar.com\/index.php?rest_route=%2Fwp%2Fv2%2Fmedia&parent=129122"}],"wp:term":[{"taxonomy":"product_brand","embeddable":true,"href":"https:\/\/www.hediyepazar.com\/index.php?rest_route=%2Fwp%2Fv2%2Fproduct_brand&post=129122"},{"taxonomy":"product_cat","embeddable":true,"href":"https:\/\/www.hediyepazar.com\/index.php?rest_route=%2Fwp%2Fv2%2Fproduct_cat&post=129122"},{"taxonomy":"product_tag","embeddable":true,"href":"https:\/\/www.hediyepazar.com\/index.php?rest_route=%2Fwp%2Fv2%2Fproduct_tag&post=129122"}],"curies":[{"name":"wp","href":"https:\/\/api.w.org\/{rel}","templated":true}]}}