{"id":129124,"date":"2026-05-07T03:56:21","date_gmt":"2026-05-07T06:56:21","guid":{"rendered":"https:\/\/www.hediyepazar.com\/?product=4-cm-cap-kilitsiz-tekerlek-ayagi-tekli-hafif-mobilyalar-icin"},"modified":"2026-05-07T03:56:21","modified_gmt":"2026-05-07T06:56:21","slug":"4-cm-cap-kilitsiz-tekerlek-ayagi-tekli-hafif-mobilyalar-icin","status":"publish","type":"product","link":"https:\/\/www.hediyepazar.com\/?product=4-cm-cap-kilitsiz-tekerlek-ayagi-tekli-hafif-mobilyalar-icin","title":{"rendered":"4 cm \u00c7ap Kilitsiz Tekerlek Aya\u011f\u0131 Tekli Hafif Mobilyalar \u0130\u00e7in"},"content":{"rendered":"<p>Kilitsiz 4 cm mobilya aya\u011f\u0131, mobilya ve ekipmanlar\u0131n rahat\u00e7a hareket etmesini sa\u011flamak i\u00e7in tasarlanm\u0131\u015ft\u0131r. P\u00fcr\u00fczs\u00fcz y\u00fczeylerde ve sert zeminlerde g\u00fcvenle kullan\u0131labilir. D\u00f6ner mekanizmas\u0131 sayesinde y\u00f6n de\u011fi\u015ftirmesi kolayd\u0131r ve zemine zarar vermez. Ev, ofis ve ticari alanlarda geni\u015f kullan\u0131m sunar. Kurulumu son derece basittir ve zamandan tasarruf sa\u011flar. Tekli sat\u0131\u015f avantaj\u0131 ile ihtiyac\u0131n\u0131za g\u00f6re adet belirleyebilirsiniz.<\/p>\n","protected":false},"excerpt":{"rendered":"<p>Kilitsiz 4 cm mobilya aya\u011f\u0131, mobilya ve ekipmanlar\u0131n rahat\u00e7a hareket etmesini sa\u011flamak i\u00e7in tasarlanm\u0131\u015ft\u0131r. P\u00fcr\u00fczs\u00fcz y\u00fczeylerde ve sert zeminlerde g\u00fcvenle kullan\u0131labilir. D\u00f6ner mekanizmas\u0131 sayesinde y\u00f6n de\u011fi\u015ftirmesi kolayd\u0131r ve zemine zarar vermez. Ev, ofis ve ticari alanlarda geni\u015f kullan\u0131m sunar. Kurulumu son derece basittir ve zamandan tasarruf sa\u011flar. Tekli sat\u0131\u015f avantaj\u0131 ile ihtiyac\u0131n\u0131za g\u00f6re adet belirleyebilirsiniz.<\/p>\n","protected":false},"featured_media":129123,"comment_status":"open","ping_status":"closed","template":"","meta":{"_kad_post_transparent":"","_kad_post_title":"","_kad_post_layout":"","_kad_post_sidebar_id":"","_kad_post_content_style":"","_kad_post_vertical_padding":"","_kad_post_feature":"","_kad_post_feature_position":"","_kad_post_header":false,"_kad_post_footer":false,"_kad_post_classname":""},"product_brand":[],"product_cat":[15340],"product_tag":[],"class_list":{"0":"post-129124","1":"product","2":"type-product","3":"status-publish","4":"has-post-thumbnail","6":"product_cat-masa-ayagi-masa-ayagi","8":"first","9":"instock","10":"purchasable","11":"product-type-simple","12":"entry","13":"content-bg","14":"loop-entry"},"_links":{"self":[{"href":"https:\/\/www.hediyepazar.com\/index.php?rest_route=\/wp\/v2\/product\/129124","targetHints":{"allow":["GET"]}}],"collection":[{"href":"https:\/\/www.hediyepazar.com\/index.php?rest_route=\/wp\/v2\/product"}],"about":[{"href":"https:\/\/www.hediyepazar.com\/index.php?rest_route=\/wp\/v2\/types\/product"}],"replies":[{"embeddable":true,"href":"https:\/\/www.hediyepazar.com\/index.php?rest_route=%2Fwp%2Fv2%2Fcomments&post=129124"}],"wp:featuredmedia":[{"embeddable":true,"href":"https:\/\/www.hediyepazar.com\/index.php?rest_route=\/wp\/v2\/media\/129123"}],"wp:attachment":[{"href":"https:\/\/www.hediyepazar.com\/index.php?rest_route=%2Fwp%2Fv2%2Fmedia&parent=129124"}],"wp:term":[{"taxonomy":"product_brand","embeddable":true,"href":"https:\/\/www.hediyepazar.com\/index.php?rest_route=%2Fwp%2Fv2%2Fproduct_brand&post=129124"},{"taxonomy":"product_cat","embeddable":true,"href":"https:\/\/www.hediyepazar.com\/index.php?rest_route=%2Fwp%2Fv2%2Fproduct_cat&post=129124"},{"taxonomy":"product_tag","embeddable":true,"href":"https:\/\/www.hediyepazar.com\/index.php?rest_route=%2Fwp%2Fv2%2Fproduct_tag&post=129124"}],"curies":[{"name":"wp","href":"https:\/\/api.w.org\/{rel}","templated":true}]}}