{"id":129130,"date":"2026-05-07T03:56:45","date_gmt":"2026-05-07T06:56:45","guid":{"rendered":"https:\/\/www.hediyepazar.com\/?product=sehpa-ve-masa-icin-6-cm-kilitli-ayak"},"modified":"2026-05-07T03:56:45","modified_gmt":"2026-05-07T06:56:45","slug":"sehpa-ve-masa-icin-6-cm-kilitli-ayak","status":"publish","type":"product","link":"https:\/\/www.hediyepazar.com\/?product=sehpa-ve-masa-icin-6-cm-kilitli-ayak","title":{"rendered":"Sehpa ve Masa \u0130\u00e7in 6 cm Kilitli Ayak"},"content":{"rendered":"<p>Bu kilitli d\u00f6ner ayak, mobilyalar\u0131n\u0131z\u0131 g\u00fcvenle sabitlemek istedi\u011finiz alanlar i\u00e7in tasarlanm\u0131\u015ft\u0131r. Kilit sistemi sayesinde istenmeyen hareketlerin \u00f6n\u00fcne ge\u00e7er. 6 cm \u00e7ap\u0131, stabil ve dengeli bir duru\u015f sa\u011flar. Tekli sat\u0131\u015f avantaj\u0131 sayesinde ihtiyac\u0131n\u0131za uygun miktarda sat\u0131n alabilirsiniz.<\/p>\n","protected":false},"excerpt":{"rendered":"<p>Bu kilitli d\u00f6ner ayak, mobilyalar\u0131n\u0131z\u0131 g\u00fcvenle sabitlemek istedi\u011finiz alanlar i\u00e7in tasarlanm\u0131\u015ft\u0131r. Kilit sistemi sayesinde istenmeyen hareketlerin \u00f6n\u00fcne ge\u00e7er. 6 cm \u00e7ap\u0131, stabil ve dengeli bir duru\u015f sa\u011flar. Tekli sat\u0131\u015f avantaj\u0131 sayesinde ihtiyac\u0131n\u0131za uygun miktarda sat\u0131n alabilirsiniz.<\/p>\n","protected":false},"featured_media":129129,"comment_status":"open","ping_status":"closed","template":"","meta":{"_kad_post_transparent":"","_kad_post_title":"","_kad_post_layout":"","_kad_post_sidebar_id":"","_kad_post_content_style":"","_kad_post_vertical_padding":"","_kad_post_feature":"","_kad_post_feature_position":"","_kad_post_header":false,"_kad_post_footer":false,"_kad_post_classname":""},"product_brand":[],"product_cat":[15340],"product_tag":[],"class_list":{"0":"post-129130","1":"product","2":"type-product","3":"status-publish","4":"has-post-thumbnail","6":"product_cat-masa-ayagi-masa-ayagi","8":"first","9":"instock","10":"purchasable","11":"product-type-simple","12":"entry","13":"content-bg","14":"loop-entry"},"_links":{"self":[{"href":"https:\/\/www.hediyepazar.com\/index.php?rest_route=\/wp\/v2\/product\/129130","targetHints":{"allow":["GET"]}}],"collection":[{"href":"https:\/\/www.hediyepazar.com\/index.php?rest_route=\/wp\/v2\/product"}],"about":[{"href":"https:\/\/www.hediyepazar.com\/index.php?rest_route=\/wp\/v2\/types\/product"}],"replies":[{"embeddable":true,"href":"https:\/\/www.hediyepazar.com\/index.php?rest_route=%2Fwp%2Fv2%2Fcomments&post=129130"}],"wp:featuredmedia":[{"embeddable":true,"href":"https:\/\/www.hediyepazar.com\/index.php?rest_route=\/wp\/v2\/media\/129129"}],"wp:attachment":[{"href":"https:\/\/www.hediyepazar.com\/index.php?rest_route=%2Fwp%2Fv2%2Fmedia&parent=129130"}],"wp:term":[{"taxonomy":"product_brand","embeddable":true,"href":"https:\/\/www.hediyepazar.com\/index.php?rest_route=%2Fwp%2Fv2%2Fproduct_brand&post=129130"},{"taxonomy":"product_cat","embeddable":true,"href":"https:\/\/www.hediyepazar.com\/index.php?rest_route=%2Fwp%2Fv2%2Fproduct_cat&post=129130"},{"taxonomy":"product_tag","embeddable":true,"href":"https:\/\/www.hediyepazar.com\/index.php?rest_route=%2Fwp%2Fv2%2Fproduct_tag&post=129130"}],"curies":[{"name":"wp","href":"https:\/\/api.w.org\/{rel}","templated":true}]}}