{"id":129132,"date":"2026-05-07T03:56:51","date_gmt":"2026-05-07T06:56:51","guid":{"rendered":"https:\/\/www.hediyepazar.com\/?product=mobilya-icin-kilitli-6-cm-ayak-tekli-satis"},"modified":"2026-05-07T03:56:51","modified_gmt":"2026-05-07T06:56:51","slug":"mobilya-icin-kilitli-6-cm-ayak-tekli-satis","status":"publish","type":"product","link":"https:\/\/www.hediyepazar.com\/?product=mobilya-icin-kilitli-6-cm-ayak-tekli-satis","title":{"rendered":"Mobilya \u0130\u00e7in Kilitli 6 cm Ayak Tekli Sat\u0131\u015f"},"content":{"rendered":"<p>6 cm kilitli masa aya\u011f\u0131, hem hareketli hem sabit kullan\u0131m avantaj\u0131n\u0131 bir arada sunar. Zemin koruyucu y\u00fczeyi \u00e7izilme ve iz olu\u015fumunu azalt\u0131r. Kolay montaj \u00f6zelli\u011fi ile k\u0131sa s\u00fcrede kurulabilir. Hafif ve orta a\u011f\u0131rl\u0131ktaki mobilyalar i\u00e7in uygundur. A\u011f\u0131r koltuk ve sandalye kullan\u0131m\u0131 i\u00e7in \u00f6nerilmez.<\/p>\n","protected":false},"excerpt":{"rendered":"<p>6 cm kilitli masa aya\u011f\u0131, hem hareketli hem sabit kullan\u0131m avantaj\u0131n\u0131 bir arada sunar. Zemin koruyucu y\u00fczeyi \u00e7izilme ve iz olu\u015fumunu azalt\u0131r. Kolay montaj \u00f6zelli\u011fi ile k\u0131sa s\u00fcrede kurulabilir. Hafif ve orta a\u011f\u0131rl\u0131ktaki mobilyalar i\u00e7in uygundur. A\u011f\u0131r koltuk ve sandalye kullan\u0131m\u0131 i\u00e7in \u00f6nerilmez.<\/p>\n","protected":false},"featured_media":129131,"comment_status":"open","ping_status":"closed","template":"","meta":{"_kad_post_transparent":"","_kad_post_title":"","_kad_post_layout":"","_kad_post_sidebar_id":"","_kad_post_content_style":"","_kad_post_vertical_padding":"","_kad_post_feature":"","_kad_post_feature_position":"","_kad_post_header":false,"_kad_post_footer":false,"_kad_post_classname":""},"product_brand":[],"product_cat":[15340],"product_tag":[],"class_list":{"0":"post-129132","1":"product","2":"type-product","3":"status-publish","4":"has-post-thumbnail","6":"product_cat-masa-ayagi-masa-ayagi","8":"first","9":"instock","10":"purchasable","11":"product-type-simple","12":"entry","13":"content-bg","14":"loop-entry"},"_links":{"self":[{"href":"https:\/\/www.hediyepazar.com\/index.php?rest_route=\/wp\/v2\/product\/129132","targetHints":{"allow":["GET"]}}],"collection":[{"href":"https:\/\/www.hediyepazar.com\/index.php?rest_route=\/wp\/v2\/product"}],"about":[{"href":"https:\/\/www.hediyepazar.com\/index.php?rest_route=\/wp\/v2\/types\/product"}],"replies":[{"embeddable":true,"href":"https:\/\/www.hediyepazar.com\/index.php?rest_route=%2Fwp%2Fv2%2Fcomments&post=129132"}],"wp:featuredmedia":[{"embeddable":true,"href":"https:\/\/www.hediyepazar.com\/index.php?rest_route=\/wp\/v2\/media\/129131"}],"wp:attachment":[{"href":"https:\/\/www.hediyepazar.com\/index.php?rest_route=%2Fwp%2Fv2%2Fmedia&parent=129132"}],"wp:term":[{"taxonomy":"product_brand","embeddable":true,"href":"https:\/\/www.hediyepazar.com\/index.php?rest_route=%2Fwp%2Fv2%2Fproduct_brand&post=129132"},{"taxonomy":"product_cat","embeddable":true,"href":"https:\/\/www.hediyepazar.com\/index.php?rest_route=%2Fwp%2Fv2%2Fproduct_cat&post=129132"},{"taxonomy":"product_tag","embeddable":true,"href":"https:\/\/www.hediyepazar.com\/index.php?rest_route=%2Fwp%2Fv2%2Fproduct_tag&post=129132"}],"curies":[{"name":"wp","href":"https:\/\/api.w.org\/{rel}","templated":true}]}}