{"id":129134,"date":"2026-05-07T03:57:00","date_gmt":"2026-05-07T06:57:00","guid":{"rendered":"https:\/\/www.hediyepazar.com\/?product=6-cm-kilitli-tekerlek-ayak-tek-adet"},"modified":"2026-05-07T03:57:00","modified_gmt":"2026-05-07T06:57:00","slug":"6-cm-kilitli-tekerlek-ayak-tek-adet","status":"publish","type":"product","link":"https:\/\/www.hediyepazar.com\/?product=6-cm-kilitli-tekerlek-ayak-tek-adet","title":{"rendered":"6 cm Kilitli Tekerlek Ayak Tek Adet"},"content":{"rendered":"<p>Bu 6 cm kilitli tekerlek ayak, ergonomik tasar\u0131m\u0131 sayesinde sessiz ve ak\u0131c\u0131 hareket sa\u011flar. Kilit mekanizmas\u0131 tek dokunu\u015fla devreye girer ve mobilyan\u0131n kaymas\u0131n\u0131 engeller. Parke, seramik, beton ve hal\u0131 gibi farkl\u0131 zeminlerde g\u00fcvenle kullan\u0131labilir. Ev ve ofis kullan\u0131m\u0131 i\u00e7in uygundur.<\/p>\n","protected":false},"excerpt":{"rendered":"<p>Bu 6 cm kilitli tekerlek ayak, ergonomik tasar\u0131m\u0131 sayesinde sessiz ve ak\u0131c\u0131 hareket sa\u011flar. Kilit mekanizmas\u0131 tek dokunu\u015fla devreye girer ve mobilyan\u0131n kaymas\u0131n\u0131 engeller. Parke, seramik, beton ve hal\u0131 gibi farkl\u0131 zeminlerde g\u00fcvenle kullan\u0131labilir. Ev ve ofis kullan\u0131m\u0131 i\u00e7in uygundur.<\/p>\n","protected":false},"featured_media":129133,"comment_status":"open","ping_status":"closed","template":"","meta":{"_kad_post_transparent":"","_kad_post_title":"","_kad_post_layout":"","_kad_post_sidebar_id":"","_kad_post_content_style":"","_kad_post_vertical_padding":"","_kad_post_feature":"","_kad_post_feature_position":"","_kad_post_header":false,"_kad_post_footer":false,"_kad_post_classname":""},"product_brand":[],"product_cat":[15340],"product_tag":[],"class_list":{"0":"post-129134","1":"product","2":"type-product","3":"status-publish","4":"has-post-thumbnail","6":"product_cat-masa-ayagi-masa-ayagi","8":"first","9":"instock","10":"purchasable","11":"product-type-simple","12":"entry","13":"content-bg","14":"loop-entry"},"_links":{"self":[{"href":"https:\/\/www.hediyepazar.com\/index.php?rest_route=\/wp\/v2\/product\/129134","targetHints":{"allow":["GET"]}}],"collection":[{"href":"https:\/\/www.hediyepazar.com\/index.php?rest_route=\/wp\/v2\/product"}],"about":[{"href":"https:\/\/www.hediyepazar.com\/index.php?rest_route=\/wp\/v2\/types\/product"}],"replies":[{"embeddable":true,"href":"https:\/\/www.hediyepazar.com\/index.php?rest_route=%2Fwp%2Fv2%2Fcomments&post=129134"}],"wp:featuredmedia":[{"embeddable":true,"href":"https:\/\/www.hediyepazar.com\/index.php?rest_route=\/wp\/v2\/media\/129133"}],"wp:attachment":[{"href":"https:\/\/www.hediyepazar.com\/index.php?rest_route=%2Fwp%2Fv2%2Fmedia&parent=129134"}],"wp:term":[{"taxonomy":"product_brand","embeddable":true,"href":"https:\/\/www.hediyepazar.com\/index.php?rest_route=%2Fwp%2Fv2%2Fproduct_brand&post=129134"},{"taxonomy":"product_cat","embeddable":true,"href":"https:\/\/www.hediyepazar.com\/index.php?rest_route=%2Fwp%2Fv2%2Fproduct_cat&post=129134"},{"taxonomy":"product_tag","embeddable":true,"href":"https:\/\/www.hediyepazar.com\/index.php?rest_route=%2Fwp%2Fv2%2Fproduct_tag&post=129134"}],"curies":[{"name":"wp","href":"https:\/\/api.w.org\/{rel}","templated":true}]}}