{"id":129136,"date":"2026-05-07T03:57:07","date_gmt":"2026-05-07T06:57:07","guid":{"rendered":"https:\/\/www.hediyepazar.com\/?product=kilitli-6-cm-masa-ayagi-tekli-doner-tekerlek"},"modified":"2026-05-07T03:57:07","modified_gmt":"2026-05-07T06:57:07","slug":"kilitli-6-cm-masa-ayagi-tekli-doner-tekerlek","status":"publish","type":"product","link":"https:\/\/www.hediyepazar.com\/?product=kilitli-6-cm-masa-ayagi-tekli-doner-tekerlek","title":{"rendered":"Kilitli 6 cm Masa Aya\u011f\u0131 Tekli D\u00f6ner Tekerlek"},"content":{"rendered":"<p>Kilitli 6 cm masa aya\u011f\u0131, hem hareket hem de sabitleme ihtiyac\u0131 olan mobilyalar i\u00e7in ideal bir \u00e7\u00f6z\u00fcmd\u00fcr. D\u00f6ner mekanizmas\u0131 sayesinde kolayca y\u00f6n de\u011fi\u015ftirirken, kilit sistemi ile istenildi\u011finde g\u00fcvenli \u015fekilde sabitlenir. 6 cm \u00e7ap\u0131 ile dengeli bir kullan\u0131m sunar. Tekli olarak sat\u0131lmaktad\u0131r ve ihtiyaca g\u00f6re adetlendirme yap\u0131labilir.<\/p>\n","protected":false},"excerpt":{"rendered":"<p>Kilitli 6 cm masa aya\u011f\u0131, hem hareket hem de sabitleme ihtiyac\u0131 olan mobilyalar i\u00e7in ideal bir \u00e7\u00f6z\u00fcmd\u00fcr. D\u00f6ner mekanizmas\u0131 sayesinde kolayca y\u00f6n de\u011fi\u015ftirirken, kilit sistemi ile istenildi\u011finde g\u00fcvenli \u015fekilde sabitlenir. 6 cm \u00e7ap\u0131 ile dengeli bir kullan\u0131m sunar. Tekli olarak sat\u0131lmaktad\u0131r ve ihtiyaca g\u00f6re adetlendirme yap\u0131labilir.<\/p>\n","protected":false},"featured_media":129135,"comment_status":"open","ping_status":"closed","template":"","meta":{"_kad_post_transparent":"","_kad_post_title":"","_kad_post_layout":"","_kad_post_sidebar_id":"","_kad_post_content_style":"","_kad_post_vertical_padding":"","_kad_post_feature":"","_kad_post_feature_position":"","_kad_post_header":false,"_kad_post_footer":false,"_kad_post_classname":""},"product_brand":[],"product_cat":[15340],"product_tag":[],"class_list":{"0":"post-129136","1":"product","2":"type-product","3":"status-publish","4":"has-post-thumbnail","6":"product_cat-masa-ayagi-masa-ayagi","8":"first","9":"instock","10":"purchasable","11":"product-type-simple","12":"entry","13":"content-bg","14":"loop-entry"},"_links":{"self":[{"href":"https:\/\/www.hediyepazar.com\/index.php?rest_route=\/wp\/v2\/product\/129136","targetHints":{"allow":["GET"]}}],"collection":[{"href":"https:\/\/www.hediyepazar.com\/index.php?rest_route=\/wp\/v2\/product"}],"about":[{"href":"https:\/\/www.hediyepazar.com\/index.php?rest_route=\/wp\/v2\/types\/product"}],"replies":[{"embeddable":true,"href":"https:\/\/www.hediyepazar.com\/index.php?rest_route=%2Fwp%2Fv2%2Fcomments&post=129136"}],"wp:featuredmedia":[{"embeddable":true,"href":"https:\/\/www.hediyepazar.com\/index.php?rest_route=\/wp\/v2\/media\/129135"}],"wp:attachment":[{"href":"https:\/\/www.hediyepazar.com\/index.php?rest_route=%2Fwp%2Fv2%2Fmedia&parent=129136"}],"wp:term":[{"taxonomy":"product_brand","embeddable":true,"href":"https:\/\/www.hediyepazar.com\/index.php?rest_route=%2Fwp%2Fv2%2Fproduct_brand&post=129136"},{"taxonomy":"product_cat","embeddable":true,"href":"https:\/\/www.hediyepazar.com\/index.php?rest_route=%2Fwp%2Fv2%2Fproduct_cat&post=129136"},{"taxonomy":"product_tag","embeddable":true,"href":"https:\/\/www.hediyepazar.com\/index.php?rest_route=%2Fwp%2Fv2%2Fproduct_tag&post=129136"}],"curies":[{"name":"wp","href":"https:\/\/api.w.org\/{rel}","templated":true}]}}