{"id":129138,"date":"2026-05-07T03:57:16","date_gmt":"2026-05-07T06:57:16","guid":{"rendered":"https:\/\/www.hediyepazar.com\/?product=6-cm-doner-kilitsiz-ayak-tek-parca"},"modified":"2026-05-07T03:57:16","modified_gmt":"2026-05-07T06:57:16","slug":"6-cm-doner-kilitsiz-ayak-tek-parca","status":"publish","type":"product","link":"https:\/\/www.hediyepazar.com\/?product=6-cm-doner-kilitsiz-ayak-tek-parca","title":{"rendered":"6 cm D\u00f6ner Kilitsiz Ayak Tek Par\u00e7a"},"content":{"rendered":"<p>6 cm kilitsiz d\u00f6ner ayak, minimal tasar\u0131m\u0131 sayesinde mobilya g\u00f6r\u00fcn\u00fcm\u00fcn\u00fc bozmaz. Hareket kabiliyeti y\u00fcksek olan bu \u00fcr\u00fcn, s\u0131k yer de\u011fi\u015ftiren e\u015fyalar i\u00e7in uygundur. Dayan\u0131kl\u0131 malzemeden \u00fcretilmi\u015ftir ve uzun \u00f6m\u00fcrl\u00fcd\u00fcr. Kolay kurulum imk\u00e2n\u0131 sunar. Tekli sat\u0131\u015f avantaj\u0131 ile esnek al\u0131\u015fveri\u015f sa\u011flar.<\/p>\n","protected":false},"excerpt":{"rendered":"<p>6 cm kilitsiz d\u00f6ner ayak, minimal tasar\u0131m\u0131 sayesinde mobilya g\u00f6r\u00fcn\u00fcm\u00fcn\u00fc bozmaz. Hareket kabiliyeti y\u00fcksek olan bu \u00fcr\u00fcn, s\u0131k yer de\u011fi\u015ftiren e\u015fyalar i\u00e7in uygundur. Dayan\u0131kl\u0131 malzemeden \u00fcretilmi\u015ftir ve uzun \u00f6m\u00fcrl\u00fcd\u00fcr. Kolay kurulum imk\u00e2n\u0131 sunar. Tekli sat\u0131\u015f avantaj\u0131 ile esnek al\u0131\u015fveri\u015f sa\u011flar.<\/p>\n","protected":false},"featured_media":129137,"comment_status":"open","ping_status":"closed","template":"","meta":{"_kad_post_transparent":"","_kad_post_title":"","_kad_post_layout":"","_kad_post_sidebar_id":"","_kad_post_content_style":"","_kad_post_vertical_padding":"","_kad_post_feature":"","_kad_post_feature_position":"","_kad_post_header":false,"_kad_post_footer":false,"_kad_post_classname":""},"product_brand":[],"product_cat":[15340],"product_tag":[],"class_list":{"0":"post-129138","1":"product","2":"type-product","3":"status-publish","4":"has-post-thumbnail","6":"product_cat-masa-ayagi-masa-ayagi","8":"first","9":"instock","10":"purchasable","11":"product-type-simple","12":"entry","13":"content-bg","14":"loop-entry"},"_links":{"self":[{"href":"https:\/\/www.hediyepazar.com\/index.php?rest_route=\/wp\/v2\/product\/129138","targetHints":{"allow":["GET"]}}],"collection":[{"href":"https:\/\/www.hediyepazar.com\/index.php?rest_route=\/wp\/v2\/product"}],"about":[{"href":"https:\/\/www.hediyepazar.com\/index.php?rest_route=\/wp\/v2\/types\/product"}],"replies":[{"embeddable":true,"href":"https:\/\/www.hediyepazar.com\/index.php?rest_route=%2Fwp%2Fv2%2Fcomments&post=129138"}],"wp:featuredmedia":[{"embeddable":true,"href":"https:\/\/www.hediyepazar.com\/index.php?rest_route=\/wp\/v2\/media\/129137"}],"wp:attachment":[{"href":"https:\/\/www.hediyepazar.com\/index.php?rest_route=%2Fwp%2Fv2%2Fmedia&parent=129138"}],"wp:term":[{"taxonomy":"product_brand","embeddable":true,"href":"https:\/\/www.hediyepazar.com\/index.php?rest_route=%2Fwp%2Fv2%2Fproduct_brand&post=129138"},{"taxonomy":"product_cat","embeddable":true,"href":"https:\/\/www.hediyepazar.com\/index.php?rest_route=%2Fwp%2Fv2%2Fproduct_cat&post=129138"},{"taxonomy":"product_tag","embeddable":true,"href":"https:\/\/www.hediyepazar.com\/index.php?rest_route=%2Fwp%2Fv2%2Fproduct_tag&post=129138"}],"curies":[{"name":"wp","href":"https:\/\/api.w.org\/{rel}","templated":true}]}}