{"id":129142,"date":"2026-05-07T03:59:00","date_gmt":"2026-05-07T06:59:00","guid":{"rendered":"https:\/\/www.hediyepazar.com\/?product=masa-ve-sehpa-icin-6-cm-kilitsiz-ayak-tekli"},"modified":"2026-05-07T03:59:00","modified_gmt":"2026-05-07T06:59:00","slug":"masa-ve-sehpa-icin-6-cm-kilitsiz-ayak-tekli","status":"publish","type":"product","link":"https:\/\/www.hediyepazar.com\/?product=masa-ve-sehpa-icin-6-cm-kilitsiz-ayak-tekli","title":{"rendered":"Masa ve Sehpa \u0130\u00e7in 6 cm Kilitsiz Ayak Tekli"},"content":{"rendered":"<p>Kilitsiz 6 cm ayak, sehpa, masa, k\u00fc\u00e7\u00fck dolap ve ekipmanlarda kullan\u0131m i\u00e7in tasarlanm\u0131\u015ft\u0131r. S\u00fcrekli kilit a\u00e7ma-kapama ihtiyac\u0131 olmayan alanlar i\u00e7in ideal bir \u00e7\u00f6z\u00fcmd\u00fcr. Sa\u011flam yap\u0131s\u0131 deformasyona kar\u015f\u0131 dayan\u0131kl\u0131d\u0131r. D\u00f6ner ba\u015fl\u0131\u011f\u0131 sayesinde sorunsuz hareket eder. Tekli sat\u0131lmas\u0131 sayesinde ihtiyac\u0131n\u0131z kadar adet alabilirsiniz.<\/p>\n","protected":false},"excerpt":{"rendered":"<p>Kilitsiz 6 cm ayak, sehpa, masa, k\u00fc\u00e7\u00fck dolap ve ekipmanlarda kullan\u0131m i\u00e7in tasarlanm\u0131\u015ft\u0131r. S\u00fcrekli kilit a\u00e7ma-kapama ihtiyac\u0131 olmayan alanlar i\u00e7in ideal bir \u00e7\u00f6z\u00fcmd\u00fcr. Sa\u011flam yap\u0131s\u0131 deformasyona kar\u015f\u0131 dayan\u0131kl\u0131d\u0131r. D\u00f6ner ba\u015fl\u0131\u011f\u0131 sayesinde sorunsuz hareket eder. Tekli sat\u0131lmas\u0131 sayesinde ihtiyac\u0131n\u0131z kadar adet alabilirsiniz.<\/p>\n","protected":false},"featured_media":129141,"comment_status":"open","ping_status":"closed","template":"","meta":{"_kad_post_transparent":"","_kad_post_title":"","_kad_post_layout":"","_kad_post_sidebar_id":"","_kad_post_content_style":"","_kad_post_vertical_padding":"","_kad_post_feature":"","_kad_post_feature_position":"","_kad_post_header":false,"_kad_post_footer":false,"_kad_post_classname":""},"product_brand":[],"product_cat":[15340],"product_tag":[],"class_list":{"0":"post-129142","1":"product","2":"type-product","3":"status-publish","4":"has-post-thumbnail","6":"product_cat-masa-ayagi-masa-ayagi","8":"first","9":"instock","10":"purchasable","11":"product-type-simple","12":"entry","13":"content-bg","14":"loop-entry"},"_links":{"self":[{"href":"https:\/\/www.hediyepazar.com\/index.php?rest_route=\/wp\/v2\/product\/129142","targetHints":{"allow":["GET"]}}],"collection":[{"href":"https:\/\/www.hediyepazar.com\/index.php?rest_route=\/wp\/v2\/product"}],"about":[{"href":"https:\/\/www.hediyepazar.com\/index.php?rest_route=\/wp\/v2\/types\/product"}],"replies":[{"embeddable":true,"href":"https:\/\/www.hediyepazar.com\/index.php?rest_route=%2Fwp%2Fv2%2Fcomments&post=129142"}],"wp:featuredmedia":[{"embeddable":true,"href":"https:\/\/www.hediyepazar.com\/index.php?rest_route=\/wp\/v2\/media\/129141"}],"wp:attachment":[{"href":"https:\/\/www.hediyepazar.com\/index.php?rest_route=%2Fwp%2Fv2%2Fmedia&parent=129142"}],"wp:term":[{"taxonomy":"product_brand","embeddable":true,"href":"https:\/\/www.hediyepazar.com\/index.php?rest_route=%2Fwp%2Fv2%2Fproduct_brand&post=129142"},{"taxonomy":"product_cat","embeddable":true,"href":"https:\/\/www.hediyepazar.com\/index.php?rest_route=%2Fwp%2Fv2%2Fproduct_cat&post=129142"},{"taxonomy":"product_tag","embeddable":true,"href":"https:\/\/www.hediyepazar.com\/index.php?rest_route=%2Fwp%2Fv2%2Fproduct_tag&post=129142"}],"curies":[{"name":"wp","href":"https:\/\/api.w.org\/{rel}","templated":true}]}}