{"id":129144,"date":"2026-05-07T03:59:07","date_gmt":"2026-05-07T06:59:07","guid":{"rendered":"https:\/\/www.hediyepazar.com\/?product=kilitsiz-6-cm-tekerlek-ayak-tek-adet"},"modified":"2026-05-07T03:59:07","modified_gmt":"2026-05-07T06:59:07","slug":"kilitsiz-6-cm-tekerlek-ayak-tek-adet","status":"publish","type":"product","link":"https:\/\/www.hediyepazar.com\/?product=kilitsiz-6-cm-tekerlek-ayak-tek-adet","title":{"rendered":"Kilitsiz 6 cm Tekerlek Ayak Tek Adet"},"content":{"rendered":"<p>Bu 6 cm kilitsiz tekerlek ayak, ergonomik tasar\u0131m\u0131 ile sessiz ve ak\u0131c\u0131 bir kullan\u0131m sunar. Hafif ve orta a\u011f\u0131rl\u0131ktaki mobilyalar i\u00e7in uygundur. Kolay montaj \u00f6zelli\u011fi sayesinde h\u0131zl\u0131ca kurulabilir. D\u00f6ner mekanizmas\u0131, dar alanlarda bile rahat manevra sa\u011flar. Zemin koruyucu y\u00fczeyi sayesinde \u00e7izik ve iz olu\u015fumunu azalt\u0131r.<\/p>\n","protected":false},"excerpt":{"rendered":"<p>Bu 6 cm kilitsiz tekerlek ayak, ergonomik tasar\u0131m\u0131 ile sessiz ve ak\u0131c\u0131 bir kullan\u0131m sunar. Hafif ve orta a\u011f\u0131rl\u0131ktaki mobilyalar i\u00e7in uygundur. Kolay montaj \u00f6zelli\u011fi sayesinde h\u0131zl\u0131ca kurulabilir. D\u00f6ner mekanizmas\u0131, dar alanlarda bile rahat manevra sa\u011flar. Zemin koruyucu y\u00fczeyi sayesinde \u00e7izik ve iz olu\u015fumunu azalt\u0131r.<\/p>\n","protected":false},"featured_media":129143,"comment_status":"open","ping_status":"closed","template":"","meta":{"_kad_post_transparent":"","_kad_post_title":"","_kad_post_layout":"","_kad_post_sidebar_id":"","_kad_post_content_style":"","_kad_post_vertical_padding":"","_kad_post_feature":"","_kad_post_feature_position":"","_kad_post_header":false,"_kad_post_footer":false,"_kad_post_classname":""},"product_brand":[],"product_cat":[15340],"product_tag":[],"class_list":{"0":"post-129144","1":"product","2":"type-product","3":"status-publish","4":"has-post-thumbnail","6":"product_cat-masa-ayagi-masa-ayagi","8":"first","9":"instock","10":"purchasable","11":"product-type-simple","12":"entry","13":"content-bg","14":"loop-entry"},"_links":{"self":[{"href":"https:\/\/www.hediyepazar.com\/index.php?rest_route=\/wp\/v2\/product\/129144","targetHints":{"allow":["GET"]}}],"collection":[{"href":"https:\/\/www.hediyepazar.com\/index.php?rest_route=\/wp\/v2\/product"}],"about":[{"href":"https:\/\/www.hediyepazar.com\/index.php?rest_route=\/wp\/v2\/types\/product"}],"replies":[{"embeddable":true,"href":"https:\/\/www.hediyepazar.com\/index.php?rest_route=%2Fwp%2Fv2%2Fcomments&post=129144"}],"wp:featuredmedia":[{"embeddable":true,"href":"https:\/\/www.hediyepazar.com\/index.php?rest_route=\/wp\/v2\/media\/129143"}],"wp:attachment":[{"href":"https:\/\/www.hediyepazar.com\/index.php?rest_route=%2Fwp%2Fv2%2Fmedia&parent=129144"}],"wp:term":[{"taxonomy":"product_brand","embeddable":true,"href":"https:\/\/www.hediyepazar.com\/index.php?rest_route=%2Fwp%2Fv2%2Fproduct_brand&post=129144"},{"taxonomy":"product_cat","embeddable":true,"href":"https:\/\/www.hediyepazar.com\/index.php?rest_route=%2Fwp%2Fv2%2Fproduct_cat&post=129144"},{"taxonomy":"product_tag","embeddable":true,"href":"https:\/\/www.hediyepazar.com\/index.php?rest_route=%2Fwp%2Fv2%2Fproduct_tag&post=129144"}],"curies":[{"name":"wp","href":"https:\/\/api.w.org\/{rel}","templated":true}]}}