{"id":129146,"date":"2026-05-07T03:59:13","date_gmt":"2026-05-07T06:59:13","guid":{"rendered":"https:\/\/www.hediyepazar.com\/?product=6-cm-kilitsiz-masa-ayagi-tekli-doner-tekerlek"},"modified":"2026-05-07T03:59:13","modified_gmt":"2026-05-07T06:59:13","slug":"6-cm-kilitsiz-masa-ayagi-tekli-doner-tekerlek","status":"publish","type":"product","link":"https:\/\/www.hediyepazar.com\/?product=6-cm-kilitsiz-masa-ayagi-tekli-doner-tekerlek","title":{"rendered":"6 cm Kilitsiz Masa Aya\u011f\u0131 Tekli D\u00f6ner Tekerlek"},"content":{"rendered":"<p>6 cm kilitsiz masa aya\u011f\u0131, mobilya ve ekipmanlar\u0131n\u0131z i\u00e7in pratik bir hareket \u00e7\u00f6z\u00fcm\u00fc sunar. D\u00f6ner yap\u0131s\u0131 sayesinde masa, sehpa ve hafif mobilyalar kolayca y\u00f6n de\u011fi\u015ftirir. Kilitsiz tasar\u0131m\u0131, s\u00fcrekli hareket gerektiren alanlar i\u00e7in idealdir. Dayan\u0131kl\u0131 g\u00f6vdesi uzun s\u00fcreli kullan\u0131m sa\u011flar. Parke, seramik, beton ve hal\u0131 zeminlerde g\u00fcvenle kullan\u0131labilir. Tekli olarak sat\u0131lmaktad\u0131r.<\/p>\n","protected":false},"excerpt":{"rendered":"<p>6 cm kilitsiz masa aya\u011f\u0131, mobilya ve ekipmanlar\u0131n\u0131z i\u00e7in pratik bir hareket \u00e7\u00f6z\u00fcm\u00fc sunar. D\u00f6ner yap\u0131s\u0131 sayesinde masa, sehpa ve hafif mobilyalar kolayca y\u00f6n de\u011fi\u015ftirir. Kilitsiz tasar\u0131m\u0131, s\u00fcrekli hareket gerektiren alanlar i\u00e7in idealdir. Dayan\u0131kl\u0131 g\u00f6vdesi uzun s\u00fcreli kullan\u0131m sa\u011flar. Parke, seramik, beton ve hal\u0131 zeminlerde g\u00fcvenle kullan\u0131labilir. Tekli olarak sat\u0131lmaktad\u0131r.<\/p>\n","protected":false},"featured_media":129145,"comment_status":"open","ping_status":"closed","template":"","meta":{"_kad_post_transparent":"","_kad_post_title":"","_kad_post_layout":"","_kad_post_sidebar_id":"","_kad_post_content_style":"","_kad_post_vertical_padding":"","_kad_post_feature":"","_kad_post_feature_position":"","_kad_post_header":false,"_kad_post_footer":false,"_kad_post_classname":""},"product_brand":[],"product_cat":[15340],"product_tag":[],"class_list":{"0":"post-129146","1":"product","2":"type-product","3":"status-publish","4":"has-post-thumbnail","6":"product_cat-masa-ayagi-masa-ayagi","8":"first","9":"instock","10":"purchasable","11":"product-type-simple","12":"entry","13":"content-bg","14":"loop-entry"},"_links":{"self":[{"href":"https:\/\/www.hediyepazar.com\/index.php?rest_route=\/wp\/v2\/product\/129146","targetHints":{"allow":["GET"]}}],"collection":[{"href":"https:\/\/www.hediyepazar.com\/index.php?rest_route=\/wp\/v2\/product"}],"about":[{"href":"https:\/\/www.hediyepazar.com\/index.php?rest_route=\/wp\/v2\/types\/product"}],"replies":[{"embeddable":true,"href":"https:\/\/www.hediyepazar.com\/index.php?rest_route=%2Fwp%2Fv2%2Fcomments&post=129146"}],"wp:featuredmedia":[{"embeddable":true,"href":"https:\/\/www.hediyepazar.com\/index.php?rest_route=\/wp\/v2\/media\/129145"}],"wp:attachment":[{"href":"https:\/\/www.hediyepazar.com\/index.php?rest_route=%2Fwp%2Fv2%2Fmedia&parent=129146"}],"wp:term":[{"taxonomy":"product_brand","embeddable":true,"href":"https:\/\/www.hediyepazar.com\/index.php?rest_route=%2Fwp%2Fv2%2Fproduct_brand&post=129146"},{"taxonomy":"product_cat","embeddable":true,"href":"https:\/\/www.hediyepazar.com\/index.php?rest_route=%2Fwp%2Fv2%2Fproduct_cat&post=129146"},{"taxonomy":"product_tag","embeddable":true,"href":"https:\/\/www.hediyepazar.com\/index.php?rest_route=%2Fwp%2Fv2%2Fproduct_tag&post=129146"}],"curies":[{"name":"wp","href":"https:\/\/api.w.org\/{rel}","templated":true}]}}