{"id":129150,"date":"2026-05-07T04:01:08","date_gmt":"2026-05-07T07:01:08","guid":{"rendered":"https:\/\/www.hediyepazar.com\/?product=mobilya-icin-kilitli-4-cm-tekerlek-ayak-seti"},"modified":"2026-05-07T04:01:08","modified_gmt":"2026-05-07T07:01:08","slug":"mobilya-icin-kilitli-4-cm-tekerlek-ayak-seti","status":"publish","type":"product","link":"https:\/\/www.hediyepazar.com\/?product=mobilya-icin-kilitli-4-cm-tekerlek-ayak-seti","title":{"rendered":"Mobilya \u0130\u00e7in Kilitli 4 cm Tekerlek Ayak Seti"},"content":{"rendered":"<p>4\u2019l\u00fc kilitli tekerlek ayak seti, mobilyalar\u0131n\u0131z\u0131 daha fonksiyonel hale getirir. Kayma ve d\u00f6nme hareketleri son derece p\u00fcr\u00fczs\u00fczd\u00fcr. Kilitli yap\u0131s\u0131, istenmeyen hareketleri \u00f6nleyerek g\u00fcvenli kullan\u0131m sa\u011flar. Zemin koruyucu y\u00fczeyi sayesinde parke ve fayanslarda iz b\u0131rakmaz. Kompakt tasar\u0131m\u0131 sayesinde dar alanlarda bile rahatl\u0131kla kullan\u0131labilir. Ekonomik ve kullan\u0131\u015fl\u0131 bir \u00e7\u00f6z\u00fcmd\u00fcr.<\/p>\n","protected":false},"excerpt":{"rendered":"<p>4\u2019l\u00fc kilitli tekerlek ayak seti, mobilyalar\u0131n\u0131z\u0131 daha fonksiyonel hale getirir. Kayma ve d\u00f6nme hareketleri son derece p\u00fcr\u00fczs\u00fczd\u00fcr. Kilitli yap\u0131s\u0131, istenmeyen hareketleri \u00f6nleyerek g\u00fcvenli kullan\u0131m sa\u011flar. Zemin koruyucu y\u00fczeyi sayesinde parke ve fayanslarda iz b\u0131rakmaz. Kompakt tasar\u0131m\u0131 sayesinde dar alanlarda bile rahatl\u0131kla kullan\u0131labilir. Ekonomik ve kullan\u0131\u015fl\u0131 bir \u00e7\u00f6z\u00fcmd\u00fcr.<\/p>\n","protected":false},"featured_media":129149,"comment_status":"open","ping_status":"closed","template":"","meta":{"_kad_post_transparent":"","_kad_post_title":"","_kad_post_layout":"","_kad_post_sidebar_id":"","_kad_post_content_style":"","_kad_post_vertical_padding":"","_kad_post_feature":"","_kad_post_feature_position":"","_kad_post_header":false,"_kad_post_footer":false,"_kad_post_classname":""},"product_brand":[],"product_cat":[15340],"product_tag":[],"class_list":{"0":"post-129150","1":"product","2":"type-product","3":"status-publish","4":"has-post-thumbnail","6":"product_cat-masa-ayagi-masa-ayagi","8":"first","9":"instock","10":"purchasable","11":"product-type-simple","12":"entry","13":"content-bg","14":"loop-entry"},"_links":{"self":[{"href":"https:\/\/www.hediyepazar.com\/index.php?rest_route=\/wp\/v2\/product\/129150","targetHints":{"allow":["GET"]}}],"collection":[{"href":"https:\/\/www.hediyepazar.com\/index.php?rest_route=\/wp\/v2\/product"}],"about":[{"href":"https:\/\/www.hediyepazar.com\/index.php?rest_route=\/wp\/v2\/types\/product"}],"replies":[{"embeddable":true,"href":"https:\/\/www.hediyepazar.com\/index.php?rest_route=%2Fwp%2Fv2%2Fcomments&post=129150"}],"wp:featuredmedia":[{"embeddable":true,"href":"https:\/\/www.hediyepazar.com\/index.php?rest_route=\/wp\/v2\/media\/129149"}],"wp:attachment":[{"href":"https:\/\/www.hediyepazar.com\/index.php?rest_route=%2Fwp%2Fv2%2Fmedia&parent=129150"}],"wp:term":[{"taxonomy":"product_brand","embeddable":true,"href":"https:\/\/www.hediyepazar.com\/index.php?rest_route=%2Fwp%2Fv2%2Fproduct_brand&post=129150"},{"taxonomy":"product_cat","embeddable":true,"href":"https:\/\/www.hediyepazar.com\/index.php?rest_route=%2Fwp%2Fv2%2Fproduct_cat&post=129150"},{"taxonomy":"product_tag","embeddable":true,"href":"https:\/\/www.hediyepazar.com\/index.php?rest_route=%2Fwp%2Fv2%2Fproduct_tag&post=129150"}],"curies":[{"name":"wp","href":"https:\/\/api.w.org\/{rel}","templated":true}]}}