{"id":129152,"date":"2026-05-07T04:01:21","date_gmt":"2026-05-07T07:01:21","guid":{"rendered":"https:\/\/www.hediyepazar.com\/?product=kilitli-mini-tekerlek-ayak-4-cm-4lu-set"},"modified":"2026-05-07T04:01:21","modified_gmt":"2026-05-07T07:01:21","slug":"kilitli-mini-tekerlek-ayak-4-cm-4lu-set","status":"publish","type":"product","link":"https:\/\/www.hediyepazar.com\/?product=kilitli-mini-tekerlek-ayak-4-cm-4lu-set","title":{"rendered":"Kilitli Mini Tekerlek Ayak 4 cm 4\u2019l\u00fc Set"},"content":{"rendered":"<p>Bu kilit mekanizmal\u0131 tekerlek ayaklar, pratik kullan\u0131m ve g\u00fcvenli\u011fi bir arada sunar. Kolay kurulum \u00f6zelli\u011fi sayesinde k\u0131sa s\u00fcrede monte edilerek kullan\u0131ma haz\u0131r hale gelir. 4 cm \u00e7ap\u0131 sayesinde dengeyi korur ve ak\u0131c\u0131 bir hareket sa\u011flar. Kilit sistemi ile sehpa ve ekipmanlar sabitlenebilir. Uzun \u00f6m\u00fcrl\u00fc yap\u0131s\u0131 sayesinde g\u00fcnl\u00fck kullan\u0131ma uygundur. Ev, ofis ve i\u015f yerlerinde \u00e7ok y\u00f6nl\u00fc kullan\u0131m imk\u00e2n\u0131 sunar.<\/p>\n","protected":false},"excerpt":{"rendered":"<p>Bu kilit mekanizmal\u0131 tekerlek ayaklar, pratik kullan\u0131m ve g\u00fcvenli\u011fi bir arada sunar. Kolay kurulum \u00f6zelli\u011fi sayesinde k\u0131sa s\u00fcrede monte edilerek kullan\u0131ma haz\u0131r hale gelir. 4 cm \u00e7ap\u0131 sayesinde dengeyi korur ve ak\u0131c\u0131 bir hareket sa\u011flar. Kilit sistemi ile sehpa ve ekipmanlar sabitlenebilir. Uzun \u00f6m\u00fcrl\u00fc yap\u0131s\u0131 sayesinde g\u00fcnl\u00fck kullan\u0131ma uygundur. Ev, ofis ve i\u015f yerlerinde \u00e7ok&#8230;<\/p>\n","protected":false},"featured_media":129151,"comment_status":"open","ping_status":"closed","template":"","meta":{"_kad_post_transparent":"","_kad_post_title":"","_kad_post_layout":"","_kad_post_sidebar_id":"","_kad_post_content_style":"","_kad_post_vertical_padding":"","_kad_post_feature":"","_kad_post_feature_position":"","_kad_post_header":false,"_kad_post_footer":false,"_kad_post_classname":""},"product_brand":[],"product_cat":[15340],"product_tag":[],"class_list":{"0":"post-129152","1":"product","2":"type-product","3":"status-publish","4":"has-post-thumbnail","6":"product_cat-masa-ayagi-masa-ayagi","8":"first","9":"instock","10":"purchasable","11":"product-type-simple","12":"entry","13":"content-bg","14":"loop-entry"},"_links":{"self":[{"href":"https:\/\/www.hediyepazar.com\/index.php?rest_route=\/wp\/v2\/product\/129152","targetHints":{"allow":["GET"]}}],"collection":[{"href":"https:\/\/www.hediyepazar.com\/index.php?rest_route=\/wp\/v2\/product"}],"about":[{"href":"https:\/\/www.hediyepazar.com\/index.php?rest_route=\/wp\/v2\/types\/product"}],"replies":[{"embeddable":true,"href":"https:\/\/www.hediyepazar.com\/index.php?rest_route=%2Fwp%2Fv2%2Fcomments&post=129152"}],"wp:featuredmedia":[{"embeddable":true,"href":"https:\/\/www.hediyepazar.com\/index.php?rest_route=\/wp\/v2\/media\/129151"}],"wp:attachment":[{"href":"https:\/\/www.hediyepazar.com\/index.php?rest_route=%2Fwp%2Fv2%2Fmedia&parent=129152"}],"wp:term":[{"taxonomy":"product_brand","embeddable":true,"href":"https:\/\/www.hediyepazar.com\/index.php?rest_route=%2Fwp%2Fv2%2Fproduct_brand&post=129152"},{"taxonomy":"product_cat","embeddable":true,"href":"https:\/\/www.hediyepazar.com\/index.php?rest_route=%2Fwp%2Fv2%2Fproduct_cat&post=129152"},{"taxonomy":"product_tag","embeddable":true,"href":"https:\/\/www.hediyepazar.com\/index.php?rest_route=%2Fwp%2Fv2%2Fproduct_tag&post=129152"}],"curies":[{"name":"wp","href":"https:\/\/api.w.org\/{rel}","templated":true}]}}