{"id":129162,"date":"2026-05-07T04:04:11","date_gmt":"2026-05-07T07:04:11","guid":{"rendered":"https:\/\/www.hediyepazar.com\/?product=kilitsiz-mini-tekerlek-ayak-4-cm-4lu-set-kolay-montaj"},"modified":"2026-05-07T04:04:11","modified_gmt":"2026-05-07T07:04:11","slug":"kilitsiz-mini-tekerlek-ayak-4-cm-4lu-set-kolay-montaj","status":"publish","type":"product","link":"https:\/\/www.hediyepazar.com\/?product=kilitsiz-mini-tekerlek-ayak-4-cm-4lu-set-kolay-montaj","title":{"rendered":"Kilitsiz Mini Tekerlek Ayak 4 cm 4\u2019l\u00fc Set Kolay Montaj"},"content":{"rendered":"<p>Kilitsiz mini tekerlek ayak seti, \u00f6zellikle ta\u015f\u0131nabilir mobilyalar i\u00e7in geli\u015ftirilmi\u015ftir. Sessiz d\u00f6nme \u00f6zelli\u011fi sayesinde ev, ofis ve i\u015f yerlerinde g\u00fcr\u00fclt\u00fc yapmadan hareket eder. 4 cm \u00e7ap\u0131 ile dengeyi korurken, ak\u0131c\u0131 bir kayma sa\u011flar. Zemin koruyucu yap\u0131s\u0131 sayesinde parke ve fayanslarda iz b\u0131rakmaz. Uzun \u00f6m\u00fcrl\u00fc kullan\u0131m sunan sa\u011flam g\u00f6vdesiyle g\u00fcvenle tercih edilebilir. 4 adet olarak g\u00f6nderilen set, sehpa ve k\u00fc\u00e7\u00fck ekipmanlar i\u00e7in yeterli destek sa\u011flar.<\/p>\n","protected":false},"excerpt":{"rendered":"<p>Kilitsiz mini tekerlek ayak seti, \u00f6zellikle ta\u015f\u0131nabilir mobilyalar i\u00e7in geli\u015ftirilmi\u015ftir. Sessiz d\u00f6nme \u00f6zelli\u011fi sayesinde ev, ofis ve i\u015f yerlerinde g\u00fcr\u00fclt\u00fc yapmadan hareket eder. 4 cm \u00e7ap\u0131 ile dengeyi korurken, ak\u0131c\u0131 bir kayma sa\u011flar. Zemin koruyucu yap\u0131s\u0131 sayesinde parke ve fayanslarda iz b\u0131rakmaz. Uzun \u00f6m\u00fcrl\u00fc kullan\u0131m sunan sa\u011flam g\u00f6vdesiyle g\u00fcvenle tercih edilebilir. 4 adet olarak g\u00f6nderilen&#8230;<\/p>\n","protected":false},"featured_media":129161,"comment_status":"open","ping_status":"closed","template":"","meta":{"_kad_post_transparent":"","_kad_post_title":"","_kad_post_layout":"","_kad_post_sidebar_id":"","_kad_post_content_style":"","_kad_post_vertical_padding":"","_kad_post_feature":"","_kad_post_feature_position":"","_kad_post_header":false,"_kad_post_footer":false,"_kad_post_classname":""},"product_brand":[],"product_cat":[15340],"product_tag":[],"class_list":{"0":"post-129162","1":"product","2":"type-product","3":"status-publish","4":"has-post-thumbnail","6":"product_cat-masa-ayagi-masa-ayagi","8":"first","9":"instock","10":"purchasable","11":"product-type-simple","12":"entry","13":"content-bg","14":"loop-entry"},"_links":{"self":[{"href":"https:\/\/www.hediyepazar.com\/index.php?rest_route=\/wp\/v2\/product\/129162","targetHints":{"allow":["GET"]}}],"collection":[{"href":"https:\/\/www.hediyepazar.com\/index.php?rest_route=\/wp\/v2\/product"}],"about":[{"href":"https:\/\/www.hediyepazar.com\/index.php?rest_route=\/wp\/v2\/types\/product"}],"replies":[{"embeddable":true,"href":"https:\/\/www.hediyepazar.com\/index.php?rest_route=%2Fwp%2Fv2%2Fcomments&post=129162"}],"wp:featuredmedia":[{"embeddable":true,"href":"https:\/\/www.hediyepazar.com\/index.php?rest_route=\/wp\/v2\/media\/129161"}],"wp:attachment":[{"href":"https:\/\/www.hediyepazar.com\/index.php?rest_route=%2Fwp%2Fv2%2Fmedia&parent=129162"}],"wp:term":[{"taxonomy":"product_brand","embeddable":true,"href":"https:\/\/www.hediyepazar.com\/index.php?rest_route=%2Fwp%2Fv2%2Fproduct_brand&post=129162"},{"taxonomy":"product_cat","embeddable":true,"href":"https:\/\/www.hediyepazar.com\/index.php?rest_route=%2Fwp%2Fv2%2Fproduct_cat&post=129162"},{"taxonomy":"product_tag","embeddable":true,"href":"https:\/\/www.hediyepazar.com\/index.php?rest_route=%2Fwp%2Fv2%2Fproduct_tag&post=129162"}],"curies":[{"name":"wp","href":"https:\/\/api.w.org\/{rel}","templated":true}]}}