{"id":129170,"date":"2026-05-07T04:06:20","date_gmt":"2026-05-07T07:06:20","guid":{"rendered":"https:\/\/www.hediyepazar.com\/?product=zemin-korumali-kilitli-ayak-tekerlek-seti-6-cm"},"modified":"2026-05-07T04:06:20","modified_gmt":"2026-05-07T07:06:20","slug":"zemin-korumali-kilitli-ayak-tekerlek-seti-6-cm","status":"publish","type":"product","link":"https:\/\/www.hediyepazar.com\/?product=zemin-korumali-kilitli-ayak-tekerlek-seti-6-cm","title":{"rendered":"Zemin Korumal\u0131 Kilitli Ayak Tekerlek Seti 6 cm"},"content":{"rendered":"<p>Zemin korumal\u0131 kilitli ayak tekerlek seti, ergonomik yap\u0131s\u0131yla sorunsuz \u00e7al\u0131\u015fma sunar. Dayan\u0131kl\u0131 g\u00f6vdesi sayesinde kolay deforme olmaz ve uzun s\u00fcre formunu korur.Sehpa, restoran arabas\u0131 ve hafif ekipmanlar i\u00e7in uygundur. Kilit sistemi sayesinde istenildi\u011finde sabitlenebilir. G\u00fcnl\u00fck kullan\u0131mda pratiklik sa\u011flar.<\/p>\n","protected":false},"excerpt":{"rendered":"<p>Zemin korumal\u0131 kilitli ayak tekerlek seti, ergonomik yap\u0131s\u0131yla sorunsuz \u00e7al\u0131\u015fma sunar. Dayan\u0131kl\u0131 g\u00f6vdesi sayesinde kolay deforme olmaz ve uzun s\u00fcre formunu korur.Sehpa, restoran arabas\u0131 ve hafif ekipmanlar i\u00e7in uygundur. Kilit sistemi sayesinde istenildi\u011finde sabitlenebilir. G\u00fcnl\u00fck kullan\u0131mda pratiklik sa\u011flar.<\/p>\n","protected":false},"featured_media":129169,"comment_status":"open","ping_status":"closed","template":"","meta":{"_kad_post_transparent":"","_kad_post_title":"","_kad_post_layout":"","_kad_post_sidebar_id":"","_kad_post_content_style":"","_kad_post_vertical_padding":"","_kad_post_feature":"","_kad_post_feature_position":"","_kad_post_header":false,"_kad_post_footer":false,"_kad_post_classname":""},"product_brand":[],"product_cat":[15340],"product_tag":[],"class_list":{"0":"post-129170","1":"product","2":"type-product","3":"status-publish","4":"has-post-thumbnail","6":"product_cat-masa-ayagi-masa-ayagi","8":"first","9":"instock","10":"purchasable","11":"product-type-simple","12":"entry","13":"content-bg","14":"loop-entry"},"_links":{"self":[{"href":"https:\/\/www.hediyepazar.com\/index.php?rest_route=\/wp\/v2\/product\/129170","targetHints":{"allow":["GET"]}}],"collection":[{"href":"https:\/\/www.hediyepazar.com\/index.php?rest_route=\/wp\/v2\/product"}],"about":[{"href":"https:\/\/www.hediyepazar.com\/index.php?rest_route=\/wp\/v2\/types\/product"}],"replies":[{"embeddable":true,"href":"https:\/\/www.hediyepazar.com\/index.php?rest_route=%2Fwp%2Fv2%2Fcomments&post=129170"}],"wp:featuredmedia":[{"embeddable":true,"href":"https:\/\/www.hediyepazar.com\/index.php?rest_route=\/wp\/v2\/media\/129169"}],"wp:attachment":[{"href":"https:\/\/www.hediyepazar.com\/index.php?rest_route=%2Fwp%2Fv2%2Fmedia&parent=129170"}],"wp:term":[{"taxonomy":"product_brand","embeddable":true,"href":"https:\/\/www.hediyepazar.com\/index.php?rest_route=%2Fwp%2Fv2%2Fproduct_brand&post=129170"},{"taxonomy":"product_cat","embeddable":true,"href":"https:\/\/www.hediyepazar.com\/index.php?rest_route=%2Fwp%2Fv2%2Fproduct_cat&post=129170"},{"taxonomy":"product_tag","embeddable":true,"href":"https:\/\/www.hediyepazar.com\/index.php?rest_route=%2Fwp%2Fv2%2Fproduct_tag&post=129170"}],"curies":[{"name":"wp","href":"https:\/\/api.w.org\/{rel}","templated":true}]}}