{"id":129176,"date":"2026-05-07T04:08:15","date_gmt":"2026-05-07T07:08:15","guid":{"rendered":"https:\/\/www.hediyepazar.com\/?product=kilitli-mobilya-ayagi-6-cm-4lu-set-zemin-korumali"},"modified":"2026-05-07T04:08:15","modified_gmt":"2026-05-07T07:08:15","slug":"kilitli-mobilya-ayagi-6-cm-4lu-set-zemin-korumali","status":"publish","type":"product","link":"https:\/\/www.hediyepazar.com\/?product=kilitli-mobilya-ayagi-6-cm-4lu-set-zemin-korumali","title":{"rendered":"Kilitli Mobilya Aya\u011f\u0131 6 cm 4\u2019l\u00fc Set Zemin Korumal\u0131"},"content":{"rendered":"<p>Dayan\u0131kl\u0131 yap\u0131s\u0131 sayesinde uzun \u00f6m\u00fcrl\u00fc kullan\u0131m sunan kilitli 6 cm ayak seti, ergonomik tasar\u0131m\u0131yla sorunsuz ve dengeli bir hareket sa\u011flar. Kolayca kayabilen ve d\u00f6nebilen tekerlek yap\u0131s\u0131, mobilyalar\u0131n\u0131z\u0131 veya ekipmanlar\u0131n\u0131z\u0131 zahmetsizce hareket ettirmenize olanak tan\u0131r.Zemini koruyan \u00f6zel yap\u0131s\u0131 sayesinde parke, seramik ve benzeri y\u00fczeylerde iz b\u0131rakmaz. Kilit mekanizmas\u0131 sayesinde sabitlenmek istendi\u011finde g\u00fcvenli kullan\u0131m sa\u011flar. Sehpa, restoran arabas\u0131, makine ve \u00e7e\u015fitli ekipmanlar i\u00e7in evrensel uyumluluk sunar. A\u011f\u0131r koltuk ve sandalyeler i\u00e7in uygun de\u011fildir.Paket i\u00e7eri\u011fi 4 adet kilitli 6 cm ayaktan olu\u015fur ve kurulumu olduk\u00e7a kolayd\u0131r.<\/p>\n","protected":false},"excerpt":{"rendered":"<p>Dayan\u0131kl\u0131 yap\u0131s\u0131 sayesinde uzun \u00f6m\u00fcrl\u00fc kullan\u0131m sunan kilitli 6 cm ayak seti, ergonomik tasar\u0131m\u0131yla sorunsuz ve dengeli bir hareket sa\u011flar. Kolayca kayabilen ve d\u00f6nebilen tekerlek yap\u0131s\u0131, mobilyalar\u0131n\u0131z\u0131 veya ekipmanlar\u0131n\u0131z\u0131 zahmetsizce hareket ettirmenize olanak tan\u0131r.Zemini koruyan \u00f6zel yap\u0131s\u0131 sayesinde parke, seramik ve benzeri y\u00fczeylerde iz b\u0131rakmaz. Kilit mekanizmas\u0131 sayesinde sabitlenmek istendi\u011finde g\u00fcvenli kullan\u0131m sa\u011flar. Sehpa, restoran&#8230;<\/p>\n","protected":false},"featured_media":129175,"comment_status":"open","ping_status":"closed","template":"","meta":{"_kad_post_transparent":"","_kad_post_title":"","_kad_post_layout":"","_kad_post_sidebar_id":"","_kad_post_content_style":"","_kad_post_vertical_padding":"","_kad_post_feature":"","_kad_post_feature_position":"","_kad_post_header":false,"_kad_post_footer":false,"_kad_post_classname":""},"product_brand":[],"product_cat":[15340],"product_tag":[],"class_list":{"0":"post-129176","1":"product","2":"type-product","3":"status-publish","4":"has-post-thumbnail","6":"product_cat-masa-ayagi-masa-ayagi","8":"first","9":"instock","10":"purchasable","11":"product-type-simple","12":"entry","13":"content-bg","14":"loop-entry"},"_links":{"self":[{"href":"https:\/\/www.hediyepazar.com\/index.php?rest_route=\/wp\/v2\/product\/129176","targetHints":{"allow":["GET"]}}],"collection":[{"href":"https:\/\/www.hediyepazar.com\/index.php?rest_route=\/wp\/v2\/product"}],"about":[{"href":"https:\/\/www.hediyepazar.com\/index.php?rest_route=\/wp\/v2\/types\/product"}],"replies":[{"embeddable":true,"href":"https:\/\/www.hediyepazar.com\/index.php?rest_route=%2Fwp%2Fv2%2Fcomments&post=129176"}],"wp:featuredmedia":[{"embeddable":true,"href":"https:\/\/www.hediyepazar.com\/index.php?rest_route=\/wp\/v2\/media\/129175"}],"wp:attachment":[{"href":"https:\/\/www.hediyepazar.com\/index.php?rest_route=%2Fwp%2Fv2%2Fmedia&parent=129176"}],"wp:term":[{"taxonomy":"product_brand","embeddable":true,"href":"https:\/\/www.hediyepazar.com\/index.php?rest_route=%2Fwp%2Fv2%2Fproduct_brand&post=129176"},{"taxonomy":"product_cat","embeddable":true,"href":"https:\/\/www.hediyepazar.com\/index.php?rest_route=%2Fwp%2Fv2%2Fproduct_cat&post=129176"},{"taxonomy":"product_tag","embeddable":true,"href":"https:\/\/www.hediyepazar.com\/index.php?rest_route=%2Fwp%2Fv2%2Fproduct_tag&post=129176"}],"curies":[{"name":"wp","href":"https:\/\/api.w.org\/{rel}","templated":true}]}}