{"id":129180,"date":"2026-05-07T04:10:03","date_gmt":"2026-05-07T07:10:03","guid":{"rendered":"https:\/\/www.hediyepazar.com\/?product=hali-ve-beton-uyumlu-kilitsiz-mobilya-tekerlegi-4lu"},"modified":"2026-05-07T04:10:03","modified_gmt":"2026-05-07T07:10:03","slug":"hali-ve-beton-uyumlu-kilitsiz-mobilya-tekerlegi-4lu","status":"publish","type":"product","link":"https:\/\/www.hediyepazar.com\/?product=hali-ve-beton-uyumlu-kilitsiz-mobilya-tekerlegi-4lu","title":{"rendered":"Hal\u0131 ve Beton Uyumlu Kilitsiz Mobilya Tekerle\u011fi 4\u2019l\u00fc"},"content":{"rendered":"<p>Kilitsiz mobilya tekerle\u011fi seti, modern ya\u015fam alanlar\u0131 i\u00e7in pratik bir \u00e7\u00f6z\u00fcmd\u00fcr. 6 cm \u00e7ap\u0131ndaki tekerlekleri sayesinde mobilyalar kolayca ta\u015f\u0131nabilir ve konumland\u0131r\u0131labilir.Hal\u0131, beton ve sert zeminlerde dengeli kullan\u0131m sunar. Sessiz \u00e7al\u0131\u015fmas\u0131 sayesinde ev ve ofis ortamlar\u0131nda rahats\u0131zl\u0131k olu\u015fturmaz. Kilit mekanizmas\u0131 olmad\u0131\u011f\u0131 i\u00e7in h\u0131zl\u0131 hareket gerektiren alanlarda avantaj sa\u011flar.Paket i\u00e7eri\u011fi 4 adet tekerlekten olu\u015fur.<\/p>\n","protected":false},"excerpt":{"rendered":"<p>Kilitsiz mobilya tekerle\u011fi seti, modern ya\u015fam alanlar\u0131 i\u00e7in pratik bir \u00e7\u00f6z\u00fcmd\u00fcr. 6 cm \u00e7ap\u0131ndaki tekerlekleri sayesinde mobilyalar kolayca ta\u015f\u0131nabilir ve konumland\u0131r\u0131labilir.Hal\u0131, beton ve sert zeminlerde dengeli kullan\u0131m sunar. Sessiz \u00e7al\u0131\u015fmas\u0131 sayesinde ev ve ofis ortamlar\u0131nda rahats\u0131zl\u0131k olu\u015fturmaz. Kilit mekanizmas\u0131 olmad\u0131\u011f\u0131 i\u00e7in h\u0131zl\u0131 hareket gerektiren alanlarda avantaj sa\u011flar.Paket i\u00e7eri\u011fi 4 adet tekerlekten olu\u015fur.<\/p>\n","protected":false},"featured_media":129179,"comment_status":"open","ping_status":"closed","template":"","meta":{"_kad_post_transparent":"","_kad_post_title":"","_kad_post_layout":"","_kad_post_sidebar_id":"","_kad_post_content_style":"","_kad_post_vertical_padding":"","_kad_post_feature":"","_kad_post_feature_position":"","_kad_post_header":false,"_kad_post_footer":false,"_kad_post_classname":""},"product_brand":[],"product_cat":[15340],"product_tag":[],"class_list":{"0":"post-129180","1":"product","2":"type-product","3":"status-publish","4":"has-post-thumbnail","6":"product_cat-masa-ayagi-masa-ayagi","8":"first","9":"instock","10":"purchasable","11":"product-type-simple","12":"entry","13":"content-bg","14":"loop-entry"},"_links":{"self":[{"href":"https:\/\/www.hediyepazar.com\/index.php?rest_route=\/wp\/v2\/product\/129180","targetHints":{"allow":["GET"]}}],"collection":[{"href":"https:\/\/www.hediyepazar.com\/index.php?rest_route=\/wp\/v2\/product"}],"about":[{"href":"https:\/\/www.hediyepazar.com\/index.php?rest_route=\/wp\/v2\/types\/product"}],"replies":[{"embeddable":true,"href":"https:\/\/www.hediyepazar.com\/index.php?rest_route=%2Fwp%2Fv2%2Fcomments&post=129180"}],"wp:featuredmedia":[{"embeddable":true,"href":"https:\/\/www.hediyepazar.com\/index.php?rest_route=\/wp\/v2\/media\/129179"}],"wp:attachment":[{"href":"https:\/\/www.hediyepazar.com\/index.php?rest_route=%2Fwp%2Fv2%2Fmedia&parent=129180"}],"wp:term":[{"taxonomy":"product_brand","embeddable":true,"href":"https:\/\/www.hediyepazar.com\/index.php?rest_route=%2Fwp%2Fv2%2Fproduct_brand&post=129180"},{"taxonomy":"product_cat","embeddable":true,"href":"https:\/\/www.hediyepazar.com\/index.php?rest_route=%2Fwp%2Fv2%2Fproduct_cat&post=129180"},{"taxonomy":"product_tag","embeddable":true,"href":"https:\/\/www.hediyepazar.com\/index.php?rest_route=%2Fwp%2Fv2%2Fproduct_tag&post=129180"}],"curies":[{"name":"wp","href":"https:\/\/api.w.org\/{rel}","templated":true}]}}