{"id":129182,"date":"2026-05-07T04:10:13","date_gmt":"2026-05-07T07:10:13","guid":{"rendered":"https:\/\/www.hediyepazar.com\/?product=masa-ve-koltuk-icin-kilitsiz-tekerlek-seti-6-cm"},"modified":"2026-05-07T04:10:13","modified_gmt":"2026-05-07T07:10:13","slug":"masa-ve-koltuk-icin-kilitsiz-tekerlek-seti-6-cm","status":"publish","type":"product","link":"https:\/\/www.hediyepazar.com\/?product=masa-ve-koltuk-icin-kilitsiz-tekerlek-seti-6-cm","title":{"rendered":"Masa ve Koltuk \u0130\u00e7in Kilitsiz Tekerlek Seti 6 cm"},"content":{"rendered":"<p>Bu kilitsiz masa aya\u011f\u0131 tekerle\u011fi, mobilyalar\u0131n\u0131z\u0131 zahmetsizce hareket ettirebilmeniz i\u00e7in tasarlanm\u0131\u015ft\u0131r. 6 cm \u00f6l\u00e7\u00fcs\u00fc, ideal denge ve ta\u015f\u0131ma kolayl\u0131\u011f\u0131 sunar. Dayan\u0131kl\u0131 malzeme yap\u0131s\u0131 sayesinde uzun s\u00fcre sorunsuz kullan\u0131m sa\u011flar.Yumu\u015fak ve sert zeminlerde g\u00fcvenle kullan\u0131labilir. Ofis koltuklar\u0131, masalar, TV sehpalar\u0131 ve ara\u00e7 i\u00e7i kullan\u0131m dahil olmak \u00fczere geni\u015f bir kullan\u0131m alan\u0131na sahiptir.4 adetlik set halinde g\u00f6nderilir ve farkl\u0131 ihtiya\u00e7lara uyum sa\u011flar.<\/p>\n","protected":false},"excerpt":{"rendered":"<p>Bu kilitsiz masa aya\u011f\u0131 tekerle\u011fi, mobilyalar\u0131n\u0131z\u0131 zahmetsizce hareket ettirebilmeniz i\u00e7in tasarlanm\u0131\u015ft\u0131r. 6 cm \u00f6l\u00e7\u00fcs\u00fc, ideal denge ve ta\u015f\u0131ma kolayl\u0131\u011f\u0131 sunar. Dayan\u0131kl\u0131 malzeme yap\u0131s\u0131 sayesinde uzun s\u00fcre sorunsuz kullan\u0131m sa\u011flar.Yumu\u015fak ve sert zeminlerde g\u00fcvenle kullan\u0131labilir. Ofis koltuklar\u0131, masalar, TV sehpalar\u0131 ve ara\u00e7 i\u00e7i kullan\u0131m dahil olmak \u00fczere geni\u015f bir kullan\u0131m alan\u0131na sahiptir.4 adetlik set halinde g\u00f6nderilir&#8230;<\/p>\n","protected":false},"featured_media":129181,"comment_status":"open","ping_status":"closed","template":"","meta":{"_kad_post_transparent":"","_kad_post_title":"","_kad_post_layout":"","_kad_post_sidebar_id":"","_kad_post_content_style":"","_kad_post_vertical_padding":"","_kad_post_feature":"","_kad_post_feature_position":"","_kad_post_header":false,"_kad_post_footer":false,"_kad_post_classname":""},"product_brand":[],"product_cat":[15340],"product_tag":[],"class_list":{"0":"post-129182","1":"product","2":"type-product","3":"status-publish","4":"has-post-thumbnail","6":"product_cat-masa-ayagi-masa-ayagi","8":"first","9":"instock","10":"purchasable","11":"product-type-simple","12":"entry","13":"content-bg","14":"loop-entry"},"_links":{"self":[{"href":"https:\/\/www.hediyepazar.com\/index.php?rest_route=\/wp\/v2\/product\/129182","targetHints":{"allow":["GET"]}}],"collection":[{"href":"https:\/\/www.hediyepazar.com\/index.php?rest_route=\/wp\/v2\/product"}],"about":[{"href":"https:\/\/www.hediyepazar.com\/index.php?rest_route=\/wp\/v2\/types\/product"}],"replies":[{"embeddable":true,"href":"https:\/\/www.hediyepazar.com\/index.php?rest_route=%2Fwp%2Fv2%2Fcomments&post=129182"}],"wp:featuredmedia":[{"embeddable":true,"href":"https:\/\/www.hediyepazar.com\/index.php?rest_route=\/wp\/v2\/media\/129181"}],"wp:attachment":[{"href":"https:\/\/www.hediyepazar.com\/index.php?rest_route=%2Fwp%2Fv2%2Fmedia&parent=129182"}],"wp:term":[{"taxonomy":"product_brand","embeddable":true,"href":"https:\/\/www.hediyepazar.com\/index.php?rest_route=%2Fwp%2Fv2%2Fproduct_brand&post=129182"},{"taxonomy":"product_cat","embeddable":true,"href":"https:\/\/www.hediyepazar.com\/index.php?rest_route=%2Fwp%2Fv2%2Fproduct_cat&post=129182"},{"taxonomy":"product_tag","embeddable":true,"href":"https:\/\/www.hediyepazar.com\/index.php?rest_route=%2Fwp%2Fv2%2Fproduct_tag&post=129182"}],"curies":[{"name":"wp","href":"https:\/\/api.w.org\/{rel}","templated":true}]}}