{"id":129184,"date":"2026-05-07T04:10:21","date_gmt":"2026-05-07T07:10:21","guid":{"rendered":"https:\/\/www.hediyepazar.com\/?product=kilitsiz-mobilya-tekerlegi-6-cm-4-adet-dayanikli-tasarim"},"modified":"2026-05-07T04:10:21","modified_gmt":"2026-05-07T07:10:21","slug":"kilitsiz-mobilya-tekerlegi-6-cm-4-adet-dayanikli-tasarim","status":"publish","type":"product","link":"https:\/\/www.hediyepazar.com\/?product=kilitsiz-mobilya-tekerlegi-6-cm-4-adet-dayanikli-tasarim","title":{"rendered":"Kilitsiz Mobilya Tekerle\u011fi 6 cm 4 Adet Dayan\u0131kl\u0131 Tasar\u0131m"},"content":{"rendered":"<p>6 cm \u00e7ap\u0131nda kilitsiz mobilya tekerle\u011fi seti, mobilyalar\u0131n\u0131za hareket kabiliyeti kazand\u0131rmak i\u00e7in ideal bir \u00fcr\u00fcnd\u00fcr. Y\u00fcksek kaliteli \u00fcretim malzemeleri sayesinde hem ev hem de ofis ortamlar\u0131nda g\u00fcvenle kullan\u0131labilir.Hal\u0131, parke, beton ve seramik zeminlerle uyumludur. Zemin \u00fczerinde iz b\u0131rakmaz ve mobilyalar\u0131n dengeli \u015fekilde hareket etmesini sa\u011flar. Kilitsiz yap\u0131s\u0131 sayesinde \u00f6zellikle s\u0131k ta\u015f\u0131nan masa, sehpa ve koltuklar i\u00e7in b\u00fcy\u00fck kolayl\u0131k sunar.Set i\u00e7eri\u011finde 4 adet tekerlek bulunur. Montaj\u0131 kolayd\u0131r ve bir\u00e7ok mobilya tipiyle uyumludur.<\/p>\n","protected":false},"excerpt":{"rendered":"<p>6 cm \u00e7ap\u0131nda kilitsiz mobilya tekerle\u011fi seti, mobilyalar\u0131n\u0131za hareket kabiliyeti kazand\u0131rmak i\u00e7in ideal bir \u00fcr\u00fcnd\u00fcr. Y\u00fcksek kaliteli \u00fcretim malzemeleri sayesinde hem ev hem de ofis ortamlar\u0131nda g\u00fcvenle kullan\u0131labilir.Hal\u0131, parke, beton ve seramik zeminlerle uyumludur. Zemin \u00fczerinde iz b\u0131rakmaz ve mobilyalar\u0131n dengeli \u015fekilde hareket etmesini sa\u011flar. Kilitsiz yap\u0131s\u0131 sayesinde \u00f6zellikle s\u0131k ta\u015f\u0131nan masa, sehpa ve koltuklar&#8230;<\/p>\n","protected":false},"featured_media":129183,"comment_status":"open","ping_status":"closed","template":"","meta":{"_kad_post_transparent":"","_kad_post_title":"","_kad_post_layout":"","_kad_post_sidebar_id":"","_kad_post_content_style":"","_kad_post_vertical_padding":"","_kad_post_feature":"","_kad_post_feature_position":"","_kad_post_header":false,"_kad_post_footer":false,"_kad_post_classname":""},"product_brand":[],"product_cat":[15340],"product_tag":[],"class_list":{"0":"post-129184","1":"product","2":"type-product","3":"status-publish","4":"has-post-thumbnail","6":"product_cat-masa-ayagi-masa-ayagi","8":"first","9":"instock","10":"purchasable","11":"product-type-simple","12":"entry","13":"content-bg","14":"loop-entry"},"_links":{"self":[{"href":"https:\/\/www.hediyepazar.com\/index.php?rest_route=\/wp\/v2\/product\/129184","targetHints":{"allow":["GET"]}}],"collection":[{"href":"https:\/\/www.hediyepazar.com\/index.php?rest_route=\/wp\/v2\/product"}],"about":[{"href":"https:\/\/www.hediyepazar.com\/index.php?rest_route=\/wp\/v2\/types\/product"}],"replies":[{"embeddable":true,"href":"https:\/\/www.hediyepazar.com\/index.php?rest_route=%2Fwp%2Fv2%2Fcomments&post=129184"}],"wp:featuredmedia":[{"embeddable":true,"href":"https:\/\/www.hediyepazar.com\/index.php?rest_route=\/wp\/v2\/media\/129183"}],"wp:attachment":[{"href":"https:\/\/www.hediyepazar.com\/index.php?rest_route=%2Fwp%2Fv2%2Fmedia&parent=129184"}],"wp:term":[{"taxonomy":"product_brand","embeddable":true,"href":"https:\/\/www.hediyepazar.com\/index.php?rest_route=%2Fwp%2Fv2%2Fproduct_brand&post=129184"},{"taxonomy":"product_cat","embeddable":true,"href":"https:\/\/www.hediyepazar.com\/index.php?rest_route=%2Fwp%2Fv2%2Fproduct_cat&post=129184"},{"taxonomy":"product_tag","embeddable":true,"href":"https:\/\/www.hediyepazar.com\/index.php?rest_route=%2Fwp%2Fv2%2Fproduct_tag&post=129184"}],"curies":[{"name":"wp","href":"https:\/\/api.w.org\/{rel}","templated":true}]}}