{"id":129186,"date":"2026-05-07T04:11:04","date_gmt":"2026-05-07T07:11:04","guid":{"rendered":"https:\/\/www.hediyepazar.com\/?product=6-cm-kilitsiz-masa-ayagi-tekerlegi-4lu-set-cok-amacli"},"modified":"2026-05-07T04:11:04","modified_gmt":"2026-05-07T07:11:04","slug":"6-cm-kilitsiz-masa-ayagi-tekerlegi-4lu-set-cok-amacli","status":"publish","type":"product","link":"https:\/\/www.hediyepazar.com\/?product=6-cm-kilitsiz-masa-ayagi-tekerlegi-4lu-set-cok-amacli","title":{"rendered":"6 cm Kilitsiz Masa Aya\u011f\u0131 Tekerle\u011fi 4\u2019l\u00fc Set \u00c7ok Ama\u00e7l\u0131"},"content":{"rendered":"<p>Y\u00fcksek kaliteli malzemeler kullan\u0131larak \u00fcretilen bu kilitsiz masa aya\u011f\u0131 tekerle\u011fi seti, ev ve ofis kullan\u0131m\u0131na uygun \u00e7ok y\u00f6nl\u00fc bir \u00e7\u00f6z\u00fcmd\u00fcr. 6 cm \u00e7ap\u0131ndaki tekerlekleri sayesinde mobilyalar\u0131n\u0131z\u0131 kolayca hareket ettirmenizi sa\u011flar. Kilit mekanizmas\u0131 bulunmad\u0131\u011f\u0131ndan pratik kullan\u0131m sunar ve s\u0131k yer de\u011fi\u015ftiren e\u015fyalar i\u00e7in idealdir.Hal\u0131 gibi yumu\u015fak zeminlerde oldu\u011fu kadar beton ve seramik gibi sert y\u00fczeylerde de g\u00fcvenle kullan\u0131labilir. Zeminlere zarar vermeden sessiz ve ak\u0131c\u0131 bir hareket sa\u011flar. Ofis koltuklar\u0131, \u00e7al\u0131\u015fma masalar\u0131, TV sehpalar\u0131, k\u00fc\u00e7\u00fck dolaplar ve benzeri mobilyalar i\u00e7in uygundur.Paket i\u00e7erisinde 4 adet kilitsiz tekerlek bulunmaktad\u0131r. Dayan\u0131kl\u0131 yap\u0131s\u0131 sayesinde uzun \u00f6m\u00fcrl\u00fc kullan\u0131m sunar ve farkl\u0131 t\u00fcketici ihtiya\u00e7lar\u0131n\u0131 kar\u015f\u0131layacak \u015fekilde tasarlanm\u0131\u015ft\u0131r.<\/p>\n","protected":false},"excerpt":{"rendered":"<p>Y\u00fcksek kaliteli malzemeler kullan\u0131larak \u00fcretilen bu kilitsiz masa aya\u011f\u0131 tekerle\u011fi seti, ev ve ofis kullan\u0131m\u0131na uygun \u00e7ok y\u00f6nl\u00fc bir \u00e7\u00f6z\u00fcmd\u00fcr. 6 cm \u00e7ap\u0131ndaki tekerlekleri sayesinde mobilyalar\u0131n\u0131z\u0131 kolayca hareket ettirmenizi sa\u011flar. Kilit mekanizmas\u0131 bulunmad\u0131\u011f\u0131ndan pratik kullan\u0131m sunar ve s\u0131k yer de\u011fi\u015ftiren e\u015fyalar i\u00e7in idealdir.Hal\u0131 gibi yumu\u015fak zeminlerde oldu\u011fu kadar beton ve seramik gibi sert y\u00fczeylerde de&#8230;<\/p>\n","protected":false},"featured_media":129185,"comment_status":"open","ping_status":"closed","template":"","meta":{"_kad_post_transparent":"","_kad_post_title":"","_kad_post_layout":"","_kad_post_sidebar_id":"","_kad_post_content_style":"","_kad_post_vertical_padding":"","_kad_post_feature":"","_kad_post_feature_position":"","_kad_post_header":false,"_kad_post_footer":false,"_kad_post_classname":""},"product_brand":[],"product_cat":[15340],"product_tag":[],"class_list":{"0":"post-129186","1":"product","2":"type-product","3":"status-publish","4":"has-post-thumbnail","6":"product_cat-masa-ayagi-masa-ayagi","8":"first","9":"instock","10":"purchasable","11":"product-type-simple","12":"entry","13":"content-bg","14":"loop-entry"},"_links":{"self":[{"href":"https:\/\/www.hediyepazar.com\/index.php?rest_route=\/wp\/v2\/product\/129186","targetHints":{"allow":["GET"]}}],"collection":[{"href":"https:\/\/www.hediyepazar.com\/index.php?rest_route=\/wp\/v2\/product"}],"about":[{"href":"https:\/\/www.hediyepazar.com\/index.php?rest_route=\/wp\/v2\/types\/product"}],"replies":[{"embeddable":true,"href":"https:\/\/www.hediyepazar.com\/index.php?rest_route=%2Fwp%2Fv2%2Fcomments&post=129186"}],"wp:featuredmedia":[{"embeddable":true,"href":"https:\/\/www.hediyepazar.com\/index.php?rest_route=\/wp\/v2\/media\/129185"}],"wp:attachment":[{"href":"https:\/\/www.hediyepazar.com\/index.php?rest_route=%2Fwp%2Fv2%2Fmedia&parent=129186"}],"wp:term":[{"taxonomy":"product_brand","embeddable":true,"href":"https:\/\/www.hediyepazar.com\/index.php?rest_route=%2Fwp%2Fv2%2Fproduct_brand&post=129186"},{"taxonomy":"product_cat","embeddable":true,"href":"https:\/\/www.hediyepazar.com\/index.php?rest_route=%2Fwp%2Fv2%2Fproduct_cat&post=129186"},{"taxonomy":"product_tag","embeddable":true,"href":"https:\/\/www.hediyepazar.com\/index.php?rest_route=%2Fwp%2Fv2%2Fproduct_tag&post=129186"}],"curies":[{"name":"wp","href":"https:\/\/api.w.org\/{rel}","templated":true}]}}