{"id":129190,"date":"2026-05-07T04:11:23","date_gmt":"2026-05-07T07:11:23","guid":{"rendered":"https:\/\/www.hediyepazar.com\/?product=2l-bahce-ve-arac-temizlik-pompasi-bakir-uclu-basincli-sprey"},"modified":"2026-05-07T04:11:23","modified_gmt":"2026-05-07T07:11:23","slug":"2l-bahce-ve-arac-temizlik-pompasi-bakir-uclu-basincli-sprey","status":"publish","type":"product","link":"https:\/\/www.hediyepazar.com\/?product=2l-bahce-ve-arac-temizlik-pompasi-bakir-uclu-basincli-sprey","title":{"rendered":"2L Bah\u00e7e ve Ara\u00e7 Temizlik Pompas\u0131 Bak\u0131r U\u00e7lu Bas\u0131n\u00e7l\u0131 Sprey"},"content":{"rendered":"<p>Bu 2 litrelik bas\u0131n\u00e7l\u0131 p\u00fcsk\u00fcrt\u00fcc\u00fc, oto bak\u0131m\u0131ndan bah\u00e7ecili\u011fe kadar geni\u015f kullan\u0131m alan\u0131na sahip \u00e7ok fonksiyonlu bir \u00fcr\u00fcnd\u00fcr. Saf bak\u0131r nozul ve demir bas\u0131n\u00e7 \u00e7ubu\u011fu sayesinde g\u00fc\u00e7l\u00fc p\u00fcsk\u00fcrtme sa\u011flar. Hem temizlik kimyasallar\u0131 hem de su bazl\u0131 s\u0131v\u0131larla kullan\u0131labilir. Ara\u00e7 cilas\u0131 uygulama, jant temizli\u011fi, cam ve plastik y\u00fczey temizli\u011fi i\u00e7in m\u00fckemmel performans g\u00f6sterir. \u00dcr\u00fcn iki farkl\u0131 p\u00fcsk\u00fcrtme modu sunar: d\u00fcz ak\u0131\u015f ve geni\u015f da\u011f\u0131l\u0131ml\u0131 sprey. Da\u011f\u0131n\u0131k p\u00fcsk\u00fcrtme geni\u015f y\u00fczeylerde, d\u00fcz ak\u0131\u015f ise noktasal temizlikte y\u00fcksek etkilidir. Maksimum seviyeye kadar doldurulduktan sonra 15\u201320 kez pompalama ile yeterli bas\u0131n\u00e7 elde edilir. Yakla\u015f\u0131k 4\u20135 kg\/cm\u00b2 bas\u0131n\u00e7la s\u0131v\u0131lar y\u00fczeye homojen \u015fekilde yay\u0131l\u0131r. Bah\u00e7e bitkilerinin sulanmas\u0131, ila\u00e7lama, temizlik s\u0131v\u0131lar\u0131 uygulama gibi i\u015flemler i\u00e7in de uygundur. Kullan\u0131c\u0131lara hem dayan\u0131kl\u0131l\u0131k hem pratiklik sunan bu p\u00fcsk\u00fcrt\u00fcc\u00fc, \u00e7ok y\u00f6nl\u00fc ve ekonomik bir \u00e7\u00f6z\u00fcmd\u00fcr.<\/p>\n","protected":false},"excerpt":{"rendered":"<p>Bu 2 litrelik bas\u0131n\u00e7l\u0131 p\u00fcsk\u00fcrt\u00fcc\u00fc, oto bak\u0131m\u0131ndan bah\u00e7ecili\u011fe kadar geni\u015f kullan\u0131m alan\u0131na sahip \u00e7ok fonksiyonlu bir \u00fcr\u00fcnd\u00fcr. Saf bak\u0131r nozul ve demir bas\u0131n\u00e7 \u00e7ubu\u011fu sayesinde g\u00fc\u00e7l\u00fc p\u00fcsk\u00fcrtme sa\u011flar. Hem temizlik kimyasallar\u0131 hem de su bazl\u0131 s\u0131v\u0131larla kullan\u0131labilir. Ara\u00e7 cilas\u0131 uygulama, jant temizli\u011fi, cam ve plastik y\u00fczey temizli\u011fi i\u00e7in m\u00fckemmel performans g\u00f6sterir. \u00dcr\u00fcn iki farkl\u0131 p\u00fcsk\u00fcrtme&#8230;<\/p>\n","protected":false},"featured_media":129189,"comment_status":"open","ping_status":"closed","template":"","meta":{"_kad_post_transparent":"","_kad_post_title":"","_kad_post_layout":"","_kad_post_sidebar_id":"","_kad_post_content_style":"","_kad_post_vertical_padding":"","_kad_post_feature":"","_kad_post_feature_position":"","_kad_post_header":false,"_kad_post_footer":false,"_kad_post_classname":""},"product_brand":[],"product_cat":[15286],"product_tag":[],"class_list":{"0":"post-129190","1":"product","2":"type-product","3":"status-publish","4":"has-post-thumbnail","6":"product_cat-su-puskurtucu-su-puskurtucu","8":"first","9":"instock","10":"purchasable","11":"product-type-simple","12":"entry","13":"content-bg","14":"loop-entry"},"_links":{"self":[{"href":"https:\/\/www.hediyepazar.com\/index.php?rest_route=\/wp\/v2\/product\/129190","targetHints":{"allow":["GET"]}}],"collection":[{"href":"https:\/\/www.hediyepazar.com\/index.php?rest_route=\/wp\/v2\/product"}],"about":[{"href":"https:\/\/www.hediyepazar.com\/index.php?rest_route=\/wp\/v2\/types\/product"}],"replies":[{"embeddable":true,"href":"https:\/\/www.hediyepazar.com\/index.php?rest_route=%2Fwp%2Fv2%2Fcomments&post=129190"}],"wp:featuredmedia":[{"embeddable":true,"href":"https:\/\/www.hediyepazar.com\/index.php?rest_route=\/wp\/v2\/media\/129189"}],"wp:attachment":[{"href":"https:\/\/www.hediyepazar.com\/index.php?rest_route=%2Fwp%2Fv2%2Fmedia&parent=129190"}],"wp:term":[{"taxonomy":"product_brand","embeddable":true,"href":"https:\/\/www.hediyepazar.com\/index.php?rest_route=%2Fwp%2Fv2%2Fproduct_brand&post=129190"},{"taxonomy":"product_cat","embeddable":true,"href":"https:\/\/www.hediyepazar.com\/index.php?rest_route=%2Fwp%2Fv2%2Fproduct_cat&post=129190"},{"taxonomy":"product_tag","embeddable":true,"href":"https:\/\/www.hediyepazar.com\/index.php?rest_route=%2Fwp%2Fv2%2Fproduct_tag&post=129190"}],"curies":[{"name":"wp","href":"https:\/\/api.w.org\/{rel}","templated":true}]}}