{"id":129208,"date":"2026-05-07T04:17:12","date_gmt":"2026-05-07T07:17:12","guid":{"rendered":"https:\/\/www.hediyepazar.com\/?product=5-parca-seyahat-kisisel-bakim-seti-sise-sprey-krem-kutulu"},"modified":"2026-05-07T04:17:12","modified_gmt":"2026-05-07T07:17:12","slug":"5-parca-seyahat-kisisel-bakim-seti-sise-sprey-krem-kutulu","status":"publish","type":"product","link":"https:\/\/www.hediyepazar.com\/?product=5-parca-seyahat-kisisel-bakim-seti-sise-sprey-krem-kutulu","title":{"rendered":"5 Par\u00e7a Seyahat Ki\u015fisel Bak\u0131m Seti \u015ei\u015fe Sprey Krem Kutulu"},"content":{"rendered":"<p>Pratik kullan\u0131m sa\u011flayan Seyahat Banyo Seti 5 Par\u00e7a, kompakt yap\u0131s\u0131 sayesinde \u00e7antan\u0131zda minimum yer kaplayarak maksimum kullan\u0131m imk\u00e2n\u0131 sunar. Setin i\u00e7inde 30 ml kapasiteli bir \u015fi\u015fe, bir sprey, bir \u015fampuanl\u0131k ve iki adet krem kutusu bulunur. T\u00fcm bu par\u00e7alar dayan\u0131kl\u0131, \u015feffaf ve hafif malzemeden \u00fcretilmi\u015ftir. B\u00f6ylece hem i\u00e7eri\u011fi g\u00f6rebilir hem de \u00fcr\u00fcnlerinizin d\u00fczenini kolayca sa\u011flayabilirsiniz. \u00d6zel s\u0131zd\u0131rmaz kapak yap\u0131s\u0131, seyahat esnas\u0131nda olu\u015fabilecek d\u00f6k\u00fclme ve s\u0131z\u0131nt\u0131lar\u0131 engeller. Setin ta\u015f\u0131ma \u00e7antas\u0131, t\u00fcm \u00fcr\u00fcnleri tek bir yerde muhafaza ederek d\u00fczen sa\u011flar. U\u00e7ak yolculuklar\u0131, tatiller, spor salonu, g\u00fcnl\u00fck \u00e7anta kullan\u0131m\u0131 ve ofis gibi bir\u00e7ok ortamda ideal bir yard\u0131mc\u0131d\u0131r. Kullan\u0131c\u0131 dostu tasar\u0131m\u0131, hem sade hem \u015f\u0131k g\u00f6r\u00fcn\u00fcm\u00fc ile dikkat \u00e7eker. Renkler kar\u0131\u015f\u0131k \u015fekilde g\u00f6nderilir, b\u00f6ylece her kullan\u0131c\u0131ya kendine \u00f6zg\u00fc bir set sunar. Hem ki\u015fisel kullan\u0131m hem de hediye olarak tercih edilebilecek pratik bir \u00fcr\u00fcnd\u00fcr.<\/p>\n","protected":false},"excerpt":{"rendered":"<p>Pratik kullan\u0131m sa\u011flayan Seyahat Banyo Seti 5 Par\u00e7a, kompakt yap\u0131s\u0131 sayesinde \u00e7antan\u0131zda minimum yer kaplayarak maksimum kullan\u0131m imk\u00e2n\u0131 sunar. Setin i\u00e7inde 30 ml kapasiteli bir \u015fi\u015fe, bir sprey, bir \u015fampuanl\u0131k ve iki adet krem kutusu bulunur. T\u00fcm bu par\u00e7alar dayan\u0131kl\u0131, \u015feffaf ve hafif malzemeden \u00fcretilmi\u015ftir. B\u00f6ylece hem i\u00e7eri\u011fi g\u00f6rebilir hem de \u00fcr\u00fcnlerinizin d\u00fczenini kolayca sa\u011flayabilirsiniz&#8230;.<\/p>\n","protected":false},"featured_media":129207,"comment_status":"open","ping_status":"closed","template":"","meta":{"_kad_post_transparent":"","_kad_post_title":"","_kad_post_layout":"","_kad_post_sidebar_id":"","_kad_post_content_style":"","_kad_post_vertical_padding":"","_kad_post_feature":"","_kad_post_feature_position":"","_kad_post_header":false,"_kad_post_footer":false,"_kad_post_classname":""},"product_brand":[],"product_cat":[15290],"product_tag":[],"class_list":{"0":"post-129208","1":"product","2":"type-product","3":"status-publish","4":"has-post-thumbnail","6":"product_cat-seyahat-sisesi-seyahat-sisesi","8":"first","9":"instock","10":"purchasable","11":"product-type-simple","12":"entry","13":"content-bg","14":"loop-entry"},"_links":{"self":[{"href":"https:\/\/www.hediyepazar.com\/index.php?rest_route=\/wp\/v2\/product\/129208","targetHints":{"allow":["GET"]}}],"collection":[{"href":"https:\/\/www.hediyepazar.com\/index.php?rest_route=\/wp\/v2\/product"}],"about":[{"href":"https:\/\/www.hediyepazar.com\/index.php?rest_route=\/wp\/v2\/types\/product"}],"replies":[{"embeddable":true,"href":"https:\/\/www.hediyepazar.com\/index.php?rest_route=%2Fwp%2Fv2%2Fcomments&post=129208"}],"wp:featuredmedia":[{"embeddable":true,"href":"https:\/\/www.hediyepazar.com\/index.php?rest_route=\/wp\/v2\/media\/129207"}],"wp:attachment":[{"href":"https:\/\/www.hediyepazar.com\/index.php?rest_route=%2Fwp%2Fv2%2Fmedia&parent=129208"}],"wp:term":[{"taxonomy":"product_brand","embeddable":true,"href":"https:\/\/www.hediyepazar.com\/index.php?rest_route=%2Fwp%2Fv2%2Fproduct_brand&post=129208"},{"taxonomy":"product_cat","embeddable":true,"href":"https:\/\/www.hediyepazar.com\/index.php?rest_route=%2Fwp%2Fv2%2Fproduct_cat&post=129208"},{"taxonomy":"product_tag","embeddable":true,"href":"https:\/\/www.hediyepazar.com\/index.php?rest_route=%2Fwp%2Fv2%2Fproduct_tag&post=129208"}],"curies":[{"name":"wp","href":"https:\/\/api.w.org\/{rel}","templated":true}]}}