{"id":129222,"date":"2026-05-07T04:19:00","date_gmt":"2026-05-07T07:19:00","guid":{"rendered":"https:\/\/www.hediyepazar.com\/?product=isiya-dayanikli-pc-govdeli-akim-korumali-priz-4-usb"},"modified":"2026-05-07T04:19:00","modified_gmt":"2026-05-07T07:19:00","slug":"isiya-dayanikli-pc-govdeli-akim-korumali-priz-4-usb","status":"publish","type":"product","link":"https:\/\/www.hediyepazar.com\/?product=isiya-dayanikli-pc-govdeli-akim-korumali-priz-4-usb","title":{"rendered":"Is\u0131ya Dayan\u0131kl\u0131 PC G\u00f6vdeli Ak\u0131m Korumal\u0131 Priz 4 USB"},"content":{"rendered":"<p>Winnboss Termal Korumal\u0131 Priz, y\u00fcksek g\u00fcvenlikli enerji kullan\u0131m\u0131na ihtiya\u00e7 duyan kullan\u0131c\u0131lar i\u00e7in geli\u015ftirilmi\u015f dayan\u0131kl\u0131 ve modern bir modeldir. 100-250V AC aral\u0131\u011f\u0131nda \u00e7al\u0131\u015farak t\u00fcm elektronik cihazlar i\u00e7in geni\u015f uyumluluk sunar. 2 USB ve 2 Type-C portu ile h\u0131zl\u0131 ve stabil \u015farj imk\u00e2n\u0131 sa\u011flar. Termal ak\u0131m koruma \u00f6zelli\u011fi, prizdeki \u0131s\u0131 y\u00fckselmelerini alg\u0131layarak cihazlar\u0131 koruma alt\u0131na al\u0131r. Smart ak\u0131m dengeleme sistemi, cihaz bataryas\u0131n\u0131 korur ve verimli \u015farj sa\u011flar. \u00c7ocuk korumas\u0131 mekanizmas\u0131 g\u00fcvenli kullan\u0131m sa\u011flarken, PC-ABC g\u00f6vde \u0131s\u0131ya kar\u015f\u0131 y\u00fcksek dayan\u0131m sunar. Telefon, tablet, laptop, kamera, TV ve hoparl\u00f6r gibi pek \u00e7ok cihazla sorunsuz \u015fekilde \u00e7al\u0131\u015f\u0131r. Hem teknolojik hem g\u00fcvenli bir enerji \u00e7\u00f6z\u00fcm\u00fc arayanlar i\u00e7in ideal bir se\u00e7imdir.<\/p>\n","protected":false},"excerpt":{"rendered":"<p>Winnboss Termal Korumal\u0131 Priz, y\u00fcksek g\u00fcvenlikli enerji kullan\u0131m\u0131na ihtiya\u00e7 duyan kullan\u0131c\u0131lar i\u00e7in geli\u015ftirilmi\u015f dayan\u0131kl\u0131 ve modern bir modeldir. 100-250V AC aral\u0131\u011f\u0131nda \u00e7al\u0131\u015farak t\u00fcm elektronik cihazlar i\u00e7in geni\u015f uyumluluk sunar. 2 USB ve 2 Type-C portu ile h\u0131zl\u0131 ve stabil \u015farj imk\u00e2n\u0131 sa\u011flar. Termal ak\u0131m koruma \u00f6zelli\u011fi, prizdeki \u0131s\u0131 y\u00fckselmelerini alg\u0131layarak cihazlar\u0131 koruma alt\u0131na al\u0131r. Smart&#8230;<\/p>\n","protected":false},"featured_media":129221,"comment_status":"open","ping_status":"closed","template":"","meta":{"_kad_post_transparent":"","_kad_post_title":"","_kad_post_layout":"","_kad_post_sidebar_id":"","_kad_post_content_style":"","_kad_post_vertical_padding":"","_kad_post_feature":"","_kad_post_feature_position":"","_kad_post_header":false,"_kad_post_footer":false,"_kad_post_classname":""},"product_brand":[],"product_cat":[15319],"product_tag":[],"class_list":{"0":"post-129222","1":"product","2":"type-product","3":"status-publish","4":"has-post-thumbnail","6":"product_cat-grup-priz-uzatma-kablosu-elektrik-tesisat-malzemesi-banyo-yapi-hirdavat-grup-priz-uzatma-kablosu","8":"first","9":"instock","10":"purchasable","11":"product-type-simple","12":"entry","13":"content-bg","14":"loop-entry"},"_links":{"self":[{"href":"https:\/\/www.hediyepazar.com\/index.php?rest_route=\/wp\/v2\/product\/129222","targetHints":{"allow":["GET"]}}],"collection":[{"href":"https:\/\/www.hediyepazar.com\/index.php?rest_route=\/wp\/v2\/product"}],"about":[{"href":"https:\/\/www.hediyepazar.com\/index.php?rest_route=\/wp\/v2\/types\/product"}],"replies":[{"embeddable":true,"href":"https:\/\/www.hediyepazar.com\/index.php?rest_route=%2Fwp%2Fv2%2Fcomments&post=129222"}],"wp:featuredmedia":[{"embeddable":true,"href":"https:\/\/www.hediyepazar.com\/index.php?rest_route=\/wp\/v2\/media\/129221"}],"wp:attachment":[{"href":"https:\/\/www.hediyepazar.com\/index.php?rest_route=%2Fwp%2Fv2%2Fmedia&parent=129222"}],"wp:term":[{"taxonomy":"product_brand","embeddable":true,"href":"https:\/\/www.hediyepazar.com\/index.php?rest_route=%2Fwp%2Fv2%2Fproduct_brand&post=129222"},{"taxonomy":"product_cat","embeddable":true,"href":"https:\/\/www.hediyepazar.com\/index.php?rest_route=%2Fwp%2Fv2%2Fproduct_cat&post=129222"},{"taxonomy":"product_tag","embeddable":true,"href":"https:\/\/www.hediyepazar.com\/index.php?rest_route=%2Fwp%2Fv2%2Fproduct_tag&post=129222"}],"curies":[{"name":"wp","href":"https:\/\/api.w.org\/{rel}","templated":true}]}}