{"id":129270,"date":"2026-05-07T04:31:05","date_gmt":"2026-05-07T07:31:05","guid":{"rendered":"https:\/\/www.hediyepazar.com\/?product=32-led-tv-montaj-aparati-saglam-yapi-kolay-kurulum"},"modified":"2026-05-07T04:31:05","modified_gmt":"2026-05-07T07:31:05","slug":"32-led-tv-montaj-aparati-saglam-yapi-kolay-kurulum","status":"publish","type":"product","link":"https:\/\/www.hediyepazar.com\/?product=32-led-tv-montaj-aparati-saglam-yapi-kolay-kurulum","title":{"rendered":"32\u201d LED TV Montaj Aparat\u0131 Sa\u011flam Yap\u0131 Kolay Kurulum"},"content":{"rendered":"<p>Sadece 32 in\u00e7 LED TV\u2019ler i\u00e7in tasarlanm\u0131\u015f bu duvar ask\u0131 aparat\u0131, televizyonunuzun g\u00fcvenli \u015fekilde sabitlenmesini sa\u011flayan sa\u011flam bir montaj sistemine sahiptir. 32\u201d ekran boyutuna tam uyumlu yap\u0131s\u0131 sayesinde maksimum stabilite sunar ve televizyonun duvarda sabit bi\u00e7imde durmas\u0131na yard\u0131mc\u0131 olur.\u00dcr\u00fcn, dayan\u0131kl\u0131 metal g\u00f6vde yap\u0131s\u0131yla uzun \u00f6m\u00fcrl\u00fc kullan\u0131m garantisi verir. LED TV\u2019lerin a\u011f\u0131rl\u0131\u011f\u0131n\u0131 rahatl\u0131kla ta\u015f\u0131yabilecek kapasitededir ve duvara s\u0131k\u0131ca oturarak ekran\u0131n sallanmas\u0131n\u0131, e\u011filmesini veya kaymas\u0131n\u0131 engeller. Bu sayede hem g\u00fcvenli hem de konforlu bir izleme deneyimi sunar.Montaj s\u00fcreci olduk\u00e7a kolayd\u0131r. \u00dcr\u00fcnle birlikte verilen ba\u011flant\u0131 seti sayesinde hem profesyonel kullan\u0131c\u0131lar hem de bireysel kullan\u0131c\u0131lar taraf\u0131ndan pratik \u015fekilde kurulabilir. LED TV\u2019lerin montaj delik standartlar\u0131na uygun tasar\u0131m\u0131, kurulum s\u0131ras\u0131nda kullan\u0131c\u0131ya b\u00fcy\u00fck kolayl\u0131k sa\u011flar.\u00dcr\u00fcn, 2 y\u0131l garanti ile sat\u0131\u015fa sunulmaktad\u0131r. Bu garanti, \u00fcr\u00fcn\u00fcn dayan\u0131kl\u0131l\u0131\u011f\u0131n\u0131 ve \u00fcretim kalitesini destekleyen \u00f6nemli bir avantajd\u0131r. Kullan\u0131c\u0131, sat\u0131n alma sonras\u0131 s\u00fcre\u00e7te de g\u00fcvenle \u00fcr\u00fcn\u00fc kullanabilir.Bu ask\u0131 aparat\u0131, salon, yatak odas\u0131, ofis, ma\u011faza ve otel gibi pek \u00e7ok alanda kullan\u0131labilir. TV\u2019nin duvara sabitlenmesi hem yer kazand\u0131r\u0131r hem de daha modern bir g\u00f6r\u00fcn\u00fcm sa\u011flar. Ayr\u0131ca ekran\u0131n g\u00f6z hizas\u0131nda konumland\u0131r\u0131lmas\u0131 daha ergonomik bir izleme sa\u011flar.32 in\u00e7 LED TV sahibi olanlar i\u00e7in g\u00fcvenli, kaliteli ve kolay kurulum sunan bir ask\u0131 aparat\u0131 ar\u0131yorsan\u0131z, bu \u00fcr\u00fcn beklentilerinizi tam olarak kar\u015f\u0131layacakt\u0131r.<\/p>\n","protected":false},"excerpt":{"rendered":"<p>Sadece 32 in\u00e7 LED TV\u2019ler i\u00e7in tasarlanm\u0131\u015f bu duvar ask\u0131 aparat\u0131, televizyonunuzun g\u00fcvenli \u015fekilde sabitlenmesini sa\u011flayan sa\u011flam bir montaj sistemine sahiptir. 32\u201d ekran boyutuna tam uyumlu yap\u0131s\u0131 sayesinde maksimum stabilite sunar ve televizyonun duvarda sabit bi\u00e7imde durmas\u0131na yard\u0131mc\u0131 olur.\u00dcr\u00fcn, dayan\u0131kl\u0131 metal g\u00f6vde yap\u0131s\u0131yla uzun \u00f6m\u00fcrl\u00fc kullan\u0131m garantisi verir. LED TV\u2019lerin a\u011f\u0131rl\u0131\u011f\u0131n\u0131 rahatl\u0131kla ta\u015f\u0131yabilecek kapasitededir ve&#8230;<\/p>\n","protected":false},"featured_media":129269,"comment_status":"open","ping_status":"closed","template":"","meta":{"_kad_post_transparent":"","_kad_post_title":"","_kad_post_layout":"","_kad_post_sidebar_id":"","_kad_post_content_style":"","_kad_post_vertical_padding":"","_kad_post_feature":"","_kad_post_feature_position":"","_kad_post_header":false,"_kad_post_footer":false,"_kad_post_classname":""},"product_brand":[],"product_cat":[15331],"product_tag":[],"class_list":{"0":"post-129270","1":"product","2":"type-product","3":"status-publish","4":"has-post-thumbnail","6":"product_cat-tv-tutucu-tv-tutucu","8":"first","9":"instock","10":"purchasable","11":"product-type-simple","12":"entry","13":"content-bg","14":"loop-entry"},"_links":{"self":[{"href":"https:\/\/www.hediyepazar.com\/index.php?rest_route=\/wp\/v2\/product\/129270","targetHints":{"allow":["GET"]}}],"collection":[{"href":"https:\/\/www.hediyepazar.com\/index.php?rest_route=\/wp\/v2\/product"}],"about":[{"href":"https:\/\/www.hediyepazar.com\/index.php?rest_route=\/wp\/v2\/types\/product"}],"replies":[{"embeddable":true,"href":"https:\/\/www.hediyepazar.com\/index.php?rest_route=%2Fwp%2Fv2%2Fcomments&post=129270"}],"wp:featuredmedia":[{"embeddable":true,"href":"https:\/\/www.hediyepazar.com\/index.php?rest_route=\/wp\/v2\/media\/129269"}],"wp:attachment":[{"href":"https:\/\/www.hediyepazar.com\/index.php?rest_route=%2Fwp%2Fv2%2Fmedia&parent=129270"}],"wp:term":[{"taxonomy":"product_brand","embeddable":true,"href":"https:\/\/www.hediyepazar.com\/index.php?rest_route=%2Fwp%2Fv2%2Fproduct_brand&post=129270"},{"taxonomy":"product_cat","embeddable":true,"href":"https:\/\/www.hediyepazar.com\/index.php?rest_route=%2Fwp%2Fv2%2Fproduct_cat&post=129270"},{"taxonomy":"product_tag","embeddable":true,"href":"https:\/\/www.hediyepazar.com\/index.php?rest_route=%2Fwp%2Fv2%2Fproduct_tag&post=129270"}],"curies":[{"name":"wp","href":"https:\/\/api.w.org\/{rel}","templated":true}]}}