{"id":129304,"date":"2026-05-07T04:40:12","date_gmt":"2026-05-07T07:40:12","guid":{"rendered":"https:\/\/www.hediyepazar.com\/?product=5li-mini-rulo-boya-seti-duvar-tavan-emulsiyon-uygulama"},"modified":"2026-05-07T04:40:12","modified_gmt":"2026-05-07T07:40:12","slug":"5li-mini-rulo-boya-seti-duvar-tavan-emulsiyon-uygulama","status":"publish","type":"product","link":"https:\/\/www.hediyepazar.com\/?product=5li-mini-rulo-boya-seti-duvar-tavan-emulsiyon-uygulama","title":{"rendered":"5\u2019li Mini Rulo Boya Seti Duvar Tavan Em\u00fclsiyon Uygulama"},"content":{"rendered":"<p>Bu 5\u2019li rulo seti, em\u00fclsiyon (su bazl\u0131) boyalarla m\u00fckemmel uyum sa\u011flayarak p\u00fcr\u00fczs\u00fcz bir boya performans\u0131 sunar. Boyay\u0131 y\u00fczeye e\u015fit ve homojen bir \u015fekilde yayar, iz b\u0131rakmadan uygulama yapman\u0131za olanak tan\u0131r. Duvar ve tavan boyamalar\u0131 i\u00e7in ideal oldu\u011fu gibi, detayl\u0131 b\u00f6lgelerde de y\u00fcksek kontrol sunar. Damlama yapmayan yap\u0131s\u0131 sayesinde temiz ve d\u00fczenli bir \u00e7al\u0131\u015fma ortam\u0131 sa\u011flar. Hem ev kullan\u0131c\u0131lar\u0131 hem profesyoneller i\u00e7in pratik, dayan\u0131kl\u0131 ve uzun \u00f6m\u00fcrl\u00fc bir boyama \u00e7\u00f6z\u00fcm\u00fcd\u00fcr.<\/p>\n","protected":false},"excerpt":{"rendered":"<p>Bu 5\u2019li rulo seti, em\u00fclsiyon (su bazl\u0131) boyalarla m\u00fckemmel uyum sa\u011flayarak p\u00fcr\u00fczs\u00fcz bir boya performans\u0131 sunar. Boyay\u0131 y\u00fczeye e\u015fit ve homojen bir \u015fekilde yayar, iz b\u0131rakmadan uygulama yapman\u0131za olanak tan\u0131r. Duvar ve tavan boyamalar\u0131 i\u00e7in ideal oldu\u011fu gibi, detayl\u0131 b\u00f6lgelerde de y\u00fcksek kontrol sunar. Damlama yapmayan yap\u0131s\u0131 sayesinde temiz ve d\u00fczenli bir \u00e7al\u0131\u015fma ortam\u0131 sa\u011flar&#8230;.<\/p>\n","protected":false},"featured_media":129303,"comment_status":"open","ping_status":"closed","template":"","meta":{"_kad_post_transparent":"","_kad_post_title":"","_kad_post_layout":"","_kad_post_sidebar_id":"","_kad_post_content_style":"","_kad_post_vertical_padding":"","_kad_post_feature":"","_kad_post_feature_position":"","_kad_post_header":false,"_kad_post_footer":false,"_kad_post_classname":""},"product_brand":[],"product_cat":[15284],"product_tag":[],"class_list":{"0":"post-129304","1":"product","2":"type-product","3":"status-publish","4":"has-post-thumbnail","6":"product_cat-boya-fircasi-boya-fircasi","8":"first","9":"instock","10":"purchasable","11":"product-type-simple","12":"entry","13":"content-bg","14":"loop-entry"},"_links":{"self":[{"href":"https:\/\/www.hediyepazar.com\/index.php?rest_route=\/wp\/v2\/product\/129304","targetHints":{"allow":["GET"]}}],"collection":[{"href":"https:\/\/www.hediyepazar.com\/index.php?rest_route=\/wp\/v2\/product"}],"about":[{"href":"https:\/\/www.hediyepazar.com\/index.php?rest_route=\/wp\/v2\/types\/product"}],"replies":[{"embeddable":true,"href":"https:\/\/www.hediyepazar.com\/index.php?rest_route=%2Fwp%2Fv2%2Fcomments&post=129304"}],"wp:featuredmedia":[{"embeddable":true,"href":"https:\/\/www.hediyepazar.com\/index.php?rest_route=\/wp\/v2\/media\/129303"}],"wp:attachment":[{"href":"https:\/\/www.hediyepazar.com\/index.php?rest_route=%2Fwp%2Fv2%2Fmedia&parent=129304"}],"wp:term":[{"taxonomy":"product_brand","embeddable":true,"href":"https:\/\/www.hediyepazar.com\/index.php?rest_route=%2Fwp%2Fv2%2Fproduct_brand&post=129304"},{"taxonomy":"product_cat","embeddable":true,"href":"https:\/\/www.hediyepazar.com\/index.php?rest_route=%2Fwp%2Fv2%2Fproduct_cat&post=129304"},{"taxonomy":"product_tag","embeddable":true,"href":"https:\/\/www.hediyepazar.com\/index.php?rest_route=%2Fwp%2Fv2%2Fproduct_tag&post=129304"}],"curies":[{"name":"wp","href":"https:\/\/api.w.org\/{rel}","templated":true}]}}