{"id":129306,"date":"2026-05-07T04:40:20","date_gmt":"2026-05-07T07:40:20","guid":{"rendered":"https:\/\/www.hediyepazar.com\/?product=5li-rulo-boya-seti-kucuk-detay-calismalari-icin-uygun"},"modified":"2026-05-07T04:40:20","modified_gmt":"2026-05-07T07:40:20","slug":"5li-rulo-boya-seti-kucuk-detay-calismalari-icin-uygun","status":"publish","type":"product","link":"https:\/\/www.hediyepazar.com\/?product=5li-rulo-boya-seti-kucuk-detay-calismalari-icin-uygun","title":{"rendered":"5\u2019li Rulo Boya Seti K\u00fc\u00e7\u00fck Detay \u00c7al\u0131\u015fmalar\u0131 \u0130\u00e7in Uygun"},"content":{"rendered":"<p>Bu 5\u2019li boya rulo seti, duvar ve tavan boyama i\u015flemlerinde pratiklik ve kusursuz sonu\u00e7 isteyen kullan\u0131c\u0131lar i\u00e7in \u00f6zel olarak tasarlanm\u0131\u015ft\u0131r. Em\u00fclsiyon (su bazl\u0131) boyalarla en iyi performans\u0131 verecek \u015fekilde geli\u015ftirilen rulolar, boyay\u0131 y\u00fczeye e\u015fit \u015fekilde da\u011f\u0131tarak p\u00fcr\u00fczs\u00fcz bir biti\u015f sa\u011flar. \u00d6zellikle k\u00fc\u00e7\u00fck detaylarda, dar alanlarda ve hassas b\u00f6lgelerde y\u00fcksek kontrol sunan yap\u0131s\u0131yla hem profesyoneller hem de ev kullan\u0131c\u0131lar\u0131 i\u00e7in ideal bir se\u00e7imdir.Setin i\u00e7erisindeki rulolar, duvar ve tavan gibi geni\u015f y\u00fczeylerin yan\u0131 s\u0131ra k\u00f6\u015fe ve kenar k\u0131s\u0131mlar i\u00e7in de kolayl\u0131k sa\u011flar. T\u00fcy d\u00f6kmeyen \u00f6zel rulo yap\u0131s\u0131 sayesinde boya uygulamas\u0131 s\u0131ras\u0131nda iz b\u0131rakmaz, damlama yapmaz ve tek katta daha iyi kapat\u0131c\u0131l\u0131k sunar. Bu da hem boya t\u00fcketimini azalt\u0131r hem de \u00e7al\u0131\u015fma s\u00fcresini \u00f6nemli \u00f6l\u00e7\u00fcde k\u0131salt\u0131r.Boya projelerinde kullan\u0131c\u0131 deneyimini art\u0131ran ergonomik tasar\u0131m\u0131, elinizi yormadan uzun s\u00fcre \u00e7al\u0131\u015fman\u0131za yard\u0131mc\u0131 olur. Hafif yap\u0131s\u0131 ile \u00f6zellikle y\u00fcksek alanlara ula\u015f\u0131rken b\u00fcy\u00fck kolayl\u0131k sa\u011flar. Rulo y\u00fczeyi, boyay\u0131 e\u015fit \u015fekilde y\u00fckleyip da\u011f\u0131tacak \u015fekilde tasarland\u0131\u011f\u0131ndan profesyonel bir biti\u015f elde etmeyi m\u00fcmk\u00fcn k\u0131lar.Ev dekorasyonunda yenileme yaparken, duvar r\u00f6tu\u015flar\u0131nda, tavan boyamalar\u0131nda ve b\u00fcy\u00fck y\u00fczeylerde g\u00fcvenilir performans sa\u011flar. Ayr\u0131ca d\u0131\u015f cephe gibi daha geni\u015f alanlarda kullan\u0131labilir. Yeni ba\u015flayan kullan\u0131c\u0131lar i\u00e7in bile kolay kontrol edilebilir yap\u0131s\u0131 sayesinde sorunsuz bir boyama deneyimi sunar.Temizli\u011fi kolay olan bu rulo seti, su ve hafif deterjanla k\u0131sa s\u00fcrede temizlenir ve defalarca kullan\u0131labilir. Ekonomik yap\u0131s\u0131 sayesinde tek pakette birden fazla rulo sunarak maliyet avantaj\u0131 sa\u011flar. Hem h\u0131zl\u0131 hem de kaliteli sonu\u00e7 isteyenler i\u00e7in vazge\u00e7ilmezdir.<\/p>\n","protected":false},"excerpt":{"rendered":"<p>Bu 5\u2019li boya rulo seti, duvar ve tavan boyama i\u015flemlerinde pratiklik ve kusursuz sonu\u00e7 isteyen kullan\u0131c\u0131lar i\u00e7in \u00f6zel olarak tasarlanm\u0131\u015ft\u0131r. Em\u00fclsiyon (su bazl\u0131) boyalarla en iyi performans\u0131 verecek \u015fekilde geli\u015ftirilen rulolar, boyay\u0131 y\u00fczeye e\u015fit \u015fekilde da\u011f\u0131tarak p\u00fcr\u00fczs\u00fcz bir biti\u015f sa\u011flar. \u00d6zellikle k\u00fc\u00e7\u00fck detaylarda, dar alanlarda ve hassas b\u00f6lgelerde y\u00fcksek kontrol sunan yap\u0131s\u0131yla hem profesyoneller hem&#8230;<\/p>\n","protected":false},"featured_media":129305,"comment_status":"open","ping_status":"closed","template":"","meta":{"_kad_post_transparent":"","_kad_post_title":"","_kad_post_layout":"","_kad_post_sidebar_id":"","_kad_post_content_style":"","_kad_post_vertical_padding":"","_kad_post_feature":"","_kad_post_feature_position":"","_kad_post_header":false,"_kad_post_footer":false,"_kad_post_classname":""},"product_brand":[],"product_cat":[15284],"product_tag":[],"class_list":{"0":"post-129306","1":"product","2":"type-product","3":"status-publish","4":"has-post-thumbnail","6":"product_cat-boya-fircasi-boya-fircasi","8":"first","9":"instock","10":"purchasable","11":"product-type-simple","12":"entry","13":"content-bg","14":"loop-entry"},"_links":{"self":[{"href":"https:\/\/www.hediyepazar.com\/index.php?rest_route=\/wp\/v2\/product\/129306","targetHints":{"allow":["GET"]}}],"collection":[{"href":"https:\/\/www.hediyepazar.com\/index.php?rest_route=\/wp\/v2\/product"}],"about":[{"href":"https:\/\/www.hediyepazar.com\/index.php?rest_route=\/wp\/v2\/types\/product"}],"replies":[{"embeddable":true,"href":"https:\/\/www.hediyepazar.com\/index.php?rest_route=%2Fwp%2Fv2%2Fcomments&post=129306"}],"wp:featuredmedia":[{"embeddable":true,"href":"https:\/\/www.hediyepazar.com\/index.php?rest_route=\/wp\/v2\/media\/129305"}],"wp:attachment":[{"href":"https:\/\/www.hediyepazar.com\/index.php?rest_route=%2Fwp%2Fv2%2Fmedia&parent=129306"}],"wp:term":[{"taxonomy":"product_brand","embeddable":true,"href":"https:\/\/www.hediyepazar.com\/index.php?rest_route=%2Fwp%2Fv2%2Fproduct_brand&post=129306"},{"taxonomy":"product_cat","embeddable":true,"href":"https:\/\/www.hediyepazar.com\/index.php?rest_route=%2Fwp%2Fv2%2Fproduct_cat&post=129306"},{"taxonomy":"product_tag","embeddable":true,"href":"https:\/\/www.hediyepazar.com\/index.php?rest_route=%2Fwp%2Fv2%2Fproduct_tag&post=129306"}],"curies":[{"name":"wp","href":"https:\/\/api.w.org\/{rel}","templated":true}]}}