{"id":129312,"date":"2026-05-07T04:42:14","date_gmt":"2026-05-07T07:42:14","guid":{"rendered":"https:\/\/www.hediyepazar.com\/?product=endustriyel-2000w-isi-tabancasi-plastik-boru-lehim-boya-cikarma"},"modified":"2026-05-07T04:42:14","modified_gmt":"2026-05-07T07:42:14","slug":"endustriyel-2000w-isi-tabancasi-plastik-boru-lehim-boya-cikarma","status":"publish","type":"product","link":"https:\/\/www.hediyepazar.com\/?product=endustriyel-2000w-isi-tabancasi-plastik-boru-lehim-boya-cikarma","title":{"rendered":"End\u00fcstriyel 2000W Is\u0131 Tabancas\u0131 Plastik Boru Lehim Boya \u00c7\u0131karma"},"content":{"rendered":"<p>2000W g\u00fcc\u00fcndeki bu s\u0131cak hava tabancas\u0131, g\u00fc\u00e7l\u00fc motoru ve seramik rezistans teknolojisi ile uzun \u00f6m\u00fcrl\u00fc ve y\u00fcksek performansl\u0131 bir \u00e7al\u0131\u015fma deneyimi sunar. 380\u00b0C ve 500\u00b0C olmak \u00fczere iki farkl\u0131 s\u0131cakl\u0131k ayar\u0131yla hem hassas hem de profesyonel i\u015flemler i\u00e7in uygundur. Lehimleme, boyama \u00f6ncesi y\u00fczey haz\u0131rl\u0131\u011f\u0131, yap\u0131\u015ft\u0131r\u0131c\u0131 \u00e7\u00f6zme, kablo makaronlama ve plastik b\u00fczme gibi pek \u00e7ok i\u015flemde kullan\u0131labilir.Cihaz\u0131n dik \u015fekilde sabit durabilmesi, \u00f6zellikle eller serbest kullan\u0131m isteyen uygulamalarda b\u00fcy\u00fck kolayl\u0131k sa\u011flar. Seramik \u0131s\u0131t\u0131c\u0131 sistemi, cihaz\u0131n daha h\u0131zl\u0131 \u0131s\u0131nmas\u0131n\u0131 ve \u0131s\u0131y\u0131 uzun s\u00fcre stabil \u015fekilde korumas\u0131n\u0131 sa\u011flar.Ergonomik sap\u0131, elinizde kaymadan sa\u011flam bir tutu\u015f sunar. Hafif tasar\u0131m\u0131 ile uzun s\u00fcreli \u00e7al\u0131\u015fma s\u0131ras\u0131nda yorulma hissini minimuma indirir. Titre\u015fim uyumlu elektronik yap\u0131s\u0131, cihaz\u0131n daha stabil ve g\u00fcvenli \u00e7al\u0131\u015fmas\u0131n\u0131 m\u00fcmk\u00fcn k\u0131lar.Bu s\u0131cak hava tabancas\u0131, profesyonel ustalardan evde kendi i\u015fini halletmek isteyen hobi kullan\u0131c\u0131lar\u0131na kadar geni\u015f bir kullan\u0131c\u0131 kitlesine hitap eder. PVC boru montaj\u0131, mobilya yenileme, boya s\u00f6kme, plastik \u015fekillendirme gibi i\u015flemler i\u00e7in y\u00fcksek performansl\u0131 bir \u00e7\u00f6z\u00fcmd\u00fcr.<\/p>\n","protected":false},"excerpt":{"rendered":"<p>2000W g\u00fcc\u00fcndeki bu s\u0131cak hava tabancas\u0131, g\u00fc\u00e7l\u00fc motoru ve seramik rezistans teknolojisi ile uzun \u00f6m\u00fcrl\u00fc ve y\u00fcksek performansl\u0131 bir \u00e7al\u0131\u015fma deneyimi sunar. 380\u00b0C ve 500\u00b0C olmak \u00fczere iki farkl\u0131 s\u0131cakl\u0131k ayar\u0131yla hem hassas hem de profesyonel i\u015flemler i\u00e7in uygundur. Lehimleme, boyama \u00f6ncesi y\u00fczey haz\u0131rl\u0131\u011f\u0131, yap\u0131\u015ft\u0131r\u0131c\u0131 \u00e7\u00f6zme, kablo makaronlama ve plastik b\u00fczme gibi pek \u00e7ok i\u015flemde&#8230;<\/p>\n","protected":false},"featured_media":129311,"comment_status":"open","ping_status":"closed","template":"","meta":{"_kad_post_transparent":"","_kad_post_title":"","_kad_post_layout":"","_kad_post_sidebar_id":"","_kad_post_content_style":"","_kad_post_vertical_padding":"","_kad_post_feature":"","_kad_post_feature_position":"","_kad_post_header":false,"_kad_post_footer":false,"_kad_post_classname":""},"product_brand":[],"product_cat":[15276],"product_tag":[],"class_list":{"0":"post-129312","1":"product","2":"type-product","3":"status-publish","4":"has-post-thumbnail","6":"product_cat-isi-tabancasi-isi-tabancasi","8":"first","9":"instock","10":"purchasable","11":"product-type-simple","12":"entry","13":"content-bg","14":"loop-entry"},"_links":{"self":[{"href":"https:\/\/www.hediyepazar.com\/index.php?rest_route=\/wp\/v2\/product\/129312","targetHints":{"allow":["GET"]}}],"collection":[{"href":"https:\/\/www.hediyepazar.com\/index.php?rest_route=\/wp\/v2\/product"}],"about":[{"href":"https:\/\/www.hediyepazar.com\/index.php?rest_route=\/wp\/v2\/types\/product"}],"replies":[{"embeddable":true,"href":"https:\/\/www.hediyepazar.com\/index.php?rest_route=%2Fwp%2Fv2%2Fcomments&post=129312"}],"wp:featuredmedia":[{"embeddable":true,"href":"https:\/\/www.hediyepazar.com\/index.php?rest_route=\/wp\/v2\/media\/129311"}],"wp:attachment":[{"href":"https:\/\/www.hediyepazar.com\/index.php?rest_route=%2Fwp%2Fv2%2Fmedia&parent=129312"}],"wp:term":[{"taxonomy":"product_brand","embeddable":true,"href":"https:\/\/www.hediyepazar.com\/index.php?rest_route=%2Fwp%2Fv2%2Fproduct_brand&post=129312"},{"taxonomy":"product_cat","embeddable":true,"href":"https:\/\/www.hediyepazar.com\/index.php?rest_route=%2Fwp%2Fv2%2Fproduct_cat&post=129312"},{"taxonomy":"product_tag","embeddable":true,"href":"https:\/\/www.hediyepazar.com\/index.php?rest_route=%2Fwp%2Fv2%2Fproduct_tag&post=129312"}],"curies":[{"name":"wp","href":"https:\/\/api.w.org\/{rel}","templated":true}]}}