{"id":129322,"date":"2026-05-07T04:46:23","date_gmt":"2026-05-07T07:46:23","guid":{"rendered":"https:\/\/www.hediyepazar.com\/?product=akilli-su-akis-kontrollu-kopek-su-matara-tasinabilir-gezdirme-sisesi"},"modified":"2026-05-07T04:46:23","modified_gmt":"2026-05-07T07:46:23","slug":"akilli-su-akis-kontrollu-kopek-su-matara-tasinabilir-gezdirme-sisesi","status":"publish","type":"product","link":"https:\/\/www.hediyepazar.com\/?product=akilli-su-akis-kontrollu-kopek-su-matara-tasinabilir-gezdirme-sisesi","title":{"rendered":"Ak\u0131ll\u0131 Su Ak\u0131\u015f Kontroll\u00fc K\u00f6pek Su Matara Ta\u015f\u0131nabilir Gezdirme \u015ei\u015fesi"},"content":{"rendered":"<p>Evcil hayvanlar\u0131n temiz su t\u00fcketimi sa\u011fl\u0131\u011f\u0131 i\u00e7in son derece \u00f6nemlidir. Bu ta\u015f\u0131nabilir su \u015fi\u015fesi, g\u0131da s\u0131n\u0131f\u0131 y\u00fcksek kalite plastikten \u00fcretilmi\u015f olup BPA i\u00e7ermez. B\u00f6ylece suyun yap\u0131s\u0131n\u0131 ve tad\u0131n\u0131 korur, koku b\u0131rakmaz. \u00dcr\u00fcn\u00fcn tasar\u0131m\u0131nda kullan\u0131lan p\u00fcr\u00fczs\u00fcz y\u00fczey, hijyenik bir kullan\u0131m sa\u011flar ve temizlemeyi son derece kolay hale getirir.Tek elle kullan\u0131lan su ak\u0131\u015f d\u00fc\u011fmesi sayesinde evcil dostunuza birka\u00e7 saniye i\u00e7inde taze su verebilirsiniz. D\u00fc\u011fme b\u0131rak\u0131ld\u0131\u011f\u0131nda su ak\u0131\u015f\u0131 durur ve bo\u015fa su akmas\u0131 engellenir. Kullan\u0131lmayan su isterse hazneye geri d\u00f6nd\u00fcr\u00fclebilir. Bu \u00f6zellik hem su tasarrufu sa\u011flar hem de pratiklik sunar.S\u0131zd\u0131rmaz kilit mekanizmas\u0131, y\u00fcr\u00fcy\u00fc\u015f veya seyahat s\u0131ras\u0131nda \u00e7antaya koydu\u011funuzda su s\u0131z\u0131nt\u0131s\u0131 riskini ortadan kald\u0131r\u0131r. Dayan\u0131kl\u0131 g\u00f6vdesi darbelere kar\u015f\u0131 olduk\u00e7a diren\u00e7lidir, bu da uzun \u00f6m\u00fcrl\u00fc bir kullan\u0131m sa\u011flar.Kedi, k\u00f6pek gibi t\u00fcm k\u00fc\u00e7\u00fck\/orta \u0131rklar i\u00e7in uygundur. \u015eeffaf alt hazne su seviyesini takip etmenizi kolayla\u015ft\u0131r\u0131rken, \u00fcst kap a\u00e7\u0131k a\u011f\u0131z formuyla hayvanlar\u0131n rahat ve do\u011fal \u015fekilde i\u00e7mesine yard\u0131mc\u0131 olur. G\u00fcnl\u00fck y\u00fcr\u00fcy\u00fc\u015fler, park gezileri, tatiller ve ara\u00e7 yolculuklar\u0131 i\u00e7in ideal bir \u00fcr\u00fcnd\u00fcr.<\/p>\n","protected":false},"excerpt":{"rendered":"<p>Evcil hayvanlar\u0131n temiz su t\u00fcketimi sa\u011fl\u0131\u011f\u0131 i\u00e7in son derece \u00f6nemlidir. Bu ta\u015f\u0131nabilir su \u015fi\u015fesi, g\u0131da s\u0131n\u0131f\u0131 y\u00fcksek kalite plastikten \u00fcretilmi\u015f olup BPA i\u00e7ermez. B\u00f6ylece suyun yap\u0131s\u0131n\u0131 ve tad\u0131n\u0131 korur, koku b\u0131rakmaz. \u00dcr\u00fcn\u00fcn tasar\u0131m\u0131nda kullan\u0131lan p\u00fcr\u00fczs\u00fcz y\u00fczey, hijyenik bir kullan\u0131m sa\u011flar ve temizlemeyi son derece kolay hale getirir.Tek elle kullan\u0131lan su ak\u0131\u015f d\u00fc\u011fmesi sayesinde evcil dostunuza&#8230;<\/p>\n","protected":false},"featured_media":129321,"comment_status":"open","ping_status":"closed","template":"","meta":{"_kad_post_transparent":"","_kad_post_title":"","_kad_post_layout":"","_kad_post_sidebar_id":"","_kad_post_content_style":"","_kad_post_vertical_padding":"","_kad_post_feature":"","_kad_post_feature_position":"","_kad_post_header":false,"_kad_post_footer":false,"_kad_post_classname":""},"product_brand":[],"product_cat":[14338],"product_tag":[],"class_list":{"0":"post-129322","1":"product","2":"type-product","3":"status-publish","4":"has-post-thumbnail","6":"product_cat-evcil-hayvan-urunleri-pet-shop-supermarket-evcil-hayvan-urunleri","8":"first","9":"instock","10":"purchasable","11":"product-type-simple","12":"entry","13":"content-bg","14":"loop-entry"},"_links":{"self":[{"href":"https:\/\/www.hediyepazar.com\/index.php?rest_route=\/wp\/v2\/product\/129322","targetHints":{"allow":["GET"]}}],"collection":[{"href":"https:\/\/www.hediyepazar.com\/index.php?rest_route=\/wp\/v2\/product"}],"about":[{"href":"https:\/\/www.hediyepazar.com\/index.php?rest_route=\/wp\/v2\/types\/product"}],"replies":[{"embeddable":true,"href":"https:\/\/www.hediyepazar.com\/index.php?rest_route=%2Fwp%2Fv2%2Fcomments&post=129322"}],"wp:featuredmedia":[{"embeddable":true,"href":"https:\/\/www.hediyepazar.com\/index.php?rest_route=\/wp\/v2\/media\/129321"}],"wp:attachment":[{"href":"https:\/\/www.hediyepazar.com\/index.php?rest_route=%2Fwp%2Fv2%2Fmedia&parent=129322"}],"wp:term":[{"taxonomy":"product_brand","embeddable":true,"href":"https:\/\/www.hediyepazar.com\/index.php?rest_route=%2Fwp%2Fv2%2Fproduct_brand&post=129322"},{"taxonomy":"product_cat","embeddable":true,"href":"https:\/\/www.hediyepazar.com\/index.php?rest_route=%2Fwp%2Fv2%2Fproduct_cat&post=129322"},{"taxonomy":"product_tag","embeddable":true,"href":"https:\/\/www.hediyepazar.com\/index.php?rest_route=%2Fwp%2Fv2%2Fproduct_tag&post=129322"}],"curies":[{"name":"wp","href":"https:\/\/api.w.org\/{rel}","templated":true}]}}