{"id":129346,"date":"2026-05-07T04:51:01","date_gmt":"2026-05-07T07:51:01","guid":{"rendered":"https:\/\/www.hediyepazar.com\/?product=tost-makinesi-ev-tipi-pratik-kullanim-4-tost-kapasiteli"},"modified":"2026-05-07T04:51:01","modified_gmt":"2026-05-07T07:51:01","slug":"tost-makinesi-ev-tipi-pratik-kullanim-4-tost-kapasiteli","status":"publish","type":"product","link":"https:\/\/www.hediyepazar.com\/?product=tost-makinesi-ev-tipi-pratik-kullanim-4-tost-kapasiteli","title":{"rendered":"Tost Makinesi Ev Tipi Pratik Kullan\u0131m 4 Tost Kapasiteli"},"content":{"rendered":"<p>Bu tost makinesi, g\u00fcnl\u00fck kullan\u0131mda pratiklik ve performans\u0131 bir arada sunmak i\u00e7in tasarlanm\u0131\u015f kompakt ve g\u00fc\u00e7l\u00fc bir ev aletidir. D\u00f6rt tost kapasitesi sunan geni\u015f pi\u015firme alan\u0131, ayn\u0131 anda daha fazla tost haz\u0131rlamak isteyen aileler, \u00f6\u011frenciler ve yo\u011fun i\u015fi olan kullan\u0131c\u0131lar i\u00e7in b\u00fcy\u00fck kolayl\u0131k sa\u011flar. 1500 watt g\u00fcc\u00fcnde \u00e7al\u0131\u015farak h\u0131zl\u0131 \u0131s\u0131nma \u00f6zelli\u011fine sahiptir. B\u00f6ylece tostlar\u0131n\u0131z\u0131 beklemeden, k\u0131sa s\u00fcrede ideal k\u0131vama ula\u015ft\u0131rabilirsiniz.\u00dcr\u00fcn\u00fcn \u00fcst k\u0131sm\u0131nda yer alan \u0131s\u0131 g\u00f6stergeleri, kullan\u0131m s\u0131ras\u0131nda makinenin ideal s\u0131cakl\u0131\u011fa ula\u015ft\u0131\u011f\u0131n\u0131 anlaman\u0131za yard\u0131mc\u0131 olur. Bu sayede tostlar\u0131n\u0131z\u0131n daha dengeli ve kontroll\u00fc bir \u015fekilde pi\u015fmesini sa\u011flayabilirsiniz. Yap\u0131\u015fmaz y\u00fczeyli pi\u015firme plakalar\u0131 hem tost yapmay\u0131 kolayla\u015ft\u0131r\u0131r, hem de temizli\u011fi zahmetsiz hale getirir. Kullan\u0131m sonras\u0131nda yaln\u0131zca nemli bir bezle silerek temiz bir g\u00f6r\u00fcn\u00fcm elde edebilirsiniz.Kompakt yap\u0131s\u0131 sayesinde mutfak tezgah\u0131nda fazla yer kaplamaz, dolaplarda kolayca saklanabilir. Ergonomik tasar\u0131m\u0131, kolay a\u00e7\u0131l\u0131p kapanmas\u0131n\u0131 sa\u011flar ve g\u00fcnl\u00fck kullan\u0131mda maksimum konfor sunar. Sa\u011flam yap\u0131s\u0131 uzun \u00f6m\u00fcrl\u00fc kullan\u0131m vadeder. Evde pratik kahvalt\u0131lar haz\u0131rlamak, sandvi\u00e7leri h\u0131zl\u0131ca \u0131s\u0131tmak ya da g\u00fcn i\u00e7inde k\u00fc\u00e7\u00fck at\u0131\u015ft\u0131rmal\u0131klar haz\u0131rlamak i\u00e7in ideal bir \u00e7\u00f6z\u00fcmd\u00fcr.Hem modern hem \u015f\u0131k tasar\u0131m\u0131yla mutfak dekorasyonuna uyum sa\u011flar. Kullan\u0131c\u0131 dostu \u00f6zelli\u011fi sayesinde her ya\u015f grubunun rahatl\u0131kla kullanabilece\u011fi bir \u00fcr\u00fcnd\u00fcr. G\u00fc\u00e7l\u00fc performans\u0131, geni\u015f tost kapasitesi ve kolay temizlenebilir y\u00fczeyiyle mutfakta vazge\u00e7ilmez yard\u0131mc\u0131lar\u0131n\u0131zdan biri olmaya adayd\u0131r.<\/p>\n","protected":false},"excerpt":{"rendered":"<p>Bu tost makinesi, g\u00fcnl\u00fck kullan\u0131mda pratiklik ve performans\u0131 bir arada sunmak i\u00e7in tasarlanm\u0131\u015f kompakt ve g\u00fc\u00e7l\u00fc bir ev aletidir. D\u00f6rt tost kapasitesi sunan geni\u015f pi\u015firme alan\u0131, ayn\u0131 anda daha fazla tost haz\u0131rlamak isteyen aileler, \u00f6\u011frenciler ve yo\u011fun i\u015fi olan kullan\u0131c\u0131lar i\u00e7in b\u00fcy\u00fck kolayl\u0131k sa\u011flar. 1500 watt g\u00fcc\u00fcnde \u00e7al\u0131\u015farak h\u0131zl\u0131 \u0131s\u0131nma \u00f6zelli\u011fine sahiptir. B\u00f6ylece tostlar\u0131n\u0131z\u0131 beklemeden,&#8230;<\/p>\n","protected":false},"featured_media":129345,"comment_status":"open","ping_status":"closed","template":"","meta":{"_kad_post_transparent":"","_kad_post_title":"","_kad_post_layout":"","_kad_post_sidebar_id":"","_kad_post_content_style":"","_kad_post_vertical_padding":"","_kad_post_feature":"","_kad_post_feature_position":"","_kad_post_header":false,"_kad_post_footer":false,"_kad_post_classname":""},"product_brand":[],"product_cat":[15346],"product_tag":[],"class_list":{"0":"post-129346","1":"product","2":"type-product","3":"status-publish","4":"has-post-thumbnail","6":"product_cat-tost-makinesi-tost-makinesi","8":"first","9":"instock","10":"purchasable","11":"product-type-simple","12":"entry","13":"content-bg","14":"loop-entry"},"_links":{"self":[{"href":"https:\/\/www.hediyepazar.com\/index.php?rest_route=\/wp\/v2\/product\/129346","targetHints":{"allow":["GET"]}}],"collection":[{"href":"https:\/\/www.hediyepazar.com\/index.php?rest_route=\/wp\/v2\/product"}],"about":[{"href":"https:\/\/www.hediyepazar.com\/index.php?rest_route=\/wp\/v2\/types\/product"}],"replies":[{"embeddable":true,"href":"https:\/\/www.hediyepazar.com\/index.php?rest_route=%2Fwp%2Fv2%2Fcomments&post=129346"}],"wp:featuredmedia":[{"embeddable":true,"href":"https:\/\/www.hediyepazar.com\/index.php?rest_route=\/wp\/v2\/media\/129345"}],"wp:attachment":[{"href":"https:\/\/www.hediyepazar.com\/index.php?rest_route=%2Fwp%2Fv2%2Fmedia&parent=129346"}],"wp:term":[{"taxonomy":"product_brand","embeddable":true,"href":"https:\/\/www.hediyepazar.com\/index.php?rest_route=%2Fwp%2Fv2%2Fproduct_brand&post=129346"},{"taxonomy":"product_cat","embeddable":true,"href":"https:\/\/www.hediyepazar.com\/index.php?rest_route=%2Fwp%2Fv2%2Fproduct_cat&post=129346"},{"taxonomy":"product_tag","embeddable":true,"href":"https:\/\/www.hediyepazar.com\/index.php?rest_route=%2Fwp%2Fv2%2Fproduct_tag&post=129346"}],"curies":[{"name":"wp","href":"https:\/\/api.w.org\/{rel}","templated":true}]}}