{"id":129424,"date":"2026-05-07T05:06:26","date_gmt":"2026-05-07T08:06:26","guid":{"rendered":"https:\/\/www.hediyepazar.com\/?product=ps4-oyun-kolu-kamuflaj-desenli-joystick-2"},"modified":"2026-05-07T05:06:26","modified_gmt":"2026-05-07T08:06:26","slug":"ps4-oyun-kolu-kamuflaj-desenli-joystick-2","status":"publish","type":"product","link":"https:\/\/www.hediyepazar.com\/?product=ps4-oyun-kolu-kamuflaj-desenli-joystick-2","title":{"rendered":"PS4 Oyun Kolu Kamuflaj Desenli Joystick"},"content":{"rendered":"<p>PlayStation 4 Kablosuz Joystick, oyun keyfinizi hi\u00e7 olmad\u0131\u011f\u0131 kadar art\u0131ran yenilik\u00e7i tasar\u0131m\u0131 ile kar\u015f\u0131n\u0131zda! Ergonomik yap\u0131s\u0131, uzun s\u00fcreli kullan\u0131mda bile ellerinizi yormadan saatlerce oyun oynaman\u0131za olanak tan\u0131r. Kablosuz Bluetooth ba\u011flant\u0131s\u0131, hareket \u00f6zg\u00fcrl\u00fc\u011f\u00fcn\u00fcz\u00fc k\u0131s\u0131tlamadan rahat\u00e7a oyun oynaman\u0131z\u0131 sa\u011flar. Hassas analog kollar sayesinde her hareketinizin tam olarak oyun i\u00e7inde yans\u0131mas\u0131n\u0131 sa\u011flars\u0131n\u0131z. Dahili hoparl\u00f6r ve kulakl\u0131k giri\u015fi, oyun i\u00e7indeki sesleri ki\u015fisel olarak daha net ve kaliteli duyman\u0131z\u0131 sa\u011flar. Dokunmatik y\u00fczey, oyun i\u00e7i komutlar\u0131 h\u0131zl\u0131ca ger\u00e7ekle\u015ftirebilmenizi sa\u011flar. I\u015f\u0131k \u00e7ubu\u011fu, oyun i\u00e7indeki aksiyonlar\u0131 ve karakter durumlar\u0131n\u0131 yans\u0131tarak interaktif bir deneyim sunar. Bu joystick, PlayStation 4 ile tamamen uyumlu olup, PC ve di\u011fer uyumlu cihazlarla da kullan\u0131labilir. Oyun deneyiminizi geli\u015ftirmek i\u00e7in hemen PlayStation 4 Kablosuz Joystick&#8217;i ke\u015ffedin!<\/p>\n","protected":false},"excerpt":{"rendered":"<p>PlayStation 4 Kablosuz Joystick, oyun keyfinizi hi\u00e7 olmad\u0131\u011f\u0131 kadar art\u0131ran yenilik\u00e7i tasar\u0131m\u0131 ile kar\u015f\u0131n\u0131zda! Ergonomik yap\u0131s\u0131, uzun s\u00fcreli kullan\u0131mda bile ellerinizi yormadan saatlerce oyun oynaman\u0131za olanak tan\u0131r. Kablosuz Bluetooth ba\u011flant\u0131s\u0131, hareket \u00f6zg\u00fcrl\u00fc\u011f\u00fcn\u00fcz\u00fc k\u0131s\u0131tlamadan rahat\u00e7a oyun oynaman\u0131z\u0131 sa\u011flar. Hassas analog kollar sayesinde her hareketinizin tam olarak oyun i\u00e7inde yans\u0131mas\u0131n\u0131 sa\u011flars\u0131n\u0131z. Dahili hoparl\u00f6r ve kulakl\u0131k giri\u015fi, oyun&#8230;<\/p>\n","protected":false},"featured_media":129423,"comment_status":"open","ping_status":"closed","template":"","meta":{"_kad_post_transparent":"","_kad_post_title":"","_kad_post_layout":"","_kad_post_sidebar_id":"","_kad_post_content_style":"","_kad_post_vertical_padding":"","_kad_post_feature":"","_kad_post_feature_position":"","_kad_post_header":false,"_kad_post_footer":false,"_kad_post_classname":""},"product_brand":[],"product_cat":[14961],"product_tag":[],"class_list":{"0":"post-129424","1":"product","2":"type-product","3":"status-publish","4":"has-post-thumbnail","6":"product_cat-oyun-konsolu-oyun-konsolu","8":"first","9":"instock","10":"purchasable","11":"product-type-simple","12":"entry","13":"content-bg","14":"loop-entry"},"_links":{"self":[{"href":"https:\/\/www.hediyepazar.com\/index.php?rest_route=\/wp\/v2\/product\/129424","targetHints":{"allow":["GET"]}}],"collection":[{"href":"https:\/\/www.hediyepazar.com\/index.php?rest_route=\/wp\/v2\/product"}],"about":[{"href":"https:\/\/www.hediyepazar.com\/index.php?rest_route=\/wp\/v2\/types\/product"}],"replies":[{"embeddable":true,"href":"https:\/\/www.hediyepazar.com\/index.php?rest_route=%2Fwp%2Fv2%2Fcomments&post=129424"}],"wp:featuredmedia":[{"embeddable":true,"href":"https:\/\/www.hediyepazar.com\/index.php?rest_route=\/wp\/v2\/media\/129423"}],"wp:attachment":[{"href":"https:\/\/www.hediyepazar.com\/index.php?rest_route=%2Fwp%2Fv2%2Fmedia&parent=129424"}],"wp:term":[{"taxonomy":"product_brand","embeddable":true,"href":"https:\/\/www.hediyepazar.com\/index.php?rest_route=%2Fwp%2Fv2%2Fproduct_brand&post=129424"},{"taxonomy":"product_cat","embeddable":true,"href":"https:\/\/www.hediyepazar.com\/index.php?rest_route=%2Fwp%2Fv2%2Fproduct_cat&post=129424"},{"taxonomy":"product_tag","embeddable":true,"href":"https:\/\/www.hediyepazar.com\/index.php?rest_route=%2Fwp%2Fv2%2Fproduct_tag&post=129424"}],"curies":[{"name":"wp","href":"https:\/\/api.w.org\/{rel}","templated":true}]}}