{"id":129426,"date":"2026-05-07T05:06:35","date_gmt":"2026-05-07T08:06:35","guid":{"rendered":"https:\/\/www.hediyepazar.com\/?product=k55-kulaklik"},"modified":"2026-05-07T05:06:35","modified_gmt":"2026-05-07T08:06:35","slug":"k55-kulaklik","status":"publish","type":"product","link":"https:\/\/www.hediyepazar.com\/?product=k55-kulaklik","title":{"rendered":"K55 KULAKLIK"},"content":{"rendered":"<p>Bluetooth Kulakl\u0131kK55Ally tam kablosuz ba\u011flant\u0131s\u0131 ile sizleri kablo da\u011f\u0131n\u0131kl\u0131\u011f\u0131ndan kurtar\u0131yor.Kablolar olmadan da saniyeler i\u00e7inde m\u00fczik dinlemek m\u00fcmk\u00fcnd\u00fcr. Kablo dola\u015fmas\u0131 ve y\u0131rt\u0131lmas\u0131 gibi sorunlar art\u0131k \u00e7ok eskide kald\u0131.Tam ba\u011flant\u0131s\u0131z ba\u011flant\u0131s\u0131 kullan\u0131m rahatl\u0131\u011f\u0131 ve konfor sa\u011fl\u0131yor.Kulakl\u0131klar\u0131 tek bir \u015farjla tam 120 saat bekleme s\u00fcresinde kullanabilirsiniz. Uzun s\u00fcreli kullan\u0131m\u0131 sizi asla yar\u0131 yolda b\u0131rakmaz.M\u00fczik dinlerken ya da film vs izlerken art\u0131k keyfiniz asla yar\u0131da kalmayacak.M\u00fczikten oyuna, telefondan i\u015flerinize kadar zengin kullan\u0131m alanlar\u0131 sizleri bekliyor olacak.Kulakl\u0131\u011f\u0131 farkl\u0131 i\u015flerinizi i\u00e7in kullansan\u0131z da ortak nokta hep kulakl\u0131\u011f\u0131n harika kalite ve \u00fcst\u00fcn ses netli\u011fi sunmas\u0131 olacak! Ally kanal i\u00e7i kulakl\u0131\u011f\u0131 ile IOS ve Android i\u00e7in uyumludur.Pasif g\u00fcr\u00fclt\u00fc \u00f6nleme \u00f6zelli\u011fi olan kulakl\u0131k d\u0131\u015far\u0131dan gelen g\u00fcr\u00fclt\u00fc elimine edilmi\u015f olur. D\u0131\u015far\u0131dan gelen sesler art\u0131k sizi etkilemez. Siz sadece dinlediklerinize odaklanabilirsiniz. Dinamik s\u00fcr\u00fcc\u00fc tercih edilmi\u015ftir.Kulakl\u0131kla birlikte gelen frekans de\u011ferleri 20 Hz ile 20 KHZ aras\u0131nda de\u011fi\u015fiklik g\u00f6stermektedir. 12 mm s\u00fcr\u00fcc\u00fc \u00e7ap\u0131nda olan \u00fcr\u00fcn, stereo \u00e7\u0131k\u0131s\u0131na sahiptir.Kulakl\u0131k \u00fczerinde yer alan kontrol paneli sayesinde rahatl\u0131kla \u00e7a\u011fr\u0131lar\u0131 ve m\u00fczikleri kontrol edebileceksiniz.Hem de bunu yapmak i\u00e7in cihaz\u0131n\u0131z\u0131 cebinizden bile \u00e7\u0131karman\u0131za gerek yok. LED ayd\u0131nlatmas\u0131 da bulunmaktad\u0131r.Mikrofonu sayesinde en net g\u00f6r\u00fc\u015fmeleri yapabilirsiniz. Bir \u015farj i\u00e7in 120 dk k\u0131sa s\u00fcre fazlas\u0131yla yeterli olacak.&nbsp;\u015earj portu: tip-c, \u015farj etmek kolayRenk: siyahKullan\u0131m s\u00fcresi: 4-4 saatKulakl\u0131k pil kapasitesi: 40mh\u015earj kutusu pil kapasitesi: 400mhS\u00fcr\u00fcm: 5.0hareketli bobin \u00fcnitesi Frekans yan\u0131t\u0131: 20Hz ~ 20kHzHassasiyet: 105dBLmpedance: 16ohmMIC duyarl\u0131l\u0131\u011f\u0131:-38dBBluetooth mesafesi: 10 metreBinoral \u00e7a\u011fr\u0131: desteklerKulakl\u0131k \u015farj s\u00fcresi: 45 dakika\u015earj kutusunun \u015farj s\u00fcresi: 1.2 saat<\/p>\n","protected":false},"excerpt":{"rendered":"<p>Bluetooth Kulakl\u0131kK55Ally tam kablosuz ba\u011flant\u0131s\u0131 ile sizleri kablo da\u011f\u0131n\u0131kl\u0131\u011f\u0131ndan kurtar\u0131yor.Kablolar olmadan da saniyeler i\u00e7inde m\u00fczik dinlemek m\u00fcmk\u00fcnd\u00fcr. Kablo dola\u015fmas\u0131 ve y\u0131rt\u0131lmas\u0131 gibi sorunlar art\u0131k \u00e7ok eskide kald\u0131.Tam ba\u011flant\u0131s\u0131z ba\u011flant\u0131s\u0131 kullan\u0131m rahatl\u0131\u011f\u0131 ve konfor sa\u011fl\u0131yor.Kulakl\u0131klar\u0131 tek bir \u015farjla tam 120 saat bekleme s\u00fcresinde kullanabilirsiniz. Uzun s\u00fcreli kullan\u0131m\u0131 sizi asla yar\u0131 yolda b\u0131rakmaz.M\u00fczik dinlerken ya da film&#8230;<\/p>\n","protected":false},"featured_media":129425,"comment_status":"open","ping_status":"closed","template":"","meta":{"_kad_post_transparent":"","_kad_post_title":"","_kad_post_layout":"","_kad_post_sidebar_id":"","_kad_post_content_style":"","_kad_post_vertical_padding":"","_kad_post_feature":"","_kad_post_feature_position":"","_kad_post_header":false,"_kad_post_footer":false,"_kad_post_classname":""},"product_brand":[],"product_cat":[14957],"product_tag":[],"class_list":{"0":"post-129426","1":"product","2":"type-product","3":"status-publish","4":"has-post-thumbnail","6":"product_cat-kablosuz-kulaklik-kablosuz-kulaklik","8":"first","9":"instock","10":"purchasable","11":"product-type-simple","12":"entry","13":"content-bg","14":"loop-entry"},"_links":{"self":[{"href":"https:\/\/www.hediyepazar.com\/index.php?rest_route=\/wp\/v2\/product\/129426","targetHints":{"allow":["GET"]}}],"collection":[{"href":"https:\/\/www.hediyepazar.com\/index.php?rest_route=\/wp\/v2\/product"}],"about":[{"href":"https:\/\/www.hediyepazar.com\/index.php?rest_route=\/wp\/v2\/types\/product"}],"replies":[{"embeddable":true,"href":"https:\/\/www.hediyepazar.com\/index.php?rest_route=%2Fwp%2Fv2%2Fcomments&post=129426"}],"wp:featuredmedia":[{"embeddable":true,"href":"https:\/\/www.hediyepazar.com\/index.php?rest_route=\/wp\/v2\/media\/129425"}],"wp:attachment":[{"href":"https:\/\/www.hediyepazar.com\/index.php?rest_route=%2Fwp%2Fv2%2Fmedia&parent=129426"}],"wp:term":[{"taxonomy":"product_brand","embeddable":true,"href":"https:\/\/www.hediyepazar.com\/index.php?rest_route=%2Fwp%2Fv2%2Fproduct_brand&post=129426"},{"taxonomy":"product_cat","embeddable":true,"href":"https:\/\/www.hediyepazar.com\/index.php?rest_route=%2Fwp%2Fv2%2Fproduct_cat&post=129426"},{"taxonomy":"product_tag","embeddable":true,"href":"https:\/\/www.hediyepazar.com\/index.php?rest_route=%2Fwp%2Fv2%2Fproduct_tag&post=129426"}],"curies":[{"name":"wp","href":"https:\/\/api.w.org\/{rel}","templated":true}]}}