{"id":129444,"date":"2026-05-07T05:09:19","date_gmt":"2026-05-07T08:09:19","guid":{"rendered":"https:\/\/www.hediyepazar.com\/?product=hava-nemlendirici-projeksiyon-gorunumlu-usb-baglantili-aromaterapi-4"},"modified":"2026-05-07T05:09:19","modified_gmt":"2026-05-07T08:09:19","slug":"hava-nemlendirici-projeksiyon-gorunumlu-usb-baglantili-aromaterapi-4","status":"publish","type":"product","link":"https:\/\/www.hediyepazar.com\/?product=hava-nemlendirici-projeksiyon-gorunumlu-usb-baglantili-aromaterapi-4","title":{"rendered":"Hava Nemlendirici Projeksiyon G\u00f6r\u00fcn\u00fcml\u00fc USB Ba\u011flant\u0131l\u0131 Aromaterapi"},"content":{"rendered":"<p>Dekoratif USB Projeksiyon Gece Lambas\u0131 ve Hava Nemlendirici, ya\u015fam alan\u0131n\u0131zda hem sa\u011fl\u0131kl\u0131 bir atmosfer hem de estetik bir g\u00f6r\u00fcn\u00fcm yarat\u0131r. K\u0131\u015f mevsiminde d\u00fc\u015fen nem oran\u0131n\u0131n neden oldu\u011fu kuru hava, cilt kurulu\u011fu, bo\u011faz tahri\u015fi gibi rahats\u0131zl\u0131klar\u0131n \u00f6n\u00fcne ge\u00e7er. Cihaz, havay\u0131 nemlendirerek soludu\u011funuz havan\u0131n kalitesini art\u0131r\u0131r, rahat nefes alman\u0131z\u0131 sa\u011flar ve cildinizi yumu\u015fak ve nemli tutar. \u015e\u0131k ve modern tasar\u0131m\u0131, yaln\u0131zca i\u015flevselli\u011fiyle de\u011fil, dekoratif \u00f6zelli\u011fiyle de ya\u015fam alan\u0131n\u0131za katk\u0131da bulunur.Projeksiyon \u00f6zelli\u011fi, odan\u0131za ho\u015f bir ambiyans kazand\u0131ran desenli \u0131\u015f\u0131klar yayar. Bu \u00f6zellik, \u00f6zellikle geceleri rahatlat\u0131c\u0131 bir atmosfer yaratmak i\u00e7in idealdir. Cihaz\u0131n su haznesine ekleyebilece\u011finiz esanslarla odan\u0131z\u0131 \u00e7i\u00e7ek bah\u00e7esine \u00e7evirebilir ve ferah bir koku yayabilirsiniz. USB ba\u011flant\u0131 deste\u011fi sayesinde, cihaz\u0131 bilgisayar\u0131n\u0131zdan, ta\u015f\u0131nabilir \u015farj cihazlar\u0131ndan veya adapt\u00f6rlerden kolayca g\u00fc\u00e7 alarak kullanabilirsiniz. Minimalist tasar\u0131m\u0131 ve ta\u015f\u0131nabilir yap\u0131s\u0131, \u00fcr\u00fcn\u00fc hem evde hem de seyahatlerde pratik bir kullan\u0131m sunar. Sa\u011fl\u0131kl\u0131 bir ya\u015fam i\u00e7in ihtiyac\u0131n\u0131z olan bu cihaz, g\u00fcn boyu kaliteli bir nefes alman\u0131z\u0131 ve geceleri huzurlu bir uyku \u00e7ekmenizi sa\u011flar.<\/p>\n","protected":false},"excerpt":{"rendered":"<p>Dekoratif USB Projeksiyon Gece Lambas\u0131 ve Hava Nemlendirici, ya\u015fam alan\u0131n\u0131zda hem sa\u011fl\u0131kl\u0131 bir atmosfer hem de estetik bir g\u00f6r\u00fcn\u00fcm yarat\u0131r. K\u0131\u015f mevsiminde d\u00fc\u015fen nem oran\u0131n\u0131n neden oldu\u011fu kuru hava, cilt kurulu\u011fu, bo\u011faz tahri\u015fi gibi rahats\u0131zl\u0131klar\u0131n \u00f6n\u00fcne ge\u00e7er. Cihaz, havay\u0131 nemlendirerek soludu\u011funuz havan\u0131n kalitesini art\u0131r\u0131r, rahat nefes alman\u0131z\u0131 sa\u011flar ve cildinizi yumu\u015fak ve nemli tutar. \u015e\u0131k&#8230;<\/p>\n","protected":false},"featured_media":129443,"comment_status":"open","ping_status":"closed","template":"","meta":{"_kad_post_transparent":"","_kad_post_title":"","_kad_post_layout":"","_kad_post_sidebar_id":"","_kad_post_content_style":"","_kad_post_vertical_padding":"","_kad_post_feature":"","_kad_post_feature_position":"","_kad_post_header":false,"_kad_post_footer":false,"_kad_post_classname":""},"product_brand":[],"product_cat":[14965],"product_tag":[],"class_list":{"0":"post-129444","1":"product","2":"type-product","3":"status-publish","4":"has-post-thumbnail","6":"product_cat-hava-nemlendirici-hava-nemlendirici","8":"first","9":"instock","10":"purchasable","11":"product-type-simple","12":"entry","13":"content-bg","14":"loop-entry"},"_links":{"self":[{"href":"https:\/\/www.hediyepazar.com\/index.php?rest_route=\/wp\/v2\/product\/129444","targetHints":{"allow":["GET"]}}],"collection":[{"href":"https:\/\/www.hediyepazar.com\/index.php?rest_route=\/wp\/v2\/product"}],"about":[{"href":"https:\/\/www.hediyepazar.com\/index.php?rest_route=\/wp\/v2\/types\/product"}],"replies":[{"embeddable":true,"href":"https:\/\/www.hediyepazar.com\/index.php?rest_route=%2Fwp%2Fv2%2Fcomments&post=129444"}],"wp:featuredmedia":[{"embeddable":true,"href":"https:\/\/www.hediyepazar.com\/index.php?rest_route=\/wp\/v2\/media\/129443"}],"wp:attachment":[{"href":"https:\/\/www.hediyepazar.com\/index.php?rest_route=%2Fwp%2Fv2%2Fmedia&parent=129444"}],"wp:term":[{"taxonomy":"product_brand","embeddable":true,"href":"https:\/\/www.hediyepazar.com\/index.php?rest_route=%2Fwp%2Fv2%2Fproduct_brand&post=129444"},{"taxonomy":"product_cat","embeddable":true,"href":"https:\/\/www.hediyepazar.com\/index.php?rest_route=%2Fwp%2Fv2%2Fproduct_cat&post=129444"},{"taxonomy":"product_tag","embeddable":true,"href":"https:\/\/www.hediyepazar.com\/index.php?rest_route=%2Fwp%2Fv2%2Fproduct_tag&post=129444"}],"curies":[{"name":"wp","href":"https:\/\/api.w.org\/{rel}","templated":true}]}}