{"id":129448,"date":"2026-05-07T05:10:20","date_gmt":"2026-05-07T08:10:20","guid":{"rendered":"https:\/\/www.hediyepazar.com\/?product=520-oyunlu-el-oyun-konsolu-tv-baglantili-hd-lcd-ekranli"},"modified":"2026-05-07T05:10:20","modified_gmt":"2026-05-07T08:10:20","slug":"520-oyunlu-el-oyun-konsolu-tv-baglantili-hd-lcd-ekranli","status":"publish","type":"product","link":"https:\/\/www.hediyepazar.com\/?product=520-oyunlu-el-oyun-konsolu-tv-baglantili-hd-lcd-ekranli","title":{"rendered":"520 Oyunlu El Oyun Konsolu TV Ba\u011flant\u0131l\u0131 HD LCD Ekranl\u0131"},"content":{"rendered":"<p>520 oyuna sahip ta\u015f\u0131nabilir el konsolu, ge\u00e7mi\u015fin efsane oyunlar\u0131n\u0131 g\u00fcn\u00fcm\u00fcz teknolojisiyle bulu\u015fturan kompakt bir oyun cihaz\u0131d\u0131r. HD LCD ekran\u0131, oyunlar\u0131 y\u00fcksek \u00e7\u00f6z\u00fcn\u00fcrl\u00fck ve netlikte sunarak nostalji dolu bir deneyim ya\u015fat\u0131r. Piksel g\u00f6r\u00fcnt\u00fcs\u00fc bozulmadan, renkler canl\u0131l\u0131\u011f\u0131n\u0131 koruyarak aktar\u0131l\u0131r. Bu sayede ister \u00e7ocuk olun ister yeti\u015fkin, cihaz size kaliteli ve sorunsuz bir oyun keyfi sunar. Konsolun i\u00e7inde yer alan 520 farkl\u0131 oyun, arcade oyunlar\u0131ndan zeka oyunlar\u0131na, macera t\u00fcr\u00fcnden klasik platform oyunlar\u0131na kadar geni\u015f bir se\u00e7enek havuzu bar\u0131nd\u0131r\u0131r. Cihaz\u0131n USB \u015farj \u00f6zelli\u011fi, ta\u015f\u0131nabilirli\u011fi art\u0131r\u0131r ve g\u00fcn i\u00e7inde yeniden kolayca \u015farj etme f\u0131rsat\u0131 sunar. Pil \u00f6mr\u00fc, uzun s\u00fcreli oynay\u0131\u015fa uygundur ve d\u00fc\u015f\u00fck enerji t\u00fcketimi sayesinde beklenenden daha uzun kullan\u0131m sa\u011flar. Hafif g\u00f6vde yap\u0131s\u0131 sayesinde \u00e7ocuklar\u0131n tek elle bile rahat\u00e7a kontrol edebilece\u011fi bir tasar\u0131ma sahiptir.Yolculuklarda s\u0131k\u0131lmay\u0131 \u00f6nleyen bu konsol, otob\u00fcs, u\u00e7ak, tren veya araba yolculuklar\u0131nda harika bir e\u011flence alternatifidir. Ayn\u0131 zamanda hediye olarak da olduk\u00e7a pop\u00fclerdir. \u00c7ocuklar\u0131n motor becerilerini destekleyen, el-g\u00f6z koordinasyonunu geli\u015ftiren ve haf\u0131zay\u0131 g\u00fc\u00e7lendiren oyunlarla doludur. Yeti\u015fkinler i\u00e7inse ge\u00e7mi\u015fe d\u00f6nme f\u0131rsat\u0131, nostaljik bir ka\u00e7\u0131\u015f alan\u0131 sunar. Kompakt boyutu, g\u00fc\u00e7l\u00fc ekran\u0131 ve kolay ta\u015f\u0131nabilir yap\u0131s\u0131yla g\u00fcnl\u00fck ya\u015famda her an yan\u0131n\u0131zda olacak bir arkada\u015ft\u0131r.<\/p>\n","protected":false},"excerpt":{"rendered":"<p>520 oyuna sahip ta\u015f\u0131nabilir el konsolu, ge\u00e7mi\u015fin efsane oyunlar\u0131n\u0131 g\u00fcn\u00fcm\u00fcz teknolojisiyle bulu\u015fturan kompakt bir oyun cihaz\u0131d\u0131r. HD LCD ekran\u0131, oyunlar\u0131 y\u00fcksek \u00e7\u00f6z\u00fcn\u00fcrl\u00fck ve netlikte sunarak nostalji dolu bir deneyim ya\u015fat\u0131r. Piksel g\u00f6r\u00fcnt\u00fcs\u00fc bozulmadan, renkler canl\u0131l\u0131\u011f\u0131n\u0131 koruyarak aktar\u0131l\u0131r. Bu sayede ister \u00e7ocuk olun ister yeti\u015fkin, cihaz size kaliteli ve sorunsuz bir oyun keyfi sunar. Konsolun i\u00e7inde&#8230;<\/p>\n","protected":false},"featured_media":129447,"comment_status":"open","ping_status":"closed","template":"","meta":{"_kad_post_transparent":"","_kad_post_title":"","_kad_post_layout":"","_kad_post_sidebar_id":"","_kad_post_content_style":"","_kad_post_vertical_padding":"","_kad_post_feature":"","_kad_post_feature_position":"","_kad_post_header":false,"_kad_post_footer":false,"_kad_post_classname":""},"product_brand":[],"product_cat":[14961],"product_tag":[],"class_list":{"0":"post-129448","1":"product","2":"type-product","3":"status-publish","4":"has-post-thumbnail","6":"product_cat-oyun-konsolu-oyun-konsolu","8":"first","9":"instock","10":"purchasable","11":"product-type-simple","12":"entry","13":"content-bg","14":"loop-entry"},"_links":{"self":[{"href":"https:\/\/www.hediyepazar.com\/index.php?rest_route=\/wp\/v2\/product\/129448","targetHints":{"allow":["GET"]}}],"collection":[{"href":"https:\/\/www.hediyepazar.com\/index.php?rest_route=\/wp\/v2\/product"}],"about":[{"href":"https:\/\/www.hediyepazar.com\/index.php?rest_route=\/wp\/v2\/types\/product"}],"replies":[{"embeddable":true,"href":"https:\/\/www.hediyepazar.com\/index.php?rest_route=%2Fwp%2Fv2%2Fcomments&post=129448"}],"wp:featuredmedia":[{"embeddable":true,"href":"https:\/\/www.hediyepazar.com\/index.php?rest_route=\/wp\/v2\/media\/129447"}],"wp:attachment":[{"href":"https:\/\/www.hediyepazar.com\/index.php?rest_route=%2Fwp%2Fv2%2Fmedia&parent=129448"}],"wp:term":[{"taxonomy":"product_brand","embeddable":true,"href":"https:\/\/www.hediyepazar.com\/index.php?rest_route=%2Fwp%2Fv2%2Fproduct_brand&post=129448"},{"taxonomy":"product_cat","embeddable":true,"href":"https:\/\/www.hediyepazar.com\/index.php?rest_route=%2Fwp%2Fv2%2Fproduct_cat&post=129448"},{"taxonomy":"product_tag","embeddable":true,"href":"https:\/\/www.hediyepazar.com\/index.php?rest_route=%2Fwp%2Fv2%2Fproduct_tag&post=129448"}],"curies":[{"name":"wp","href":"https:\/\/api.w.org\/{rel}","templated":true}]}}