{"id":129452,"date":"2026-05-07T05:11:11","date_gmt":"2026-05-07T08:11:11","guid":{"rendered":"https:\/\/www.hediyepazar.com\/?product=sk4-1-62-inc-ultimate-akilli-saat"},"modified":"2026-05-07T05:11:11","modified_gmt":"2026-05-07T08:11:11","slug":"sk4-1-62-inc-ultimate-akilli-saat","status":"publish","type":"product","link":"https:\/\/www.hediyepazar.com\/?product=sk4-1-62-inc-ultimate-akilli-saat","title":{"rendered":"SK4 1.62 \u0130n\u00e7 Ultimate Ak\u0131ll\u0131 Saat"},"content":{"rendered":"<p>2024 Model SK4 Ultimate Ak\u0131ll\u0131 Saat En Yeni Teknoloji ve \u015e\u0131kl\u0131k Bir Arada Sipari\u015finiz Orijinal kutusunda g\u00f6nderilmektedir. Yuvarlak Ekran Kutu \u0130\u00e7eri\u011fi: 1 Adet Ak\u0131ll\u0131 Saat &#8211; 1 Adet Gri Kordon &#8211; 1 Adet Metal Kordon &#8211; 1 Adet Wireless \u015earj Aleti T\u00fcrk\u00e7e Men\u00fcl\u00fc : Kolay Kurulum &#038; Kullan\u0131m 1.45 \u0130n\u00e7 Yeni Nesil AMOLED Ekran Y\u00fcksek \u00c7\u00f6z\u00fcn\u00fcrl\u00fckl\u00fc LCD Ekran ( 466 * 466 ) 5.2 Bluetooth ile y\u00fcksek kaliteli \u00e7a\u011fr\u0131 cevaplama ve arama yapma \u00f6zelli\u011fi GPS Tracking \u00f6zellikli tam konum deste\u011fi NFC &#038; Siri Ses Asistan\u0131 Destekli 24 Ay Garantili Iphone Ios ve Android &#8211; T\u00fcm Telefonlara Uyumlu Wireless Kablosuz \u015earjl\u0131 Uzun \u015earj Tutma Kapasitesi : 4 G\u00fcn \u00c7al\u0131\u015fma \/ 30 G\u00fcn Bekleme S\u00fcresi Uygulama \u00dczerinden Konum Takibi  SMS dahil telefon bildirimlerinizi an\u0131nda al\u0131rs\u0131n\u0131z. Saat \u00fczerinden telefon g\u00f6r\u00fc\u015fmesi yap\u0131labilmektedir. Gelen aramay\u0131 cevaplayabilir ve saat \u00fczerinden telefon g\u00f6r\u00fc\u015fmesi yapabilirsiniz. Ses Asistan\u0131 Destekli IP67 Su Ge\u00e7irmezlik Seviyesi Sa\u011fl\u0131k \u0130zleme: Nab\u0131z \u00f6l\u00e7er, uyku izleyici, kan bas\u0131nc\u0131, tansiyon, ekg ve v\u00fccut s\u0131cakl\u0131\u011f\u0131 \u00f6l\u00e7er Ad\u0131mlar\u0131n\u0131z\u0131 hesaplayarak yakt\u0131\u011f\u0131n\u0131z kalori miktar\u0131n\u0131 ve kalp ritminizi payla\u015f\u0131r. Spor Modlar\u0131: Kapal\u0131 ko\u015fu, bisiklet, y\u00fczme, bisiklet, y\u00fcr\u00fcy\u00fc\u015f, basketbol, masa tenisi, t\u0131rmanma, yoga vb&#8230; Ak\u0131ll\u0131 hat\u0131rlat\u0131c\u0131lar: Su i\u00e7me ve uzun s\u00fcre hareketsizlik hat\u0131rlatmalar\u0131 yapar 5.2 Bluetooth ba\u011flant\u0131 ile y\u00fcksek kaliteli m\u00fczik keyfi Suya dayan\u0131kl\u0131 modeli ile g\u00fcnl\u00fck kullan\u0131mda bas\u0131n\u00e7l\u0131 s\u0131cak su, deniz ve havuz d\u0131\u015f\u0131nda su ge\u00e7irmez. Uzaktan kamera: Biledi\u011finizi sallayarak uzaktan telefonunuzla foto\u011fraf \u00e7ekebilirsiniz. T\u00fcrk\u00e7e dahil \u00e7oklu dil se\u00e7ene\u011fi Di\u011fer \u00f6zellikler: Saatimi bul ve telefonumu bul \u00f6zelli\u011fi, suya ve toza dayan\u0131kl\u0131 \u00e7er\u00e7eve, b\u00f6l\u00fcnebilir ekran, uyand\u0131rma, hesap makinesi, alarm, kronometre, hava durumu, kordon de\u011fi\u015fimi yap\u0131labilir<\/p>\n","protected":false},"excerpt":{"rendered":"<p>2024 Model SK4 Ultimate Ak\u0131ll\u0131 Saat En Yeni Teknoloji ve \u015e\u0131kl\u0131k Bir Arada Sipari\u015finiz Orijinal kutusunda g\u00f6nderilmektedir. Yuvarlak Ekran Kutu \u0130\u00e7eri\u011fi: 1 Adet Ak\u0131ll\u0131 Saat &#8211; 1 Adet Gri Kordon &#8211; 1 Adet Metal Kordon &#8211; 1 Adet Wireless \u015earj Aleti T\u00fcrk\u00e7e Men\u00fcl\u00fc : Kolay Kurulum &#038; Kullan\u0131m 1.45 \u0130n\u00e7 Yeni Nesil AMOLED Ekran Y\u00fcksek&#8230;<\/p>\n","protected":false},"featured_media":129451,"comment_status":"open","ping_status":"closed","template":"","meta":{"_kad_post_transparent":"","_kad_post_title":"","_kad_post_layout":"","_kad_post_sidebar_id":"","_kad_post_content_style":"","_kad_post_vertical_padding":"","_kad_post_feature":"","_kad_post_feature_position":"","_kad_post_header":false,"_kad_post_footer":false,"_kad_post_classname":""},"product_brand":[],"product_cat":[14935],"product_tag":[],"class_list":{"0":"post-129452","1":"product","2":"type-product","3":"status-publish","4":"has-post-thumbnail","6":"product_cat-akilli-saatler-akilli-saatler","8":"first","9":"instock","10":"purchasable","11":"product-type-simple","12":"entry","13":"content-bg","14":"loop-entry"},"_links":{"self":[{"href":"https:\/\/www.hediyepazar.com\/index.php?rest_route=\/wp\/v2\/product\/129452","targetHints":{"allow":["GET"]}}],"collection":[{"href":"https:\/\/www.hediyepazar.com\/index.php?rest_route=\/wp\/v2\/product"}],"about":[{"href":"https:\/\/www.hediyepazar.com\/index.php?rest_route=\/wp\/v2\/types\/product"}],"replies":[{"embeddable":true,"href":"https:\/\/www.hediyepazar.com\/index.php?rest_route=%2Fwp%2Fv2%2Fcomments&post=129452"}],"wp:featuredmedia":[{"embeddable":true,"href":"https:\/\/www.hediyepazar.com\/index.php?rest_route=\/wp\/v2\/media\/129451"}],"wp:attachment":[{"href":"https:\/\/www.hediyepazar.com\/index.php?rest_route=%2Fwp%2Fv2%2Fmedia&parent=129452"}],"wp:term":[{"taxonomy":"product_brand","embeddable":true,"href":"https:\/\/www.hediyepazar.com\/index.php?rest_route=%2Fwp%2Fv2%2Fproduct_brand&post=129452"},{"taxonomy":"product_cat","embeddable":true,"href":"https:\/\/www.hediyepazar.com\/index.php?rest_route=%2Fwp%2Fv2%2Fproduct_cat&post=129452"},{"taxonomy":"product_tag","embeddable":true,"href":"https:\/\/www.hediyepazar.com\/index.php?rest_route=%2Fwp%2Fv2%2Fproduct_tag&post=129452"}],"curies":[{"name":"wp","href":"https:\/\/api.w.org\/{rel}","templated":true}]}}