{"id":129454,"date":"2026-05-07T05:11:20","date_gmt":"2026-05-07T08:11:20","guid":{"rendered":"https:\/\/www.hediyepazar.com\/?product=sarjli-3-5-inc-retro-oyun-konsolu"},"modified":"2026-05-07T05:11:20","modified_gmt":"2026-05-07T08:11:20","slug":"sarjli-3-5-inc-retro-oyun-konsolu","status":"publish","type":"product","link":"https:\/\/www.hediyepazar.com\/?product=sarjli-3-5-inc-retro-oyun-konsolu","title":{"rendered":"\u015earjl\u0131 3.5 \u0130n\u00e7 Retro Oyun Konsolu"},"content":{"rendered":"<p>Retro oyunlar\u0131 sadece k\u00fc\u00e7\u00fck ekranda de\u011fil, televizyonunuzun geni\u015f ekran\u0131nda da oynay\u0131n! Kutu i\u00e7eri\u011finde yer alan kablosu ile konsolu TV\u2019nize ba\u011flayabilir, arkada\u015flar\u0131n\u0131zla ve ailenizle keyifli vakit ge\u00e7irebilirsiniz. B\u00fcy\u00fck ekranda oyun keyfi, rekabeti daha heyecanl\u0131 hale getirir.<\/p>\n","protected":false},"excerpt":{"rendered":"<p>Retro oyunlar\u0131 sadece k\u00fc\u00e7\u00fck ekranda de\u011fil, televizyonunuzun geni\u015f ekran\u0131nda da oynay\u0131n! Kutu i\u00e7eri\u011finde yer alan kablosu ile konsolu TV\u2019nize ba\u011flayabilir, arkada\u015flar\u0131n\u0131zla ve ailenizle keyifli vakit ge\u00e7irebilirsiniz. B\u00fcy\u00fck ekranda oyun keyfi, rekabeti daha heyecanl\u0131 hale getirir.<\/p>\n","protected":false},"featured_media":129453,"comment_status":"open","ping_status":"closed","template":"","meta":{"_kad_post_transparent":"","_kad_post_title":"","_kad_post_layout":"","_kad_post_sidebar_id":"","_kad_post_content_style":"","_kad_post_vertical_padding":"","_kad_post_feature":"","_kad_post_feature_position":"","_kad_post_header":false,"_kad_post_footer":false,"_kad_post_classname":""},"product_brand":[],"product_cat":[14961],"product_tag":[],"class_list":{"0":"post-129454","1":"product","2":"type-product","3":"status-publish","4":"has-post-thumbnail","6":"product_cat-oyun-konsolu-oyun-konsolu","8":"first","9":"instock","10":"purchasable","11":"product-type-simple","12":"entry","13":"content-bg","14":"loop-entry"},"_links":{"self":[{"href":"https:\/\/www.hediyepazar.com\/index.php?rest_route=\/wp\/v2\/product\/129454","targetHints":{"allow":["GET"]}}],"collection":[{"href":"https:\/\/www.hediyepazar.com\/index.php?rest_route=\/wp\/v2\/product"}],"about":[{"href":"https:\/\/www.hediyepazar.com\/index.php?rest_route=\/wp\/v2\/types\/product"}],"replies":[{"embeddable":true,"href":"https:\/\/www.hediyepazar.com\/index.php?rest_route=%2Fwp%2Fv2%2Fcomments&post=129454"}],"wp:featuredmedia":[{"embeddable":true,"href":"https:\/\/www.hediyepazar.com\/index.php?rest_route=\/wp\/v2\/media\/129453"}],"wp:attachment":[{"href":"https:\/\/www.hediyepazar.com\/index.php?rest_route=%2Fwp%2Fv2%2Fmedia&parent=129454"}],"wp:term":[{"taxonomy":"product_brand","embeddable":true,"href":"https:\/\/www.hediyepazar.com\/index.php?rest_route=%2Fwp%2Fv2%2Fproduct_brand&post=129454"},{"taxonomy":"product_cat","embeddable":true,"href":"https:\/\/www.hediyepazar.com\/index.php?rest_route=%2Fwp%2Fv2%2Fproduct_cat&post=129454"},{"taxonomy":"product_tag","embeddable":true,"href":"https:\/\/www.hediyepazar.com\/index.php?rest_route=%2Fwp%2Fv2%2Fproduct_tag&post=129454"}],"curies":[{"name":"wp","href":"https:\/\/api.w.org\/{rel}","templated":true}]}}