{"id":129494,"date":"2026-05-07T05:17:07","date_gmt":"2026-05-07T08:17:07","guid":{"rendered":"https:\/\/www.hediyepazar.com\/?product=s10-akilli-saat-pembe"},"modified":"2026-05-07T05:17:07","modified_gmt":"2026-05-07T08:17:07","slug":"s10-akilli-saat-pembe","status":"publish","type":"product","link":"https:\/\/www.hediyepazar.com\/?product=s10-akilli-saat-pembe","title":{"rendered":"S10 AKILLI SAAT PEMBE"},"content":{"rendered":"<p>\u00c7ocuklar\u0131n\u0131z\u0131n g\u00fcvenli\u011fini \u00f6n planda tutan S10 Ak\u0131ll\u0131 \u00c7ocuk Saati, ailelere huzur verirken \u00e7ocuklara e\u011flenceli ve g\u00fcvenilir bir kullan\u0131m sunar.  Sesli mesaj \u00f6zelli\u011fi, \u00e7ocuklar\u0131n kolayca haberle\u015fmesini sa\u011flar. SOS butonu, acil durumlarda tek bir bas\u0131\u015fla \u00f6nceden belirlenmi\u015f numaralara \u00e7a\u011fr\u0131 g\u00f6nderir. Elektronik bariyer sistemi ile \u00e7ocu\u011funuzun belirledi\u011finiz alan\u0131n d\u0131\u015f\u0131na \u00e7\u0131k\u0131p \u00e7\u0131kmad\u0131\u011f\u0131n\u0131 takip edebilirsiniz. Ayr\u0131ca harita \u00fczerinden anl\u0131k konum bilgisi g\u00f6rebilir ve \u00e7ocu\u011funuzun ge\u00e7mi\u015f rotalar\u0131n\u0131 inceleyebilirsiniz. 30 g\u00fcne kadar konum ge\u00e7mi\u015fi saklayan sistem, ebeveynlere detayl\u0131 kontrol imk\u00e2n\u0131 sunar. Geli\u015fmi\u015f alarm fonksiyonuyla \u00e7ocuklar\u0131n\u0131z\u0131n ders, g\u00f6rev ve uyku d\u00fczenini kolayca ayarlayabilirsiniz. Sa\u011flam yap\u0131s\u0131, ergonomik tasar\u0131m\u0131 ve pratik kullan\u0131m\u0131 ile bu saat, hem g\u00fcvenlik hem de konfor arayan ailelerin ilk tercihidir.<\/p>\n","protected":false},"excerpt":{"rendered":"<p>\u00c7ocuklar\u0131n\u0131z\u0131n g\u00fcvenli\u011fini \u00f6n planda tutan S10 Ak\u0131ll\u0131 \u00c7ocuk Saati, ailelere huzur verirken \u00e7ocuklara e\u011flenceli ve g\u00fcvenilir bir kullan\u0131m sunar. Sesli mesaj \u00f6zelli\u011fi, \u00e7ocuklar\u0131n kolayca haberle\u015fmesini sa\u011flar. SOS butonu, acil durumlarda tek bir bas\u0131\u015fla \u00f6nceden belirlenmi\u015f numaralara \u00e7a\u011fr\u0131 g\u00f6nderir. Elektronik bariyer sistemi ile \u00e7ocu\u011funuzun belirledi\u011finiz alan\u0131n d\u0131\u015f\u0131na \u00e7\u0131k\u0131p \u00e7\u0131kmad\u0131\u011f\u0131n\u0131 takip edebilirsiniz. Ayr\u0131ca harita \u00fczerinden anl\u0131k konum&#8230;<\/p>\n","protected":false},"featured_media":129493,"comment_status":"open","ping_status":"closed","template":"","meta":{"_kad_post_transparent":"","_kad_post_title":"","_kad_post_layout":"","_kad_post_sidebar_id":"","_kad_post_content_style":"","_kad_post_vertical_padding":"","_kad_post_feature":"","_kad_post_feature_position":"","_kad_post_header":false,"_kad_post_footer":false,"_kad_post_classname":""},"product_brand":[],"product_cat":[14935],"product_tag":[],"class_list":{"0":"post-129494","1":"product","2":"type-product","3":"status-publish","4":"has-post-thumbnail","6":"product_cat-akilli-saatler-akilli-saatler","8":"first","9":"instock","10":"purchasable","11":"product-type-simple","12":"entry","13":"content-bg","14":"loop-entry"},"_links":{"self":[{"href":"https:\/\/www.hediyepazar.com\/index.php?rest_route=\/wp\/v2\/product\/129494","targetHints":{"allow":["GET"]}}],"collection":[{"href":"https:\/\/www.hediyepazar.com\/index.php?rest_route=\/wp\/v2\/product"}],"about":[{"href":"https:\/\/www.hediyepazar.com\/index.php?rest_route=\/wp\/v2\/types\/product"}],"replies":[{"embeddable":true,"href":"https:\/\/www.hediyepazar.com\/index.php?rest_route=%2Fwp%2Fv2%2Fcomments&post=129494"}],"wp:featuredmedia":[{"embeddable":true,"href":"https:\/\/www.hediyepazar.com\/index.php?rest_route=\/wp\/v2\/media\/129493"}],"wp:attachment":[{"href":"https:\/\/www.hediyepazar.com\/index.php?rest_route=%2Fwp%2Fv2%2Fmedia&parent=129494"}],"wp:term":[{"taxonomy":"product_brand","embeddable":true,"href":"https:\/\/www.hediyepazar.com\/index.php?rest_route=%2Fwp%2Fv2%2Fproduct_brand&post=129494"},{"taxonomy":"product_cat","embeddable":true,"href":"https:\/\/www.hediyepazar.com\/index.php?rest_route=%2Fwp%2Fv2%2Fproduct_cat&post=129494"},{"taxonomy":"product_tag","embeddable":true,"href":"https:\/\/www.hediyepazar.com\/index.php?rest_route=%2Fwp%2Fv2%2Fproduct_tag&post=129494"}],"curies":[{"name":"wp","href":"https:\/\/api.w.org\/{rel}","templated":true}]}}