{"id":129508,"date":"2026-05-07T05:20:03","date_gmt":"2026-05-07T08:20:03","guid":{"rendered":"https:\/\/www.hediyepazar.com\/?product=ergonomik-mobil-oyun-gamepad-tutucu"},"modified":"2026-05-07T05:20:03","modified_gmt":"2026-05-07T08:20:03","slug":"ergonomik-mobil-oyun-gamepad-tutucu","status":"publish","type":"product","link":"https:\/\/www.hediyepazar.com\/?product=ergonomik-mobil-oyun-gamepad-tutucu","title":{"rendered":"Ergonomik Mobil Oyun Gamepad Tutucu"},"content":{"rendered":"<p>Mobil oyun performans\u0131n\u0131 art\u0131rmak isteyen kullan\u0131c\u0131lar i\u00e7in tasarlanan bu gamepad, d\u00f6rt parmakla oynama deste\u011fi sunarak klasik dokunmatik kontrollere k\u0131yasla b\u00fcy\u00fck avantaj sa\u011flar. Ayn\u0131 anda birden fazla aksiyonu ger\u00e7ekle\u015ftirebilme imk\u00e2n\u0131 sunmas\u0131, \u00f6zellikle rekabet\u00e7i oyunlarda fark yarat\u0131r.Ergonomik kavrama yap\u0131s\u0131, uzun s\u00fcreli kullan\u0131mlarda bile elde rahats\u0131zl\u0131k olu\u015fturmaz. Avu\u00e7 i\u00e7ine uyum sa\u011flayan tasar\u0131m\u0131 sayesinde do\u011fal bir tutu\u015f hissi verir. Bu da reflekslerin daha h\u0131zl\u0131 ve kontroll\u00fc \u015fekilde kullan\u0131lmas\u0131na yard\u0131mc\u0131 olur.Orta boy d\u00fc\u011fmeler, ekran\u0131n \u00f6nemli alanlar\u0131n\u0131 kapatmadan rahat bir kullan\u0131m sunar. G\u00f6r\u00fc\u015f alan\u0131n\u0131 daraltmayan bu yap\u0131, oyun s\u0131ras\u0131nda \u00e7evresel detaylar\u0131 ka\u00e7\u0131rmaman\u0131z\u0131 sa\u011flar.Dayan\u0131kl\u0131 malzemeden \u00fcretilmi\u015f g\u00f6vdesi, uzun s\u00fcreli kullan\u0131mlara kar\u015f\u0131 diren\u00e7lidir. G\u00fcvenli temas y\u00fczeyleri sayesinde ekran \u00fczerinde kayma ya da \u00e7izilme riski olu\u015fturmaz. Bu \u00f6zellik, \u00fcr\u00fcn\u00fc g\u00fcnl\u00fck ve yo\u011fun kullan\u0131m i\u00e7in uygun hale getirir.Ta\u015f\u0131nabilir yap\u0131s\u0131 ile evde, d\u0131\u015far\u0131da veya seyahatlerde rahatl\u0131kla kullan\u0131labilir. Mobil oyunlarda kontrol\u00fc tamamen eline almak isteyen kullan\u0131c\u0131lar i\u00e7in pratik ve etkili bir oyun aksesuar\u0131d\u0131r.<\/p>\n","protected":false},"excerpt":{"rendered":"<p>Mobil oyun performans\u0131n\u0131 art\u0131rmak isteyen kullan\u0131c\u0131lar i\u00e7in tasarlanan bu gamepad, d\u00f6rt parmakla oynama deste\u011fi sunarak klasik dokunmatik kontrollere k\u0131yasla b\u00fcy\u00fck avantaj sa\u011flar. Ayn\u0131 anda birden fazla aksiyonu ger\u00e7ekle\u015ftirebilme imk\u00e2n\u0131 sunmas\u0131, \u00f6zellikle rekabet\u00e7i oyunlarda fark yarat\u0131r.Ergonomik kavrama yap\u0131s\u0131, uzun s\u00fcreli kullan\u0131mlarda bile elde rahats\u0131zl\u0131k olu\u015fturmaz. Avu\u00e7 i\u00e7ine uyum sa\u011flayan tasar\u0131m\u0131 sayesinde do\u011fal bir tutu\u015f hissi verir&#8230;.<\/p>\n","protected":false},"featured_media":129507,"comment_status":"open","ping_status":"closed","template":"","meta":{"_kad_post_transparent":"","_kad_post_title":"","_kad_post_layout":"","_kad_post_sidebar_id":"","_kad_post_content_style":"","_kad_post_vertical_padding":"","_kad_post_feature":"","_kad_post_feature_position":"","_kad_post_header":false,"_kad_post_footer":false,"_kad_post_classname":""},"product_brand":[],"product_cat":[14961],"product_tag":[],"class_list":{"0":"post-129508","1":"product","2":"type-product","3":"status-publish","4":"has-post-thumbnail","6":"product_cat-oyun-konsolu-oyun-konsolu","8":"first","9":"instock","10":"purchasable","11":"product-type-simple","12":"entry","13":"content-bg","14":"loop-entry"},"_links":{"self":[{"href":"https:\/\/www.hediyepazar.com\/index.php?rest_route=\/wp\/v2\/product\/129508","targetHints":{"allow":["GET"]}}],"collection":[{"href":"https:\/\/www.hediyepazar.com\/index.php?rest_route=\/wp\/v2\/product"}],"about":[{"href":"https:\/\/www.hediyepazar.com\/index.php?rest_route=\/wp\/v2\/types\/product"}],"replies":[{"embeddable":true,"href":"https:\/\/www.hediyepazar.com\/index.php?rest_route=%2Fwp%2Fv2%2Fcomments&post=129508"}],"wp:featuredmedia":[{"embeddable":true,"href":"https:\/\/www.hediyepazar.com\/index.php?rest_route=\/wp\/v2\/media\/129507"}],"wp:attachment":[{"href":"https:\/\/www.hediyepazar.com\/index.php?rest_route=%2Fwp%2Fv2%2Fmedia&parent=129508"}],"wp:term":[{"taxonomy":"product_brand","embeddable":true,"href":"https:\/\/www.hediyepazar.com\/index.php?rest_route=%2Fwp%2Fv2%2Fproduct_brand&post=129508"},{"taxonomy":"product_cat","embeddable":true,"href":"https:\/\/www.hediyepazar.com\/index.php?rest_route=%2Fwp%2Fv2%2Fproduct_cat&post=129508"},{"taxonomy":"product_tag","embeddable":true,"href":"https:\/\/www.hediyepazar.com\/index.php?rest_route=%2Fwp%2Fv2%2Fproduct_tag&post=129508"}],"curies":[{"name":"wp","href":"https:\/\/api.w.org\/{rel}","templated":true}]}}