{"id":129514,"date":"2026-05-07T05:21:02","date_gmt":"2026-05-07T08:21:02","guid":{"rendered":"https:\/\/www.hediyepazar.com\/?product=pro-5-siyah-kulaklik"},"modified":"2026-05-07T05:21:02","modified_gmt":"2026-05-07T08:21:02","slug":"pro-5-siyah-kulaklik","status":"publish","type":"product","link":"https:\/\/www.hediyepazar.com\/?product=pro-5-siyah-kulaklik","title":{"rendered":"PRO 5 S\u0130YAH KULAKLIK"},"content":{"rendered":"<p>PRO 5 BLUETOOTH KULAKLIK \tIsim de\u011fi\u015ftirme , konum bulma , sa\u011f sol atamalar\u0131 , hey siri , canl\u0131 ortam dinleme ve daha fazlas\u0131. \tTasar\u0131m harikas\u0131 yeni nesil kulakl\u0131k. \t8d ses performans\u0131. \tOtomatik a\u00e7\u0131lma ve ba\u011flanma. \tT\u00fcm apple ve android cihazlar\u0131n\u0131z i\u00e7in kolay kurulum. \tKesintisiz 3 saate yak\u0131n m\u00fczik dinleme s\u00fcresi. \t\u202224 saat pil \u00f6mr\u00fc sunan kablosuz \u015farj cihaz\u0131. \tMikrofon: Evet. \tBluetooth \u015farj kutusu: Evet. \tSiri \u00f6zelli\u011fi: Evet. \tDokunmatik tu\u015flar: Evet. \tApple android uyumlu: Evet.<\/p>\n","protected":false},"excerpt":{"rendered":"<p>PRO 5 BLUETOOTH KULAKLIK Isim de\u011fi\u015ftirme , konum bulma , sa\u011f sol atamalar\u0131 , hey siri , canl\u0131 ortam dinleme ve daha fazlas\u0131. Tasar\u0131m harikas\u0131 yeni nesil kulakl\u0131k. 8d ses performans\u0131. Otomatik a\u00e7\u0131lma ve ba\u011flanma. T\u00fcm apple ve android cihazlar\u0131n\u0131z i\u00e7in kolay kurulum. Kesintisiz 3 saate yak\u0131n m\u00fczik dinleme s\u00fcresi. \u202224 saat pil \u00f6mr\u00fc sunan&#8230;<\/p>\n","protected":false},"featured_media":129513,"comment_status":"open","ping_status":"closed","template":"","meta":{"_kad_post_transparent":"","_kad_post_title":"","_kad_post_layout":"","_kad_post_sidebar_id":"","_kad_post_content_style":"","_kad_post_vertical_padding":"","_kad_post_feature":"","_kad_post_feature_position":"","_kad_post_header":false,"_kad_post_footer":false,"_kad_post_classname":""},"product_brand":[],"product_cat":[14957],"product_tag":[],"class_list":{"0":"post-129514","1":"product","2":"type-product","3":"status-publish","4":"has-post-thumbnail","6":"product_cat-kablosuz-kulaklik-kablosuz-kulaklik","8":"first","9":"instock","10":"purchasable","11":"product-type-simple","12":"entry","13":"content-bg","14":"loop-entry"},"_links":{"self":[{"href":"https:\/\/www.hediyepazar.com\/index.php?rest_route=\/wp\/v2\/product\/129514","targetHints":{"allow":["GET"]}}],"collection":[{"href":"https:\/\/www.hediyepazar.com\/index.php?rest_route=\/wp\/v2\/product"}],"about":[{"href":"https:\/\/www.hediyepazar.com\/index.php?rest_route=\/wp\/v2\/types\/product"}],"replies":[{"embeddable":true,"href":"https:\/\/www.hediyepazar.com\/index.php?rest_route=%2Fwp%2Fv2%2Fcomments&post=129514"}],"wp:featuredmedia":[{"embeddable":true,"href":"https:\/\/www.hediyepazar.com\/index.php?rest_route=\/wp\/v2\/media\/129513"}],"wp:attachment":[{"href":"https:\/\/www.hediyepazar.com\/index.php?rest_route=%2Fwp%2Fv2%2Fmedia&parent=129514"}],"wp:term":[{"taxonomy":"product_brand","embeddable":true,"href":"https:\/\/www.hediyepazar.com\/index.php?rest_route=%2Fwp%2Fv2%2Fproduct_brand&post=129514"},{"taxonomy":"product_cat","embeddable":true,"href":"https:\/\/www.hediyepazar.com\/index.php?rest_route=%2Fwp%2Fv2%2Fproduct_cat&post=129514"},{"taxonomy":"product_tag","embeddable":true,"href":"https:\/\/www.hediyepazar.com\/index.php?rest_route=%2Fwp%2Fv2%2Fproduct_tag&post=129514"}],"curies":[{"name":"wp","href":"https:\/\/api.w.org\/{rel}","templated":true}]}}