{"id":129522,"date":"2026-05-07T05:21:59","date_gmt":"2026-05-07T08:21:59","guid":{"rendered":"https:\/\/www.hediyepazar.com\/?product=q58-intercom"},"modified":"2026-05-07T05:21:59","modified_gmt":"2026-05-07T08:21:59","slug":"q58-intercom","status":"publish","type":"product","link":"https:\/\/www.hediyepazar.com\/?product=q58-intercom","title":{"rendered":"Q58 \u0130NTERCOM"},"content":{"rendered":"<p>FM radyo \u00f6zelli\u011fine sahip kask kulakl\u0131\u011f\u0131, yolculuklar\u0131n\u0131z\u0131 daha keyifli hale getirir. Bluetooth 5.3 teknolojisi ile 500 metreye kadar interkom deste\u011fi sunar.Qualcomm \u00e7ipset ile g\u00fc\u00e7lendirilmi\u015f cihaz, net ses kalitesi sa\u011flar. G\u00fcr\u00fclt\u00fc azaltma teknolojisi, r\u00fczg\u00e2r ve motor sesini filtreleyerek daha net g\u00f6r\u00fc\u015fmeler yapman\u0131za imk\u00e2n tan\u0131r.M\u00fczik payla\u015f\u0131m\u0131 fonksiyonu da mevcuttur.Dahili 1000mAh batarya, uzun s\u00fcreli performans sunar. Ayr\u0131ca SD kart giri\u015fi (4-32 GB) sayesinde m\u00fcziklerinizi kolayca dinleyebilirsiniz.IP65 suya dayan\u0131kl\u0131 yap\u0131s\u0131 ya\u011fmurlu g\u00fcnlerde sorunsuz kullan\u0131m sa\u011flar. LED ayd\u0131nlatma fonksiyonu ise gece s\u00fcr\u00fc\u015flerinde g\u00fcvenli\u011fi art\u0131r\u0131r.Flip-up kasklar i\u00e7in \u00f6zel tasarlanm\u0131\u015ft\u0131r ve montaj\u0131 olduk\u00e7a kolayd\u0131r. LCD ekran \u00fczerinden pil seviyesi, ba\u011flant\u0131 ve radyo frekanslar\u0131n\u0131 kolayca takip edebilirsiniz.Bu kask kulakl\u0131\u011f\u0131, g\u00fcvenli\u011fi, e\u011flenceyi ve ileti\u015fimi bir arada sunarak s\u00fcr\u00fc\u015f deneyiminizi \u00fcst seviyeye ta\u015f\u0131r.<\/p>\n","protected":false},"excerpt":{"rendered":"<p>FM radyo \u00f6zelli\u011fine sahip kask kulakl\u0131\u011f\u0131, yolculuklar\u0131n\u0131z\u0131 daha keyifli hale getirir. Bluetooth 5.3 teknolojisi ile 500 metreye kadar interkom deste\u011fi sunar.Qualcomm \u00e7ipset ile g\u00fc\u00e7lendirilmi\u015f cihaz, net ses kalitesi sa\u011flar. G\u00fcr\u00fclt\u00fc azaltma teknolojisi, r\u00fczg\u00e2r ve motor sesini filtreleyerek daha net g\u00f6r\u00fc\u015fmeler yapman\u0131za imk\u00e2n tan\u0131r.M\u00fczik payla\u015f\u0131m\u0131 fonksiyonu da mevcuttur.Dahili 1000mAh batarya, uzun s\u00fcreli performans sunar. Ayr\u0131ca SD&#8230;<\/p>\n","protected":false},"featured_media":129521,"comment_status":"open","ping_status":"closed","template":"","meta":{"_kad_post_transparent":"","_kad_post_title":"","_kad_post_layout":"","_kad_post_sidebar_id":"","_kad_post_content_style":"","_kad_post_vertical_padding":"","_kad_post_feature":"","_kad_post_feature_position":"","_kad_post_header":false,"_kad_post_footer":false,"_kad_post_classname":""},"product_brand":[],"product_cat":[14957],"product_tag":[],"class_list":{"0":"post-129522","1":"product","2":"type-product","3":"status-publish","4":"has-post-thumbnail","6":"product_cat-kablosuz-kulaklik-kablosuz-kulaklik","8":"first","9":"instock","10":"purchasable","11":"product-type-simple","12":"entry","13":"content-bg","14":"loop-entry"},"_links":{"self":[{"href":"https:\/\/www.hediyepazar.com\/index.php?rest_route=\/wp\/v2\/product\/129522","targetHints":{"allow":["GET"]}}],"collection":[{"href":"https:\/\/www.hediyepazar.com\/index.php?rest_route=\/wp\/v2\/product"}],"about":[{"href":"https:\/\/www.hediyepazar.com\/index.php?rest_route=\/wp\/v2\/types\/product"}],"replies":[{"embeddable":true,"href":"https:\/\/www.hediyepazar.com\/index.php?rest_route=%2Fwp%2Fv2%2Fcomments&post=129522"}],"wp:featuredmedia":[{"embeddable":true,"href":"https:\/\/www.hediyepazar.com\/index.php?rest_route=\/wp\/v2\/media\/129521"}],"wp:attachment":[{"href":"https:\/\/www.hediyepazar.com\/index.php?rest_route=%2Fwp%2Fv2%2Fmedia&parent=129522"}],"wp:term":[{"taxonomy":"product_brand","embeddable":true,"href":"https:\/\/www.hediyepazar.com\/index.php?rest_route=%2Fwp%2Fv2%2Fproduct_brand&post=129522"},{"taxonomy":"product_cat","embeddable":true,"href":"https:\/\/www.hediyepazar.com\/index.php?rest_route=%2Fwp%2Fv2%2Fproduct_cat&post=129522"},{"taxonomy":"product_tag","embeddable":true,"href":"https:\/\/www.hediyepazar.com\/index.php?rest_route=%2Fwp%2Fv2%2Fproduct_tag&post=129522"}],"curies":[{"name":"wp","href":"https:\/\/api.w.org\/{rel}","templated":true}]}}