{"id":129524,"date":"2026-05-07T05:22:06","date_gmt":"2026-05-07T08:22:06","guid":{"rendered":"https:\/\/www.hediyepazar.com\/?product=20-000-powerbank"},"modified":"2026-05-07T05:22:06","modified_gmt":"2026-05-07T08:22:06","slug":"20-000-powerbank","status":"publish","type":"product","link":"https:\/\/www.hediyepazar.com\/?product=20-000-powerbank","title":{"rendered":"20.000 POWERBANK"},"content":{"rendered":"<p>H\u0131zl\u0131 \u015earj \u00d6zellikli 4 \u00c7\u0131k\u0131\u015fl\u0131 20.000 Mah Powerbank \u00dcr\u00fcn A\u00e7\u0131klamas\u0131:\u00a0 H\u0131zl\u0131 \u015earj \u00d6zellikli 4 \u00c7\u0131k\u0131\u015fl\u0131 20.000 Mah Powerbank Siyah Teknik \u00d6zellikler: H\u0131zl\u0131 \u015earj \u00c7oklu G\u00fcvenlik Korumas\u0131 Geni\u015f Uyumluluk Led G\u00f6stergeli Fener \u00d6zelli\u011fi Model: Trm-1011 Giri\u015f: DC 5V 2A \u00c7\u0131k\u0131\u015f: DC 5V\/2A Batarya Kapasitesi: 3.7V 20.000 mAh(37Wh) \u015earj S\u00fcresi:4-5 Saat \u00dcr\u00fcn ile birlikte USB ile \u015farj i\u015flemi yapabilirsiniz. \u00dcr\u00fcn 20.000mAh \u015farj g\u00fcc\u00fcne sahiptir \u00dcr\u00fcn \u00c7ift USB giri\u015fine sahiptir.B\u00f6ylelikle ayn\u0131 anda iki cihaz\u0131 \u015farj edebilirsiniz \u00dcr\u00fcn \u00d6zellikleri: \u00b7 H\u0131zl\u0131 \u015farj \u00f6zellikli 4 \u00e7\u0131k\u0131\u015fl\u0131. \u00b7 .20.000 Mah. \u00b7 \u015earj s\u00fcresi 4-5 saat.<\/p>\n","protected":false},"excerpt":{"rendered":"<p>H\u0131zl\u0131 \u015earj \u00d6zellikli 4 \u00c7\u0131k\u0131\u015fl\u0131 20.000 Mah Powerbank \u00dcr\u00fcn A\u00e7\u0131klamas\u0131:\u00a0 H\u0131zl\u0131 \u015earj \u00d6zellikli 4 \u00c7\u0131k\u0131\u015fl\u0131 20.000 Mah Powerbank Siyah Teknik \u00d6zellikler: H\u0131zl\u0131 \u015earj \u00c7oklu G\u00fcvenlik Korumas\u0131 Geni\u015f Uyumluluk Led G\u00f6stergeli Fener \u00d6zelli\u011fi Model: Trm-1011 Giri\u015f: DC 5V 2A \u00c7\u0131k\u0131\u015f: DC 5V\/2A Batarya Kapasitesi: 3.7V 20.000 mAh(37Wh) \u015earj S\u00fcresi:4-5 Saat \u00dcr\u00fcn ile birlikte USB ile \u015farj&#8230;<\/p>\n","protected":false},"featured_media":129523,"comment_status":"open","ping_status":"closed","template":"","meta":{"_kad_post_transparent":"","_kad_post_title":"","_kad_post_layout":"","_kad_post_sidebar_id":"","_kad_post_content_style":"","_kad_post_vertical_padding":"","_kad_post_feature":"","_kad_post_feature_position":"","_kad_post_header":false,"_kad_post_footer":false,"_kad_post_classname":""},"product_brand":[],"product_cat":[14937],"product_tag":[],"class_list":{"0":"post-129524","1":"product","2":"type-product","3":"status-publish","4":"has-post-thumbnail","6":"product_cat-powerbank-powerbank-2","8":"first","9":"instock","10":"purchasable","11":"product-type-simple","12":"entry","13":"content-bg","14":"loop-entry"},"_links":{"self":[{"href":"https:\/\/www.hediyepazar.com\/index.php?rest_route=\/wp\/v2\/product\/129524","targetHints":{"allow":["GET"]}}],"collection":[{"href":"https:\/\/www.hediyepazar.com\/index.php?rest_route=\/wp\/v2\/product"}],"about":[{"href":"https:\/\/www.hediyepazar.com\/index.php?rest_route=\/wp\/v2\/types\/product"}],"replies":[{"embeddable":true,"href":"https:\/\/www.hediyepazar.com\/index.php?rest_route=%2Fwp%2Fv2%2Fcomments&post=129524"}],"wp:featuredmedia":[{"embeddable":true,"href":"https:\/\/www.hediyepazar.com\/index.php?rest_route=\/wp\/v2\/media\/129523"}],"wp:attachment":[{"href":"https:\/\/www.hediyepazar.com\/index.php?rest_route=%2Fwp%2Fv2%2Fmedia&parent=129524"}],"wp:term":[{"taxonomy":"product_brand","embeddable":true,"href":"https:\/\/www.hediyepazar.com\/index.php?rest_route=%2Fwp%2Fv2%2Fproduct_brand&post=129524"},{"taxonomy":"product_cat","embeddable":true,"href":"https:\/\/www.hediyepazar.com\/index.php?rest_route=%2Fwp%2Fv2%2Fproduct_cat&post=129524"},{"taxonomy":"product_tag","embeddable":true,"href":"https:\/\/www.hediyepazar.com\/index.php?rest_route=%2Fwp%2Fv2%2Fproduct_tag&post=129524"}],"curies":[{"name":"wp","href":"https:\/\/api.w.org\/{rel}","templated":true}]}}