{"id":129526,"date":"2026-05-07T05:22:12","date_gmt":"2026-05-07T08:22:12","guid":{"rendered":"https:\/\/www.hediyepazar.com\/?product=kablolu-oyuncu-kulakligi-2"},"modified":"2026-05-07T05:22:12","modified_gmt":"2026-05-07T08:22:12","slug":"kablolu-oyuncu-kulakligi-2","status":"publish","type":"product","link":"https:\/\/www.hediyepazar.com\/?product=kablolu-oyuncu-kulakligi-2","title":{"rendered":"Kablolu Oyuncu Kulakl\u0131\u011f\u0131"},"content":{"rendered":"<p>Kablolu Oyuncu Kulakl\u0131\u011f\u0131Uzun kullan\u0131mlardan kaynaklanan terlemeye dayan\u0131kl\u0131, kulaklar\u0131n a\u011fr\u0131mas\u0131n\u0131 engelleyen yumu\u015fak pedleri ve oyun heyecan\u0131n\u0131 bozmamak i\u00e7in terlemeyi aza indirmek amac\u0131yla hava kanallar\u0131na sahiptir.A\u015fa\u011f\u0131 ve yukar\u0131 hareketiyle mikrofona ihtiya\u00e7 duydu\u011funuz her zaman, temiz ve berrak ses kalitesiyle daime yan\u0131n\u0131zda olacakt\u0131r. Oyunlarda veya harici kullan\u0131mlarda mikrofonun sesini kapatma tu\u015fu ile kapatabilirsiniz.Her kullan\u0131c\u0131n\u0131n kafa b\u00fcy\u00fckl\u00fc\u011f\u00fc farkl\u0131 olsada yinede kula\u011f\u0131n\u0131za tam uyum g\u00f6sterecektir. Y\u00fcksek ses kalitesi ile m\u00fczik dinlerken yada oyunlarda sesin detaylar\u0131n\u0131 duyacak sterio ses \u00f6zelli\u011fi ile sa\u011f ve sol ayr\u0131m\u0131 yaparak d\u00fc\u015fman\u0131n\u0131z gizlense bile kurtulamayacakt\u0131r.Multiplayer oyunlar\u0131nda heyecan\u0131n doruk noktas\u0131na ula\u015ft\u0131\u011f\u0131 zamanlarda sizi rahats\u0131z etmeyecek yumu\u015fak kulak pedleri ve kafa band\u0131 ile uzun kullan\u0131mlarda size a\u011fr\u0131s\u0131z oyun deneyimi ya\u015fatacak. Uzun kullan\u0131mlara dayan\u0131kl\u0131 kolay kullan\u0131labilirdir. \tRahat kullan\u0131m \t3,5mm Jak giri\u015fi \tMikrofonlu \tCanl\u0131 konu\u015fma deste\u011fine uygun mikrofon Kilit Tu\u015fu \tY\u00fcksek Ses kalitesi \t90-100 db Ses \u015fiddeti. \t20-20000 Hz \u00e7al\u0131\u015fma frekans\u0131 \t40 mm hoparl\u00f6r \u00e7ap\u0131 \tTelefon uyumlu \t1,4m kablo uzunlu\u011fu \tYumu\u015fak kulak yast\u0131\u011f\u0131 \tAyarlanabilir kafa band\u0131 \tTere Kar\u015f\u0131 dayan\u0131kl\u0131<\/p>\n","protected":false},"excerpt":{"rendered":"<p>Kablolu Oyuncu Kulakl\u0131\u011f\u0131Uzun kullan\u0131mlardan kaynaklanan terlemeye dayan\u0131kl\u0131, kulaklar\u0131n a\u011fr\u0131mas\u0131n\u0131 engelleyen yumu\u015fak pedleri ve oyun heyecan\u0131n\u0131 bozmamak i\u00e7in terlemeyi aza indirmek amac\u0131yla hava kanallar\u0131na sahiptir.A\u015fa\u011f\u0131 ve yukar\u0131 hareketiyle mikrofona ihtiya\u00e7 duydu\u011funuz her zaman, temiz ve berrak ses kalitesiyle daime yan\u0131n\u0131zda olacakt\u0131r. Oyunlarda veya harici kullan\u0131mlarda mikrofonun sesini kapatma tu\u015fu ile kapatabilirsiniz.Her kullan\u0131c\u0131n\u0131n kafa b\u00fcy\u00fckl\u00fc\u011f\u00fc farkl\u0131 olsada&#8230;<\/p>\n","protected":false},"featured_media":129525,"comment_status":"open","ping_status":"closed","template":"","meta":{"_kad_post_transparent":"","_kad_post_title":"","_kad_post_layout":"","_kad_post_sidebar_id":"","_kad_post_content_style":"","_kad_post_vertical_padding":"","_kad_post_feature":"","_kad_post_feature_position":"","_kad_post_header":false,"_kad_post_footer":false,"_kad_post_classname":""},"product_brand":[],"product_cat":[14957],"product_tag":[],"class_list":{"0":"post-129526","1":"product","2":"type-product","3":"status-publish","4":"has-post-thumbnail","6":"product_cat-kablosuz-kulaklik-kablosuz-kulaklik","8":"first","9":"instock","10":"purchasable","11":"product-type-simple","12":"entry","13":"content-bg","14":"loop-entry"},"_links":{"self":[{"href":"https:\/\/www.hediyepazar.com\/index.php?rest_route=\/wp\/v2\/product\/129526","targetHints":{"allow":["GET"]}}],"collection":[{"href":"https:\/\/www.hediyepazar.com\/index.php?rest_route=\/wp\/v2\/product"}],"about":[{"href":"https:\/\/www.hediyepazar.com\/index.php?rest_route=\/wp\/v2\/types\/product"}],"replies":[{"embeddable":true,"href":"https:\/\/www.hediyepazar.com\/index.php?rest_route=%2Fwp%2Fv2%2Fcomments&post=129526"}],"wp:featuredmedia":[{"embeddable":true,"href":"https:\/\/www.hediyepazar.com\/index.php?rest_route=\/wp\/v2\/media\/129525"}],"wp:attachment":[{"href":"https:\/\/www.hediyepazar.com\/index.php?rest_route=%2Fwp%2Fv2%2Fmedia&parent=129526"}],"wp:term":[{"taxonomy":"product_brand","embeddable":true,"href":"https:\/\/www.hediyepazar.com\/index.php?rest_route=%2Fwp%2Fv2%2Fproduct_brand&post=129526"},{"taxonomy":"product_cat","embeddable":true,"href":"https:\/\/www.hediyepazar.com\/index.php?rest_route=%2Fwp%2Fv2%2Fproduct_cat&post=129526"},{"taxonomy":"product_tag","embeddable":true,"href":"https:\/\/www.hediyepazar.com\/index.php?rest_route=%2Fwp%2Fv2%2Fproduct_tag&post=129526"}],"curies":[{"name":"wp","href":"https:\/\/api.w.org\/{rel}","templated":true}]}}