{"id":129530,"date":"2026-05-07T05:23:02","date_gmt":"2026-05-07T08:23:02","guid":{"rendered":"https:\/\/www.hediyepazar.com\/?product=g30-kulaklik-2"},"modified":"2026-05-07T05:23:02","modified_gmt":"2026-05-07T08:23:02","slug":"g30-kulaklik-2","status":"publish","type":"product","link":"https:\/\/www.hediyepazar.com\/?product=g30-kulaklik-2","title":{"rendered":"G30 KULAKLIK"},"content":{"rendered":"<p>G30 Siyah Profesyonel Kulakl\u0131\u011f\u0131, oyunseverler i\u00e7in \u00f6zel olarak tasarlanm\u0131\u015f bir kulakl\u0131k olup, \u00fcst\u00fcn ses kalitesi ve konforu ile dikkat \u00e7eker. Bluetooth 5.2 teknolojisi sayesinde 45 ms&#8217;lik d\u00fc\u015f\u00fck gecikme s\u00fcresi ile y\u00fcksek performans sunar. \u00dc\u00e7 farkl\u0131 modu ile oyun, m\u00fczik dinleme ve konu\u015fma gibi farkl\u0131 ihtiya\u00e7lar\u0131n\u0131za uygun se\u00e7enekler sunar. RGB \u0131\u015f\u0131kland\u0131rmas\u0131, g\u00f6rsel olarak etkileyici bir atmosfer yarat\u0131rken, ergonomik tasar\u0131m\u0131 kula\u011f\u0131n\u0131za tam uyum sa\u011flar, uzun s\u00fcreli kullan\u0131mda dahi rahatl\u0131k sunar. HD mikrofonu, sesli ileti\u015fimde netlik sa\u011flar, ancak y\u00fcksek sesli ortamlarda mikrofon kalitesinde zorluk ya\u015fanabilir. Daha sessiz ortamlarda ise stabil bir performans sergiler. Ortalama kullan\u0131m s\u00fcresi 2-3 saat aras\u0131nda de\u011fi\u015firken, \u015farj kutusu kulakl\u0131klar\u0131 en az iki kez tam olarak \u015farj edebilir. 150 saat bekleme s\u00fcresi ile uzun s\u00fcreli kullan\u0131m i\u00e7in idealdir. G30 kulakl\u0131k, oyun ve g\u00fcnl\u00fck kullan\u0131mda hem \u015f\u0131k hem de fonksiyonel bir deneyim sunar.<\/p>\n","protected":false},"excerpt":{"rendered":"<p>G30 Siyah Profesyonel Kulakl\u0131\u011f\u0131, oyunseverler i\u00e7in \u00f6zel olarak tasarlanm\u0131\u015f bir kulakl\u0131k olup, \u00fcst\u00fcn ses kalitesi ve konforu ile dikkat \u00e7eker. Bluetooth 5.2 teknolojisi sayesinde 45 ms&#8217;lik d\u00fc\u015f\u00fck gecikme s\u00fcresi ile y\u00fcksek performans sunar. \u00dc\u00e7 farkl\u0131 modu ile oyun, m\u00fczik dinleme ve konu\u015fma gibi farkl\u0131 ihtiya\u00e7lar\u0131n\u0131za uygun se\u00e7enekler sunar. RGB \u0131\u015f\u0131kland\u0131rmas\u0131, g\u00f6rsel olarak etkileyici bir atmosfer&#8230;<\/p>\n","protected":false},"featured_media":129529,"comment_status":"open","ping_status":"closed","template":"","meta":{"_kad_post_transparent":"","_kad_post_title":"","_kad_post_layout":"","_kad_post_sidebar_id":"","_kad_post_content_style":"","_kad_post_vertical_padding":"","_kad_post_feature":"","_kad_post_feature_position":"","_kad_post_header":false,"_kad_post_footer":false,"_kad_post_classname":""},"product_brand":[],"product_cat":[14957],"product_tag":[],"class_list":{"0":"post-129530","1":"product","2":"type-product","3":"status-publish","4":"has-post-thumbnail","6":"product_cat-kablosuz-kulaklik-kablosuz-kulaklik","8":"first","9":"instock","10":"purchasable","11":"product-type-simple","12":"entry","13":"content-bg","14":"loop-entry"},"_links":{"self":[{"href":"https:\/\/www.hediyepazar.com\/index.php?rest_route=\/wp\/v2\/product\/129530","targetHints":{"allow":["GET"]}}],"collection":[{"href":"https:\/\/www.hediyepazar.com\/index.php?rest_route=\/wp\/v2\/product"}],"about":[{"href":"https:\/\/www.hediyepazar.com\/index.php?rest_route=\/wp\/v2\/types\/product"}],"replies":[{"embeddable":true,"href":"https:\/\/www.hediyepazar.com\/index.php?rest_route=%2Fwp%2Fv2%2Fcomments&post=129530"}],"wp:featuredmedia":[{"embeddable":true,"href":"https:\/\/www.hediyepazar.com\/index.php?rest_route=\/wp\/v2\/media\/129529"}],"wp:attachment":[{"href":"https:\/\/www.hediyepazar.com\/index.php?rest_route=%2Fwp%2Fv2%2Fmedia&parent=129530"}],"wp:term":[{"taxonomy":"product_brand","embeddable":true,"href":"https:\/\/www.hediyepazar.com\/index.php?rest_route=%2Fwp%2Fv2%2Fproduct_brand&post=129530"},{"taxonomy":"product_cat","embeddable":true,"href":"https:\/\/www.hediyepazar.com\/index.php?rest_route=%2Fwp%2Fv2%2Fproduct_cat&post=129530"},{"taxonomy":"product_tag","embeddable":true,"href":"https:\/\/www.hediyepazar.com\/index.php?rest_route=%2Fwp%2Fv2%2Fproduct_tag&post=129530"}],"curies":[{"name":"wp","href":"https:\/\/api.w.org\/{rel}","templated":true}]}}