{"id":129566,"date":"2026-05-07T05:28:30","date_gmt":"2026-05-07T08:28:30","guid":{"rendered":"https:\/\/www.hediyepazar.com\/?product=su-gecirmez-bluetooth-5-3-kask-kulakligi-1000mah-bataryali"},"modified":"2026-05-07T05:28:30","modified_gmt":"2026-05-07T08:28:30","slug":"su-gecirmez-bluetooth-5-3-kask-kulakligi-1000mah-bataryali","status":"publish","type":"product","link":"https:\/\/www.hediyepazar.com\/?product=su-gecirmez-bluetooth-5-3-kask-kulakligi-1000mah-bataryali","title":{"rendered":"Su Ge\u00e7irmez Bluetooth 5.3 Kask Kulakl\u0131\u011f\u0131 1000mAh Bataryal\u0131"},"content":{"rendered":"<p>Su ge\u00e7irmez Bluetooth kask kulakl\u0131\u011f\u0131, IP65 koruma s\u0131n\u0131f\u0131 sayesinde ya\u011fmur ve zorlu hava ko\u015fullar\u0131nda g\u00fcvenle kullan\u0131labilir. Dayan\u0131kl\u0131 yap\u0131s\u0131 uzun \u00f6m\u00fcrl\u00fc kullan\u0131m sa\u011flar.Bluetooth 5.3 teknolojisi ve Qualcomm \u00e7ipset deste\u011fi, h\u0131zl\u0131 ba\u011flant\u0131 ve y\u00fcksek ses kalitesi sunar. G\u00fcr\u00fclt\u00fc azaltma fonksiyonu, r\u00fczg\u00e2r ve motor sesini minimuma indirir. Bu sayede hem g\u00f6r\u00fc\u015fme kalitesi hem de m\u00fczik deneyimi artar.Dahili 1000mAh bataryas\u0131, uzun yolculuklarda kesintisiz kullan\u0131m sa\u011flar. FM radyo \u00f6zelli\u011fi, m\u00fczik payla\u015f\u0131m\u0131 ve SD kart deste\u011fi (4-32 GB) ile farkl\u0131 e\u011flence se\u00e7enekleri sunar.LED ayd\u0131nlatma, gece s\u00fcr\u00fc\u015flerinde g\u00f6r\u00fcn\u00fcrl\u00fc\u011f\u00fcn\u00fcz\u00fc art\u0131rarak g\u00fcvenli\u011fi sa\u011flar. LCD ekran\u0131 ise pil durumu, ba\u011flant\u0131 ve frekans bilgilerini takip etmenize yard\u0131mc\u0131 olur.Flip-up kasklara uyumlu tasar\u0131m\u0131 sayesinde montaj\u0131 kolayd\u0131r. Bu kulakl\u0131k, g\u00fcvenlik ve e\u011flenceyi ayn\u0131 anda sunmak isteyen s\u00fcr\u00fcc\u00fcler i\u00e7in ideal bir \u00e7\u00f6z\u00fcmd\u00fcr.<\/p>\n","protected":false},"excerpt":{"rendered":"<p>Su ge\u00e7irmez Bluetooth kask kulakl\u0131\u011f\u0131, IP65 koruma s\u0131n\u0131f\u0131 sayesinde ya\u011fmur ve zorlu hava ko\u015fullar\u0131nda g\u00fcvenle kullan\u0131labilir. Dayan\u0131kl\u0131 yap\u0131s\u0131 uzun \u00f6m\u00fcrl\u00fc kullan\u0131m sa\u011flar.Bluetooth 5.3 teknolojisi ve Qualcomm \u00e7ipset deste\u011fi, h\u0131zl\u0131 ba\u011flant\u0131 ve y\u00fcksek ses kalitesi sunar. G\u00fcr\u00fclt\u00fc azaltma fonksiyonu, r\u00fczg\u00e2r ve motor sesini minimuma indirir. Bu sayede hem g\u00f6r\u00fc\u015fme kalitesi hem de m\u00fczik deneyimi artar.Dahili 1000mAh&#8230;<\/p>\n","protected":false},"featured_media":129565,"comment_status":"open","ping_status":"closed","template":"","meta":{"_kad_post_transparent":"","_kad_post_title":"","_kad_post_layout":"","_kad_post_sidebar_id":"","_kad_post_content_style":"","_kad_post_vertical_padding":"","_kad_post_feature":"","_kad_post_feature_position":"","_kad_post_header":false,"_kad_post_footer":false,"_kad_post_classname":""},"product_brand":[],"product_cat":[15010],"product_tag":[],"class_list":{"0":"post-129566","1":"product","2":"type-product","3":"status-publish","4":"has-post-thumbnail","6":"product_cat-intercom-intercom","8":"first","9":"instock","10":"purchasable","11":"product-type-simple","12":"entry","13":"content-bg","14":"loop-entry"},"_links":{"self":[{"href":"https:\/\/www.hediyepazar.com\/index.php?rest_route=\/wp\/v2\/product\/129566","targetHints":{"allow":["GET"]}}],"collection":[{"href":"https:\/\/www.hediyepazar.com\/index.php?rest_route=\/wp\/v2\/product"}],"about":[{"href":"https:\/\/www.hediyepazar.com\/index.php?rest_route=\/wp\/v2\/types\/product"}],"replies":[{"embeddable":true,"href":"https:\/\/www.hediyepazar.com\/index.php?rest_route=%2Fwp%2Fv2%2Fcomments&post=129566"}],"wp:featuredmedia":[{"embeddable":true,"href":"https:\/\/www.hediyepazar.com\/index.php?rest_route=\/wp\/v2\/media\/129565"}],"wp:attachment":[{"href":"https:\/\/www.hediyepazar.com\/index.php?rest_route=%2Fwp%2Fv2%2Fmedia&parent=129566"}],"wp:term":[{"taxonomy":"product_brand","embeddable":true,"href":"https:\/\/www.hediyepazar.com\/index.php?rest_route=%2Fwp%2Fv2%2Fproduct_brand&post=129566"},{"taxonomy":"product_cat","embeddable":true,"href":"https:\/\/www.hediyepazar.com\/index.php?rest_route=%2Fwp%2Fv2%2Fproduct_cat&post=129566"},{"taxonomy":"product_tag","embeddable":true,"href":"https:\/\/www.hediyepazar.com\/index.php?rest_route=%2Fwp%2Fv2%2Fproduct_tag&post=129566"}],"curies":[{"name":"wp","href":"https:\/\/api.w.org\/{rel}","templated":true}]}}