{"id":129570,"date":"2026-05-07T05:28:38","date_gmt":"2026-05-07T08:28:38","guid":{"rendered":"https:\/\/www.hediyepazar.com\/?product=pilli-para-atma-oyuncagi-parti-icin-uygun-2"},"modified":"2026-05-07T05:28:38","modified_gmt":"2026-05-07T08:28:38","slug":"pilli-para-atma-oyuncagi-parti-icin-uygun-2","status":"publish","type":"product","link":"https:\/\/www.hediyepazar.com\/?product=pilli-para-atma-oyuncagi-parti-icin-uygun-2","title":{"rendered":"Pilli Para Atma Oyunca\u011f\u0131 Parti \u0130\u00e7in Uygun"},"content":{"rendered":"<p>Para atan oyuncak tabanca, klasik oyuncaklardan s\u0131k\u0131lanlar ve farkl\u0131 bir deneyim ya\u015famak isteyenler i\u00e7in ideal bir \u00fcr\u00fcnd\u00fcr. \u00d6zellikle sosyal ortamlarda e\u011flenceyi art\u0131r\u0131r, \u00e7ocuklar kadar yeti\u015fkinler i\u00e7in de dikkat \u00e7ekicidir.Kolay kullan\u0131m sunan bu oyuncak, pille \u00e7al\u0131\u015ft\u0131\u011f\u0131 i\u00e7in kablo gerektirmez.  paralar\u0131 i\u00e7erisine yerle\u015ftirip kapa\u011f\u0131 bast\u0131rarak \u00e7al\u0131\u015ft\u0131rman\u0131z yeterlidir. Teti\u011fe bast\u0131\u011f\u0131n\u0131z anda paralar havada u\u00e7u\u015fmaya ba\u015flar.G\u00fc\u00e7l\u00fc motoru sayesinde seri \u015fekilde at\u0131\u015f yapar ve hem \u00e7ocuklar hem de yeti\u015fkinler taraf\u0131ndan g\u00fcvenle kullan\u0131labilir. 130 sahte para ile birlikte g\u00f6nderilir. Dilerseniz kendi oyun paralar\u0131n\u0131z\u0131 da kullanabilirsiniz.&nbsp;<\/p>\n","protected":false},"excerpt":{"rendered":"<p>Para atan oyuncak tabanca, klasik oyuncaklardan s\u0131k\u0131lanlar ve farkl\u0131 bir deneyim ya\u015famak isteyenler i\u00e7in ideal bir \u00fcr\u00fcnd\u00fcr. \u00d6zellikle sosyal ortamlarda e\u011flenceyi art\u0131r\u0131r, \u00e7ocuklar kadar yeti\u015fkinler i\u00e7in de dikkat \u00e7ekicidir.Kolay kullan\u0131m sunan bu oyuncak, pille \u00e7al\u0131\u015ft\u0131\u011f\u0131 i\u00e7in kablo gerektirmez. paralar\u0131 i\u00e7erisine yerle\u015ftirip kapa\u011f\u0131 bast\u0131rarak \u00e7al\u0131\u015ft\u0131rman\u0131z yeterlidir. Teti\u011fe bast\u0131\u011f\u0131n\u0131z anda paralar havada u\u00e7u\u015fmaya ba\u015flar.G\u00fc\u00e7l\u00fc motoru sayesinde seri&#8230;<\/p>\n","protected":false},"featured_media":129569,"comment_status":"open","ping_status":"closed","template":"","meta":{"_kad_post_transparent":"","_kad_post_title":"","_kad_post_layout":"","_kad_post_sidebar_id":"","_kad_post_content_style":"","_kad_post_vertical_padding":"","_kad_post_feature":"","_kad_post_feature_position":"","_kad_post_header":false,"_kad_post_footer":false,"_kad_post_classname":""},"product_brand":[],"product_cat":[15040],"product_tag":[],"class_list":{"0":"post-129570","1":"product","2":"type-product","3":"status-publish","4":"has-post-thumbnail","6":"product_cat-parti-maskesi-ve-gozlugu-parti-maskesi-ve-gozlugu","8":"first","9":"instock","10":"purchasable","11":"product-type-simple","12":"entry","13":"content-bg","14":"loop-entry"},"_links":{"self":[{"href":"https:\/\/www.hediyepazar.com\/index.php?rest_route=\/wp\/v2\/product\/129570","targetHints":{"allow":["GET"]}}],"collection":[{"href":"https:\/\/www.hediyepazar.com\/index.php?rest_route=\/wp\/v2\/product"}],"about":[{"href":"https:\/\/www.hediyepazar.com\/index.php?rest_route=\/wp\/v2\/types\/product"}],"replies":[{"embeddable":true,"href":"https:\/\/www.hediyepazar.com\/index.php?rest_route=%2Fwp%2Fv2%2Fcomments&post=129570"}],"wp:featuredmedia":[{"embeddable":true,"href":"https:\/\/www.hediyepazar.com\/index.php?rest_route=\/wp\/v2\/media\/129569"}],"wp:attachment":[{"href":"https:\/\/www.hediyepazar.com\/index.php?rest_route=%2Fwp%2Fv2%2Fmedia&parent=129570"}],"wp:term":[{"taxonomy":"product_brand","embeddable":true,"href":"https:\/\/www.hediyepazar.com\/index.php?rest_route=%2Fwp%2Fv2%2Fproduct_brand&post=129570"},{"taxonomy":"product_cat","embeddable":true,"href":"https:\/\/www.hediyepazar.com\/index.php?rest_route=%2Fwp%2Fv2%2Fproduct_cat&post=129570"},{"taxonomy":"product_tag","embeddable":true,"href":"https:\/\/www.hediyepazar.com\/index.php?rest_route=%2Fwp%2Fv2%2Fproduct_tag&post=129570"}],"curies":[{"name":"wp","href":"https:\/\/api.w.org\/{rel}","templated":true}]}}