{"id":129580,"date":"2026-05-07T05:29:11","date_gmt":"2026-05-07T08:29:11","guid":{"rendered":"https:\/\/www.hediyepazar.com\/?product=super-gun"},"modified":"2026-05-07T05:29:11","modified_gmt":"2026-05-07T08:29:11","slug":"super-gun","status":"publish","type":"product","link":"https:\/\/www.hediyepazar.com\/?product=super-gun","title":{"rendered":"SUPER GUN"},"content":{"rendered":"<p>\u00c7ocuklar i\u00e7in hem e\u011fitici hem de e\u011flenceli bir alternatif sunan bu para f\u0131rlatma oyunca\u011f\u0131, minik ellerin b\u00fcy\u00fck keyif alaca\u011f\u0131 \u015fekilde tasarlanm\u0131\u015ft\u0131r. 6 ya\u015f ve \u00fczeri \u00e7ocuklar\u0131n g\u00fcvenle kullanabilece\u011fi \u00fcr\u00fcn, renkli ve dikkat \u00e7ekici tasar\u0131m\u0131yla oyun zamanlar\u0131n\u0131 daha e\u011flenceli hale getirir. Ger\u00e7ek para hissini and\u0131ran k\u00e2\u011f\u0131tlar\u0131n f\u0131rlat\u0131lmas\u0131yla \u00e7al\u0131\u015fan mekanizma, \u00e7ocuklar\u0131n hayal g\u00fcc\u00fcn\u00fc canland\u0131r\u0131rken ayn\u0131 zamanda ince motor becerilerini ve koordinasyon yetilerini de geli\u015ftirir.Oyuncak, parti ortamlar\u0131nda, do\u011fum g\u00fcn\u00fc kutlamalar\u0131nda veya a\u00e7\u0131k hava aktivitelerinde hareketli ve sosyal bir oyun deneyimi sunar. Kalabal\u0131k oyun gruplar\u0131nda rekabet ve i\u015f birli\u011fi duygular\u0131n\u0131 ayn\u0131 anda ya\u015fayarak arkada\u015flar\u0131yla ba\u011flar\u0131n\u0131 g\u00fc\u00e7lendirebilirler. Kullan\u0131m kolayl\u0131\u011f\u0131 sa\u011flayan kompakt yap\u0131s\u0131 ve hafifli\u011fi sayesinde \u00fcr\u00fcn rahatl\u0131kla ta\u015f\u0131nabilir ve tek ba\u015f\u0131na da keyifle oynanabilir.Sa\u011flam malzeme yap\u0131s\u0131yla uzun \u00f6m\u00fcrl\u00fc olan bu oyuncak, oyun al\u0131\u015fkanl\u0131klar\u0131n\u0131 desteklemenin yan\u0131 s\u0131ra g\u00fcvenlik a\u00e7\u0131s\u0131ndan da g\u00f6n\u00fcl rahatl\u0131\u011f\u0131yla tercih edilebilir. E\u011flenceli mekanizmas\u0131 ve \u00e7ocuklara uygun ergonomik tasar\u0131m\u0131yla bu \u00fcr\u00fcn, hem ebeveynlerin hem de \u00e7ocuklar\u0131n favori oyuncaklar\u0131 aras\u0131nda yer almaya adayd\u0131r.<\/p>\n","protected":false},"excerpt":{"rendered":"<p>\u00c7ocuklar i\u00e7in hem e\u011fitici hem de e\u011flenceli bir alternatif sunan bu para f\u0131rlatma oyunca\u011f\u0131, minik ellerin b\u00fcy\u00fck keyif alaca\u011f\u0131 \u015fekilde tasarlanm\u0131\u015ft\u0131r. 6 ya\u015f ve \u00fczeri \u00e7ocuklar\u0131n g\u00fcvenle kullanabilece\u011fi \u00fcr\u00fcn, renkli ve dikkat \u00e7ekici tasar\u0131m\u0131yla oyun zamanlar\u0131n\u0131 daha e\u011flenceli hale getirir. Ger\u00e7ek para hissini and\u0131ran k\u00e2\u011f\u0131tlar\u0131n f\u0131rlat\u0131lmas\u0131yla \u00e7al\u0131\u015fan mekanizma, \u00e7ocuklar\u0131n hayal g\u00fcc\u00fcn\u00fc canland\u0131r\u0131rken ayn\u0131 zamanda ince&#8230;<\/p>\n","protected":false},"featured_media":129579,"comment_status":"open","ping_status":"closed","template":"","meta":{"_kad_post_transparent":"","_kad_post_title":"","_kad_post_layout":"","_kad_post_sidebar_id":"","_kad_post_content_style":"","_kad_post_vertical_padding":"","_kad_post_feature":"","_kad_post_feature_position":"","_kad_post_header":false,"_kad_post_footer":false,"_kad_post_classname":""},"product_brand":[],"product_cat":[15040],"product_tag":[],"class_list":{"0":"post-129580","1":"product","2":"type-product","3":"status-publish","4":"has-post-thumbnail","6":"product_cat-parti-maskesi-ve-gozlugu-parti-maskesi-ve-gozlugu","8":"first","9":"instock","10":"purchasable","11":"product-type-simple","12":"entry","13":"content-bg","14":"loop-entry"},"_links":{"self":[{"href":"https:\/\/www.hediyepazar.com\/index.php?rest_route=\/wp\/v2\/product\/129580","targetHints":{"allow":["GET"]}}],"collection":[{"href":"https:\/\/www.hediyepazar.com\/index.php?rest_route=\/wp\/v2\/product"}],"about":[{"href":"https:\/\/www.hediyepazar.com\/index.php?rest_route=\/wp\/v2\/types\/product"}],"replies":[{"embeddable":true,"href":"https:\/\/www.hediyepazar.com\/index.php?rest_route=%2Fwp%2Fv2%2Fcomments&post=129580"}],"wp:featuredmedia":[{"embeddable":true,"href":"https:\/\/www.hediyepazar.com\/index.php?rest_route=\/wp\/v2\/media\/129579"}],"wp:attachment":[{"href":"https:\/\/www.hediyepazar.com\/index.php?rest_route=%2Fwp%2Fv2%2Fmedia&parent=129580"}],"wp:term":[{"taxonomy":"product_brand","embeddable":true,"href":"https:\/\/www.hediyepazar.com\/index.php?rest_route=%2Fwp%2Fv2%2Fproduct_brand&post=129580"},{"taxonomy":"product_cat","embeddable":true,"href":"https:\/\/www.hediyepazar.com\/index.php?rest_route=%2Fwp%2Fv2%2Fproduct_cat&post=129580"},{"taxonomy":"product_tag","embeddable":true,"href":"https:\/\/www.hediyepazar.com\/index.php?rest_route=%2Fwp%2Fv2%2Fproduct_tag&post=129580"}],"curies":[{"name":"wp","href":"https:\/\/api.w.org\/{rel}","templated":true}]}}